{"id":6127,"date":"2024-01-03T20:18:18","date_gmt":"2024-01-03T19:18:18","guid":{"rendered":"https:\/\/kontraktacja.larix.com.pl\/cz-fw2026\/?page_id=6127"},"modified":"2026-01-13T10:12:18","modified_gmt":"2026-01-13T09:12:18","slug":"katalogy","status":"publish","type":"page","link":"https:\/\/kontraktacja.larix.com.pl\/cz-fw2026\/tyr\/katalogy\/","title":{"rendered":"TYR Katalogy"},"content":{"rendered":"<section class=\"wpb-content-wrapper\"><p>[vc_row row_height_percent=&#8220;0&#8243; override_padding=&#8220;yes&#8220; h_padding=&#8220;2&#8243; top_padding=&#8220;5&#8243; bottom_padding=&#8220;5&#8243; overlay_alpha=&#8220;50&#8243; gutter_size=&#8220;3&#8243; column_width_percent=&#8220;100&#8243; shift_y=&#8220;0&#8243; z_index=&#8220;0&#8243;][vc_column column_width_use_pixel=&#8220;yes&#8220; align_horizontal=&#8220;align_center&#8220; gutter_size=&#8220;3&#8243; overlay_alpha=&#8220;50&#8243; shift_x=&#8220;0&#8243; shift_y=&#8220;0&#8243; shift_y_down=&#8220;0&#8243; z_index=&#8220;0&#8243; medium_width=&#8220;0&#8243; mobile_width=&#8220;0&#8243; width=&#8220;1\/1&#8243; column_width_pixel=&#8220;900&#8243;][uncode_block id=&#8220;6145&#8243;][vc_custom_heading heading_semantic=&#8220;h3&#8243; text_size=&#8220;fontsize-106533&#8243;]Zna\u010dka TYR | Katalogy ke sta\u017een\u00ed<br \/>\n[\/vc_custom_heading][\/vc_column][\/vc_row][vc_row row_height_percent=&#8220;30&#8243; override_padding=&#8220;yes&#8220; h_padding=&#8220;2&#8243; top_padding=&#8220;2&#8243; bottom_padding=&#8220;2&#8243; overlay_alpha=&#8220;50&#8243; gutter_size=&#8220;3&#8243; column_width_percent=&#8220;100&#8243; shift_y=&#8220;0&#8243; z_index=&#8220;0&#8243;][vc_column column_width_use_pixel=&#8220;yes&#8220; position_vertical=&#8220;middle&#8220; align_horizontal=&#8220;align_center&#8220; gutter_size=&#8220;3&#8243; overlay_alpha=&#8220;50&#8243; shift_x=&#8220;0&#8243; shift_y=&#8220;0&#8243; shift_y_down=&#8220;0&#8243; z_index=&#8220;0&#8243; medium_width=&#8220;0&#8243; mobile_width=&#8220;0&#8243; width=&#8220;1\/1&#8243; column_width_pixel=&#8220;900&#8243;][vc_custom_heading heading_semantic=&#8220;h3&#8243; text_size=&#8220;fontsize-106533&#8243;]Zna\u010dka TYR | Katalogy ke sta\u017een\u00ed[\/vc_custom_heading][\/vc_column][\/vc_row][vc_row row_height_percent=&#8220;50&#8243; override_padding=&#8220;yes&#8220; h_padding=&#8220;2&#8243; top_padding=&#8220;2&#8243; bottom_padding=&#8220;2&#8243; overlay_alpha=&#8220;50&#8243; gutter_size=&#8220;4&#8243; column_width_percent=&#8220;100&#8243; shift_y=&#8220;0&#8243; z_index=&#8220;0&#8243; shape_dividers=&#8220;&#8220;][vc_column column_width_percent=&#8220;90&#8243; gutter_size=&#8220;3&#8243; overlay_alpha=&#8220;50&#8243; shift_x=&#8220;0&#8243; shift_y=&#8220;0&#8243; shift_y_down=&#8220;0&#8243; z_index=&#8220;0&#8243; medium_width=&#8220;0&#8243; mobile_width=&#8220;0&#8243; width=&#8220;1\/2&#8243;][vc_single_image media=&#8220;7141&#8243; media_width_percent=&#8220;100&#8243; shadow=&#8220;yes&#8220; media_link=&#8220;url:https%3A%2F%2Fkontraktacja.larix.com.pl%2Fcz-fw2026%2Fwp-content%2Fuploads%2Fsites%2F28%2F2026%2F01%2FTYR_FOOTWEAR_KATALOG_AW2627.pdf|target:_blank&#8220;][\/vc_column][vc_column column_width_use_pixel=&#8220;yes&#8220; position_vertical=&#8220;middle&#8220; gutter_size=&#8220;3&#8243; overlay_alpha=&#8220;50&#8243; shift_x=&#8220;0&#8243; shift_y=&#8220;0&#8243; shift_y_down=&#8220;0&#8243; z_index=&#8220;0&#8243; medium_width=&#8220;0&#8243; mobile_width=&#8220;0&#8243; width=&#8220;1\/2&#8243; column_width_pixel=&#8220;900&#8243;][vc_custom_heading heading_semantic=&#8220;h3&#8243; text_size=&#8220;fontsize-106533&#8243; subheading=&#8220;FOOTWEAR&#8220;]TYR AW 2026\/27[\/vc_custom_heading][vc_row_inner limit_content=&#8220;&#8220;][vc_column_inner column_width_percent=&#8220;100&#8243; gutter_size=&#8220;3&#8243; overlay_alpha=&#8220;50&#8243; shift_x=&#8220;0&#8243; shift_y=&#8220;0&#8243; shift_y_down=&#8220;0&#8243; z_index=&#8220;0&#8243; medium_width=&#8220;0&#8243; mobile_width=&#8220;0&#8243; width=&#8220;1\/2&#8243;][vc_button button_color=&#8220;color-122329&#8243; border_width=&#8220;0&#8243; link=&#8220;url:https%3A%2F%2Fkontraktacja.larix.com.pl%2Fcz-fw2026%2Fwp-content%2Fuploads%2Fsites%2F28%2F2026%2F01%2FTYR_FOOTWEAR_KATALOG_AW2627.pdf|target:_blank&#8220;]Zobacz katalog[\/vc_button][\/vc_column_inner][vc_column_inner column_width_percent=&#8220;100&#8243; gutter_size=&#8220;3&#8243; overlay_alpha=&#8220;50&#8243; shift_x=&#8220;0&#8243; shift_y=&#8220;0&#8243; shift_y_down=&#8220;0&#8243; z_index=&#8220;0&#8243; medium_width=&#8220;0&#8243; mobile_width=&#8220;0&#8243; width=&#8220;1\/2&#8243;][vc_button button_color=&#8220;color-122329&#8243; border_width=&#8220;0&#8243; link=&#8220;url:https%3A%2F%2Fkontraktacja.larix.com.pl%2Fcz-fw2026%2Fwp-content%2Fuploads%2Fsites%2F28%2F2026%2F01%2FTYR_FOOTWEAR_KATALOG_AW2627.pdf|target:_blank&#8220; el_class=&#8220;download&#8220;]Pobierz katalog[\/vc_button][\/vc_column_inner][\/vc_row_inner][\/vc_column][\/vc_row][vc_row row_height_percent=&#8220;50&#8243; override_padding=&#8220;yes&#8220; h_padding=&#8220;2&#8243; top_padding=&#8220;2&#8243; bottom_padding=&#8220;2&#8243; overlay_alpha=&#8220;50&#8243; gutter_size=&#8220;4&#8243; column_width_percent=&#8220;100&#8243; shift_y=&#8220;0&#8243; z_index=&#8220;0&#8243; el_class=&#8220;inverted-device-order&#8220; shape_dividers=&#8220;&#8220;][vc_column column_width_use_pixel=&#8220;yes&#8220; position_vertical=&#8220;middle&#8220; align_horizontal=&#8220;align_right&#8220; gutter_size=&#8220;3&#8243; overlay_alpha=&#8220;50&#8243; shift_x=&#8220;0&#8243; shift_y=&#8220;0&#8243; shift_y_down=&#8220;0&#8243; z_index=&#8220;0&#8243; medium_width=&#8220;0&#8243; align_mobile=&#8220;align_left_mobile&#8220; mobile_width=&#8220;0&#8243; width=&#8220;1\/2&#8243; column_width_pixel=&#8220;900&#8243;][vc_custom_heading heading_semantic=&#8220;h3&#8243; text_size=&#8220;fontsize-106533&#8243; subheading=&#8220;HARDGOODS&#8220;]TYR AW 2026\/27[\/vc_custom_heading][vc_row_inner limit_content=&#8220;&#8220;][vc_column_inner column_width_percent=&#8220;100&#8243; align_horizontal=&#8220;align_right&#8220; gutter_size=&#8220;3&#8243; overlay_alpha=&#8220;50&#8243; shift_x=&#8220;0&#8243; shift_y=&#8220;0&#8243; shift_y_down=&#8220;0&#8243; z_index=&#8220;0&#8243; medium_width=&#8220;0&#8243; mobile_width=&#8220;0&#8243; width=&#8220;1\/2&#8243;][vc_button button_color=&#8220;color-122329&#8243; border_width=&#8220;0&#8243; link=&#8220;url:https%3A%2F%2Fkontraktacja.larix.com.pl%2Fcz-fw2026%2Fwp-content%2Fuploads%2Fsites%2F28%2F2026%2F01%2FTYR_HARDGOODS_KATALOG_AW2627.pdf|target:_blank&#8220;]Zobacz katalog[\/vc_button][\/vc_column_inner][vc_column_inner column_width_percent=&#8220;100&#8243; align_horizontal=&#8220;align_right&#8220; gutter_size=&#8220;3&#8243; overlay_alpha=&#8220;50&#8243; shift_x=&#8220;0&#8243; shift_y=&#8220;0&#8243; shift_y_down=&#8220;0&#8243; z_index=&#8220;0&#8243; medium_width=&#8220;0&#8243; mobile_width=&#8220;0&#8243; width=&#8220;1\/2&#8243;][vc_button button_color=&#8220;color-122329&#8243; border_width=&#8220;0&#8243; link=&#8220;url:https%3A%2F%2Fkontraktacja.larix.com.pl%2Fcz-fw2026%2Fwp-content%2Fuploads%2Fsites%2F28%2F2026%2F01%2FTYR_HARDGOODS_KATALOG_AW2627.pdf|target:_blank&#8220; el_class=&#8220;download&#8220;]Pobierz katalog[\/vc_button][\/vc_column_inner][\/vc_row_inner][\/vc_column][vc_column width=&#8220;1\/2&#8243;][vc_single_image media=&#8220;7142&#8243; media_width_percent=&#8220;100&#8243; media_ratio=&#8220;four-three&#8220; media_link=&#8220;url:https%3A%2F%2Fkontraktacja.larix.com.pl%2Fcz-fw2026%2Fwp-content%2Fuploads%2Fsites%2F28%2F2026%2F01%2FTYR_HARDGOODS_KATALOG_AW2627.pdf|target:_blank&#8220;][\/vc_column][\/vc_row][vc_row row_height_percent=&#8220;50&#8243; override_padding=&#8220;yes&#8220; h_padding=&#8220;2&#8243; top_padding=&#8220;2&#8243; bottom_padding=&#8220;2&#8243; overlay_alpha=&#8220;50&#8243; gutter_size=&#8220;4&#8243; column_width_percent=&#8220;100&#8243; shift_y=&#8220;0&#8243; z_index=&#8220;0&#8243; shape_dividers=&#8220;&#8220;][vc_column column_width_percent=&#8220;90&#8243; gutter_size=&#8220;3&#8243; overlay_alpha=&#8220;50&#8243; shift_x=&#8220;0&#8243; shift_y=&#8220;0&#8243; shift_y_down=&#8220;0&#8243; z_index=&#8220;0&#8243; medium_width=&#8220;0&#8243; mobile_width=&#8220;0&#8243; width=&#8220;1\/2&#8243;][vc_single_image media=&#8220;7144&#8243; media_width_percent=&#8220;100&#8243; shadow=&#8220;yes&#8220; media_link=&#8220;url:https%3A%2F%2Fkontraktacja.larix.com.pl%2Fcz-fw2026%2Fwp-content%2Fuploads%2Fsites%2F28%2F2026%2F01%2FTYR_SWIM_SUITES_KATALOG_AW2627.pdf|target:_blank&#8220;][\/vc_column][vc_column column_width_use_pixel=&#8220;yes&#8220; position_vertical=&#8220;middle&#8220; gutter_size=&#8220;3&#8243; overlay_alpha=&#8220;50&#8243; shift_x=&#8220;0&#8243; shift_y=&#8220;0&#8243; shift_y_down=&#8220;0&#8243; z_index=&#8220;0&#8243; medium_width=&#8220;0&#8243; mobile_width=&#8220;0&#8243; width=&#8220;1\/2&#8243; column_width_pixel=&#8220;900&#8243;][vc_custom_heading heading_semantic=&#8220;h3&#8243; text_size=&#8220;fontsize-106533&#8243; subheading=&#8220;SWIM SUITES&#8220;]TYR AW 2026\/27[\/vc_custom_heading][vc_row_inner limit_content=&#8220;&#8220;][vc_column_inner column_width_percent=&#8220;100&#8243; gutter_size=&#8220;3&#8243; overlay_alpha=&#8220;50&#8243; shift_x=&#8220;0&#8243; shift_y=&#8220;0&#8243; shift_y_down=&#8220;0&#8243; z_index=&#8220;0&#8243; medium_width=&#8220;0&#8243; mobile_width=&#8220;0&#8243; width=&#8220;1\/2&#8243;][vc_button button_color=&#8220;color-122329&#8243; border_width=&#8220;0&#8243; link=&#8220;url:https%3A%2F%2Fkontraktacja.larix.com.pl%2Fcz-fw2026%2Fwp-content%2Fuploads%2Fsites%2F28%2F2026%2F01%2FTYR_SWIM_SUITES_KATALOG_AW2627.pdf|target:_blank&#8220;]Zobacz katalog[\/vc_button][\/vc_column_inner][vc_column_inner column_width_percent=&#8220;100&#8243; gutter_size=&#8220;3&#8243; overlay_alpha=&#8220;50&#8243; shift_x=&#8220;0&#8243; shift_y=&#8220;0&#8243; shift_y_down=&#8220;0&#8243; z_index=&#8220;0&#8243; medium_width=&#8220;0&#8243; mobile_width=&#8220;0&#8243; width=&#8220;1\/2&#8243;][vc_button button_color=&#8220;color-122329&#8243; border_width=&#8220;0&#8243; link=&#8220;url:https%3A%2F%2Fkontraktacja.larix.com.pl%2Fcz-fw2026%2Fwp-content%2Fuploads%2Fsites%2F28%2F2026%2F01%2FTYR_SWIM_SUITES_KATALOG_AW2627.pdf|target:_blank&#8220; el_class=&#8220;download&#8220;]Pobierz katalog[\/vc_button][\/vc_column_inner][\/vc_row_inner][\/vc_column][\/vc_row][vc_row row_height_percent=&#8220;50&#8243; override_padding=&#8220;yes&#8220; h_padding=&#8220;2&#8243; top_padding=&#8220;2&#8243; bottom_padding=&#8220;2&#8243; overlay_alpha=&#8220;50&#8243; gutter_size=&#8220;4&#8243; column_width_percent=&#8220;100&#8243; shift_y=&#8220;0&#8243; z_index=&#8220;0&#8243; el_class=&#8220;inverted-device-order&#8220; shape_dividers=&#8220;&#8220;][vc_column column_width_use_pixel=&#8220;yes&#8220; position_vertical=&#8220;middle&#8220; align_horizontal=&#8220;align_right&#8220; gutter_size=&#8220;3&#8243; overlay_alpha=&#8220;50&#8243; shift_x=&#8220;0&#8243; shift_y=&#8220;0&#8243; shift_y_down=&#8220;0&#8243; z_index=&#8220;0&#8243; medium_width=&#8220;0&#8243; align_mobile=&#8220;align_left_mobile&#8220; mobile_width=&#8220;0&#8243; width=&#8220;1\/2&#8243; column_width_pixel=&#8220;900&#8243;][vc_custom_heading heading_semantic=&#8220;h3&#8243; text_size=&#8220;fontsize-106533&#8243; subheading=&#8220;TECHNICAL SUITES&#8220;]TYR AW 2026\/27[\/vc_custom_heading][vc_row_inner limit_content=&#8220;&#8220;][vc_column_inner column_width_percent=&#8220;100&#8243; align_horizontal=&#8220;align_right&#8220; gutter_size=&#8220;3&#8243; overlay_alpha=&#8220;50&#8243; shift_x=&#8220;0&#8243; shift_y=&#8220;0&#8243; shift_y_down=&#8220;0&#8243; z_index=&#8220;0&#8243; medium_width=&#8220;0&#8243; mobile_width=&#8220;0&#8243; width=&#8220;1\/2&#8243;][vc_button button_color=&#8220;color-122329&#8243; border_width=&#8220;0&#8243; link=&#8220;url:https%3A%2F%2Fkontraktacja.larix.com.pl%2Fcz-fw2026%2Fwp-content%2Fuploads%2Fsites%2F28%2F2026%2F01%2FTYR_TECHNICAL_SUITES_KATALOG_AW2627.pdf|target:_blank&#8220;]Zobacz katalog[\/vc_button][\/vc_column_inner][vc_column_inner column_width_percent=&#8220;100&#8243; align_horizontal=&#8220;align_right&#8220; gutter_size=&#8220;3&#8243; overlay_alpha=&#8220;50&#8243; shift_x=&#8220;0&#8243; shift_y=&#8220;0&#8243; shift_y_down=&#8220;0&#8243; z_index=&#8220;0&#8243; medium_width=&#8220;0&#8243; mobile_width=&#8220;0&#8243; width=&#8220;1\/2&#8243;][vc_button button_color=&#8220;color-122329&#8243; border_width=&#8220;0&#8243; link=&#8220;url:https%3A%2F%2Fkontraktacja.larix.com.pl%2Fcz-fw2026%2Fwp-content%2Fuploads%2Fsites%2F28%2F2026%2F01%2FTYR_TECHNICAL_SUITES_KATALOG_AW2627.pdf|target:_blank&#8220; el_class=&#8220;download&#8220;]Pobierz katalog[\/vc_button][\/vc_column_inner][\/vc_row_inner][\/vc_column][vc_column width=&#8220;1\/2&#8243;][vc_single_image media=&#8220;7146&#8243; media_width_percent=&#8220;100&#8243; media_ratio=&#8220;four-three&#8220; media_link=&#8220;url:https%3A%2F%2Fkontraktacja.larix.com.pl%2Fcz-fw2026%2Fwp-content%2Fuploads%2Fsites%2F28%2F2026%2F01%2FTYR_TECHNICAL_SUITES_KATALOG_AW2627.pdf|target:_blank&#8220;][\/vc_column][\/vc_row]<\/p>\n<\/section>","protected":false},"excerpt":{"rendered":"<p>[vc_row row_height_percent=&#8220;0&#8243; override_padding=&#8220;yes&#8220; h_padding=&#8220;2&#8243; top_padding=&#8220;5&#8243; bottom_padding=&#8220;5&#8243; overlay_alpha=&#8220;50&#8243; gutter_size=&#8220;3&#8243; column_width_percent=&#8220;100&#8243; shift_y=&#8220;0&#8243; z_index=&#8220;0&#8243;][vc_column column_width_use_pixel=&#8220;yes&#8220; align_horizontal=&#8220;align_center&#8220; gutter_size=&#8220;3&#8243; overlay_alpha=&#8220;50&#8243; shift_x=&#8220;0&#8243; shift_y=&#8220;0&#8243; shift_y_down=&#8220;0&#8243; z_index=&#8220;0&#8243; medium_width=&#8220;0&#8243; [&hellip;]<\/p>\n","protected":false},"author":2,"featured_media":0,"parent":6126,"menu_order":0,"comment_status":"closed","ping_status":"closed","template":"","meta":[],"_links":{"self":[{"href":"https:\/\/kontraktacja.larix.com.pl\/cz-fw2026\/wp-json\/wp\/v2\/pages\/6127"}],"collection":[{"href":"https:\/\/kontraktacja.larix.com.pl\/cz-fw2026\/wp-json\/wp\/v2\/pages"}],"about":[{"href":"https:\/\/kontraktacja.larix.com.pl\/cz-fw2026\/wp-json\/wp\/v2\/types\/page"}],"author":[{"embeddable":true,"href":"https:\/\/kontraktacja.larix.com.pl\/cz-fw2026\/wp-json\/wp\/v2\/users\/2"}],"replies":[{"embeddable":true,"href":"https:\/\/kontraktacja.larix.com.pl\/cz-fw2026\/wp-json\/wp\/v2\/comments?post=6127"}],"version-history":[{"count":22,"href":"https:\/\/kontraktacja.larix.com.pl\/cz-fw2026\/wp-json\/wp\/v2\/pages\/6127\/revisions"}],"predecessor-version":[{"id":7148,"href":"https:\/\/kontraktacja.larix.com.pl\/cz-fw2026\/wp-json\/wp\/v2\/pages\/6127\/revisions\/7148"}],"up":[{"embeddable":true,"href":"https:\/\/kontraktacja.larix.com.pl\/cz-fw2026\/wp-json\/wp\/v2\/pages\/6126"}],"wp:attachment":[{"href":"https:\/\/kontraktacja.larix.com.pl\/cz-fw2026\/wp-json\/wp\/v2\/media?parent=6127"}],"curies":[{"name":"wp","href":"https:\/\/api.w.org\/{rel}","templated":true}]}}