{"id":28,"date":"2020-06-23T14:34:33","date_gmt":"2020-06-23T12:34:33","guid":{"rendered":"http:\/\/larix.ageno.work\/?page_id=28"},"modified":"2025-05-26T11:28:37","modified_gmt":"2025-05-26T09:28:37","slug":"strona-glowna","status":"publish","type":"page","link":"https:\/\/kontraktacja.larix.com.pl\/cz-ss2027\/","title":{"rendered":"Strona g\u0142\u00f3wna"},"content":{"rendered":"<section class=\"wpb-content-wrapper\"><p>[vc_row row_height_percent=&#8220;80&#8243; override_padding=&#8220;yes&#8220; h_padding=&#8220;1&#8243; top_padding=&#8220;0&#8243; bottom_padding=&#8220;5&#8243; back_color=&#8220;color-xsdn&#8220; back_image=&#8220;7068&#8243; back_position=&#8220;center bottom&#8220; parallax=&#8220;yes&#8220; overlay_alpha=&#8220;80&#8243; equal_height=&#8220;yes&#8220; gutter_size=&#8220;4&#8243; column_width_percent=&#8220;100&#8243; shift_y=&#8220;0&#8243; z_index=&#8220;0&#8243; row_name=&#8220;hero&#8220;][vc_column column_width_percent=&#8220;100&#8243; position_horizontal=&#8220;left&#8220; position_vertical=&#8220;middle&#8220; gutter_size=&#8220;1&#8243; style=&#8220;dark&#8220; overlay_alpha=&#8220;50&#8243; shift_x=&#8220;0&#8243; shift_y=&#8220;0&#8243; shift_y_down=&#8220;0&#8243; z_index=&#8220;0&#8243; medium_width=&#8220;0&#8243; mobile_width=&#8220;0&#8243; width=&#8220;1\/1&#8243;][vc_custom_heading heading_semantic=&#8220;h3&#8243; text_font=&#8220;font-555555&#8243; text_size=&#8220;fontsize-333098&#8243; text_weight=&#8220;600&#8243; text_height=&#8220;fontheight-654666&#8243; text_color=&#8220;color-xsdn&#8220; css_animation=&#8220;bottom-t-top&#8220;]Distributor sportovn\u00edho a d\u011btsk\u00e9ho oble\u010den\u00ed a dopl\u0148k\u016f[\/vc_custom_heading][\/vc_column][\/vc_row][vc_row][vc_column column_width_percent=&#8220;100&#8243; align_horizontal=&#8220;align_center&#8220; gutter_size=&#8220;3&#8243; overlay_alpha=&#8220;50&#8243; shift_x=&#8220;0&#8243; shift_y=&#8220;0&#8243; shift_y_down=&#8220;0&#8243; z_index=&#8220;0&#8243; medium_width=&#8220;0&#8243; mobile_width=&#8220;0&#8243; width=&#8220;1\/1&#8243;][vc_custom_heading heading_semantic=&#8220;h3&#8243; text_font=&#8220;font-555555&#8243; text_size=&#8220;fontsize-106533&#8243; text_weight=&#8220;700&#8243;]Smluvn\u00ed materi\u00e1ly[\/vc_custom_heading][vc_column_text]P\u0159ejd\u011bte na konkr\u00e9tn\u00ed zna\u010dku a st\u00e1hn\u011bte si pot\u0159ebn\u00e9 materi\u00e1ly.[\/vc_column_text][vc_column_text]<\/p>\n<p style=\"color: #d2092d;\">Objedn\u00e1vky pros\u00edm zad\u00e1vejte pouze p\u0159es objedn\u00e1vkov\u00fd formul\u00e1\u0159. D\u011bkujeme.<\/p>\n<p>[\/vc_column_text][\/vc_column][\/vc_row][vc_row row_height_percent=&#8220;0&#8243; override_padding=&#8220;yes&#8220; h_padding=&#8220;2&#8243; top_padding=&#8220;0&#8243; bottom_padding=&#8220;0&#8243; overlay_alpha=&#8220;50&#8243; gutter_size=&#8220;3&#8243; column_width_percent=&#8220;100&#8243; shift_y=&#8220;0&#8243; z_index=&#8220;0&#8243;][vc_column column_width_percent=&#8220;100&#8243; gutter_size=&#8220;3&#8243; override_padding=&#8220;yes&#8220; column_padding=&#8220;0&#8243; overlay_alpha=&#8220;50&#8243; shift_x=&#8220;0&#8243; shift_y=&#8220;0&#8243; shift_y_down=&#8220;0&#8243; z_index=&#8220;0&#8243; medium_width=&#8220;0&#8243; mobile_width=&#8220;0&#8243; width=&#8220;1\/1&#8243; css=&#8220;.vc_custom_1594193333458{padding-bottom: 36px !important;}&#8220;][uncode_block id=&#8220;435&#8243;][\/vc_column][\/vc_row][vc_row row_height_percent=&#8220;0&#8243; override_padding=&#8220;yes&#8220; h_padding=&#8220;2&#8243; top_padding=&#8220;5&#8243; bottom_padding=&#8220;5&#8243; overlay_alpha=&#8220;50&#8243; gutter_size=&#8220;3&#8243; column_width_percent=&#8220;100&#8243; shift_y=&#8220;0&#8243; z_index=&#8220;2&#8243; bottom_divider=&#8220;swoosh-opacity&#8220;][vc_column column_width_use_pixel=&#8220;yes&#8220; position_vertical=&#8220;middle&#8220; align_horizontal=&#8220;align_center&#8220; gutter_size=&#8220;3&#8243; overlay_alpha=&#8220;50&#8243; shift_x=&#8220;0&#8243; shift_y=&#8220;0&#8243; shift_y_down=&#8220;0&#8243; shift_y_down_fixed=&#8220;yes&#8220; z_index=&#8220;0&#8243; medium_width=&#8220;0&#8243; align_mobile=&#8220;align_center_mobile&#8220; mobile_width=&#8220;0&#8243; width=&#8220;1\/1&#8243; column_width_pixel=&#8220;900&#8243;][vc_row_inner limit_content=&#8220;&#8220;][vc_column_inner column_width_use_pixel=&#8220;yes&#8220; align_horizontal=&#8220;align_center&#8220; gutter_size=&#8220;2&#8243; override_padding=&#8220;yes&#8220; column_padding=&#8220;0&#8243; overlay_alpha=&#8220;50&#8243; shift_x=&#8220;0&#8243; shift_y=&#8220;0&#8243; shift_y_down=&#8220;0&#8243; z_index=&#8220;0&#8243; medium_width=&#8220;0&#8243; mobile_width=&#8220;0&#8243; width=&#8220;1\/1&#8243; column_width_pixel=&#8220;900&#8243;][vc_custom_heading heading_semantic=&#8220;h3&#8243; text_font=&#8220;font-555555&#8243; text_size=&#8220;fontsize-106533&#8243; text_weight=&#8220;700&#8243;]O firm\u011b[\/vc_custom_heading][vc_column_text]<strong>LARIX<\/strong> byl zalo\u017een v roce 1993 a v sou\u010dasn\u00e9 dob\u011b obsluhuje v\u00edce ne\u017e 1100 z\u00e1kazn\u00edk\u016f po cel\u00e9m Polsku. Mezi na\u0161e z\u00e1kazn\u00edky pat\u0159\u00ed sportovn\u00ed velkoobchody a obchody, d\u011btsk\u00e9 obchody a obchodn\u00ed \u0159et\u011bzce.<\/p>\n<p><strong>VIKING\u00a0<\/strong>je polsk\u00e1 sportovn\u00ed zna\u010dka, kterou vlastn\u00ed a vyr\u00e1b\u00ed spole\u010dnost LARIX. Kombinujeme v\u00e1\u0161e\u0148 pro sport, modern\u00ed technologick\u00e1 \u0159e\u0161en\u00ed a nejaktu\u00e1ln\u011bj\u0161\u00ed trendy v barv\u00e1ch a designu. Jako zna\u010dka se siln\u00fdm vztahem k p\u0159\u00edrod\u011b a outdooru se neust\u00e1le sna\u017e\u00edme vylep\u0161ovat na\u0161e produkty pomoc\u00ed \u0159e\u0161en\u00ed \u0161etrn\u00fdch k \u017eivotn\u00edmu prost\u0159ed\u00ed, aby byly dobr\u00e9 nejen pro koncov\u00e9ho u\u017eivatele, ale tak\u00e9 pro planetu.[\/vc_column_text][\/vc_column_inner][\/vc_row_inner][\/vc_column][\/vc_row][vc_row row_height_percent=&#8220;100&#8243; back_image=&#8220;7070&#8243; overlay_alpha=&#8220;50&#8243; gutter_size=&#8220;3&#8243; column_width_percent=&#8220;100&#8243; shift_y=&#8220;0&#8243; z_index=&#8220;0&#8243;][vc_column column_width_percent=&#8220;100&#8243; align_horizontal=&#8220;align_center&#8220; gutter_size=&#8220;3&#8243; overlay_alpha=&#8220;50&#8243; shift_x=&#8220;0&#8243; shift_y=&#8220;0&#8243; shift_y_down=&#8220;0&#8243; z_index=&#8220;0&#8243; medium_width=&#8220;0&#8243; mobile_width=&#8220;0&#8243; width=&#8220;1\/1&#8243;][vc_custom_heading heading_semantic=&#8220;h3&#8243; text_font=&#8220;font-555555&#8243; text_size=&#8220;fontsize-106533&#8243; text_weight=&#8220;700&#8243;]Nav\u0161tivte n\u00e1\u0161 showroom[\/vc_custom_heading][vc_column_text]<\/p>\n<div>Na Radou\u010di 1458<br \/>\n293 01 Mlad\u00e1 Boleslav<br \/>\n\u010cesk\u00e1 Republika<\/div>\n<p>[\/vc_column_text][vc_single_image media=&#8220;7071&#8243; media_width_percent=&#8220;75&#8243; media_ratio=&#8220;sixteen-nine&#8220; alignment=&#8220;center&#8220; media_link=&#8220;||target:%20_blank|&#8220;][\/vc_column][\/vc_row][vc_row row_height_percent=&#8220;0&#8243; back_color=&#8220;color-xsdn&#8220; overlay_alpha=&#8220;50&#8243; gutter_size=&#8220;3&#8243; column_width_percent=&#8220;100&#8243; shift_y=&#8220;0&#8243; z_index=&#8220;0&#8243;][vc_column column_width_percent=&#8220;100&#8243; align_horizontal=&#8220;align_center&#8220; gutter_size=&#8220;3&#8243; overlay_alpha=&#8220;50&#8243; shift_x=&#8220;0&#8243; shift_y=&#8220;0&#8243; shift_y_down=&#8220;0&#8243; z_index=&#8220;0&#8243; medium_width=&#8220;0&#8243; mobile_width=&#8220;0&#8243; width=&#8220;1\/1&#8243;][vc_custom_heading heading_semantic=&#8220;h3&#8243; text_font=&#8220;font-555555&#8243; text_size=&#8220;fontsize-106533&#8243; text_weight=&#8220;700&#8243;]Kontakt[\/vc_custom_heading][vc_column_text text_lead=&#8220;yes&#8220;]<strong>Na\u0161i obchodn\u00ed z\u00e1stupci<\/strong>[\/vc_column_text][\/vc_column][\/vc_row][vc_row row_height_percent=&#8220;0&#8243; override_padding=&#8220;yes&#8220; h_padding=&#8220;1&#8243; top_padding=&#8220;1&#8243; bottom_padding=&#8220;1&#8243; back_color=&#8220;color-lxmt&#8220; overlay_alpha=&#8220;50&#8243; gutter_size=&#8220;4&#8243; column_width_percent=&#8220;100&#8243; shift_y=&#8220;0&#8243; z_index=&#8220;0&#8243;][vc_column column_width_percent=&#8220;100&#8243; align_horizontal=&#8220;align_center&#8220; gutter_size=&#8220;2&#8243; overlay_alpha=&#8220;50&#8243; shift_x=&#8220;0&#8243; shift_y=&#8220;0&#8243; shift_y_down=&#8220;0&#8243; z_index=&#8220;0&#8243; medium_width=&#8220;0&#8243; mobile_width=&#8220;0&#8243; width=&#8220;1\/1&#8243;][vc_gallery el_id=&#8220;gallery-144284-575-936&#8243; isotope_mode=&#8220;cellsByRow&#8220; medias=&#8220;6025,6692,6029,6023,6956,7062&#8243; gutter_size=&#8220;3&#8243; screen_lg=&#8220;1000&#8243; screen_md=&#8220;600&#8243; screen_sm=&#8220;480&#8243; single_width=&#8220;2&#8243; single_overlay_opacity=&#8220;1&#8243; single_image_anim=&#8220;no&#8220; single_h_align=&#8220;center&#8220; single_padding=&#8220;2&#8243; single_border=&#8220;yes&#8220;][\/vc_column][\/vc_row][vc_row row_height_percent=&#8220;0&#8243; overlay_alpha=&#8220;50&#8243; gutter_size=&#8220;3&#8243; column_width_percent=&#8220;100&#8243; shift_y=&#8220;0&#8243; z_index=&#8220;0&#8243; css=&#8220;.vc_custom_1594801757437{margin-top: 72px !important;margin-bottom: 72px !important;}&#8220;][vc_column width=&#8220;1\/3&#8243;][vc_row_inner limit_content=&#8220;&#8220;][vc_column_inner width=&#8220;1\/4&#8243;][vc_single_image media=&#8220;7057&#8243; media_width_percent=&#8220;100&#8243; shape=&#8220;img-circle&#8220;][\/vc_column_inner][vc_column_inner width=&#8220;3\/4&#8243;][vc_column_text]<\/p>\n<h3>Ji\u0159\u00ed Polnick\u00fd<\/h3>\n<p>Obchodn\u00ed z\u00e1stupce<br \/>\ntel. <a href=\"tel:+420 605 173 223\">+420 605 173 223<\/a><br \/>\ne-mail: <a href=\"mailto:j.polnicky@larix.com.pl\">j.polnicky@larix.com.pl<\/a>[\/vc_column_text][\/vc_column_inner][\/vc_row_inner][\/vc_column][vc_column width=&#8220;1\/3&#8243;][\/vc_column][vc_column width=&#8220;1\/3&#8243;][\/vc_column][\/vc_row][vc_row row_height_percent=&#8220;0&#8243; overlay_alpha=&#8220;50&#8243; gutter_size=&#8220;3&#8243; column_width_percent=&#8220;100&#8243; shift_y=&#8220;0&#8243; z_index=&#8220;0&#8243; css=&#8220;.vc_custom_1705662348575{padding-top: 50px !important;}&#8220;][vc_column width=&#8220;1\/1&#8243;][vc_custom_heading heading_semantic=&#8220;h3&#8243; text_font=&#8220;font-555555&#8243; text_size=&#8220;fontsize-106533&#8243; text_weight=&#8220;700&#8243;]Kontaktujte n\u00e1s![\/vc_custom_heading][\/vc_column][\/vc_row][vc_row row_height_percent=&#8220;0&#8243; overlay_alpha=&#8220;50&#8243; gutter_size=&#8220;4&#8243; column_width_percent=&#8220;100&#8243; shift_y=&#8220;0&#8243; z_index=&#8220;0&#8243; css=&#8220;.vc_custom_1594196594644{padding-top: 32px !important;padding-bottom: 72px !important;}&#8220;][vc_column width=&#8220;1\/3&#8243;]<div role=\"form\" class=\"wpcf7\" id=\"wpcf7-f14-o1\" lang=\"pl-PL\" dir=\"ltr\">\n<div class=\"screen-reader-response\"><p role=\"status\" aria-live=\"polite\" aria-atomic=\"true\"><\/p> <ul><\/ul><\/div>\n<form action=\"\/cz-ss2027\/wp-json\/wp\/v2\/pages\/28#wpcf7-f14-o1\" method=\"post\" class=\"wpcf7-form init\" novalidate=\"novalidate\" data-status=\"init\">\n<div style=\"display: none;\">\n<input type=\"hidden\" name=\"_wpcf7\" value=\"14\" \/>\n<input type=\"hidden\" name=\"_wpcf7_version\" value=\"5.3.2\" \/>\n<input type=\"hidden\" name=\"_wpcf7_locale\" value=\"pl_PL\" \/>\n<input type=\"hidden\" name=\"_wpcf7_unit_tag\" value=\"wpcf7-f14-o1\" \/>\n<input type=\"hidden\" name=\"_wpcf7_container_post\" value=\"0\" \/>\n<input type=\"hidden\" name=\"_wpcf7_posted_data_hash\" value=\"\" \/>\n<\/div>\n<p><label> Jm\u00e9no a p\u0159\u00edjmen\u00ed<br \/>\n    <span class=\"wpcf7-form-control-wrap your-name\"><input type=\"text\" name=\"your-name\" value=\"\" size=\"40\" class=\"wpcf7-form-control wpcf7-text wpcf7-validates-as-required\" aria-required=\"true\" aria-invalid=\"false\" \/><\/span> <\/label><\/p>\n<p><label> Email<br \/>\n    <span class=\"wpcf7-form-control-wrap your-email\"><input type=\"email\" name=\"your-email\" value=\"\" size=\"40\" class=\"wpcf7-form-control wpcf7-text wpcf7-email wpcf7-validates-as-required wpcf7-validates-as-email\" aria-required=\"true\" aria-invalid=\"false\" \/><\/span> <\/label><\/p>\n<p><label> Va\u0161e zpr\u00e1va:<br \/>\n    <span class=\"wpcf7-form-control-wrap your-message\"><textarea name=\"your-message\" cols=\"40\" rows=\"10\" class=\"wpcf7-form-control wpcf7-textarea\" aria-invalid=\"false\"><\/textarea><\/span> <\/label><\/p>\n<p><span class=\"wpcf7-form-control-wrap acceptance-356\"><span class=\"wpcf7-form-control wpcf7-acceptance optional\"><span class=\"wpcf7-list-item\"><label><input type=\"checkbox\" name=\"acceptance-356\" value=\"1\" aria-invalid=\"false\" \/><span class=\"wpcf7-list-item-label\">Souhlas\u00edm se z\u00e1sadami ochrany osobn\u00edch \u00fadaj\u016f webov\u00fdch str\u00e1nek<\/span><\/label><\/span><\/span><\/span><\/p>\n<p><input type=\"submit\" value=\"Odeslat\" class=\"wpcf7-form-control wpcf7-submit\" \/><\/p>\n<div class=\"wpcf7-response-output\" aria-hidden=\"true\"><\/div><\/form><\/div>[\/vc_column][vc_column width=&#8220;2\/3&#8243;][vc_column_text]<strong style=\"color: #003383;\">LARIX S. K. A.<\/strong><\/p>\n<p>ul. Bielska 1124<br \/>\n43-374 Buczkowice, k\/Bielska-Bia\u0142ej<\/p>\n<p>tel. (+48) 33 497 50 40<br \/>\nfax (+48) 33 497 50 41[\/vc_column_text][vc_single_image media=&#8220;465&#8243; media_width_percent=&#8220;100&#8243; media_link=&#8220;url:https%3A%2F%2Fwww.google.com%2Fmaps%2Fplace%2F%2522LARIX%2522%2BSp%25C3%25B3%25C5%2582ka%2BJawna%2F%4049.7360488%2C19.0618836%2C17z%2Fdata%3D!4m8!1m2!2m1!1sul.%2BBielska%2B1124%2B43-374%2BBuczkowice%2C%2Bk%252FBielska-Bia%25C5%2582ej!3m4!1s0x471420f219d69483%3A0x7e5c768c8233d8e0!8m2!3d49.7361535!4d19.0650523||target:%20_blank|rel:nofollow&#8220;][\/vc_column][\/vc_row]<\/p>\n<\/section>","protected":false},"excerpt":{"rendered":"<p>[vc_row row_height_percent=&#8220;80&#8243; override_padding=&#8220;yes&#8220; h_padding=&#8220;1&#8243; top_padding=&#8220;0&#8243; bottom_padding=&#8220;5&#8243; back_color=&#8220;color-xsdn&#8220; back_image=&#8220;7068&#8243; back_position=&#8220;center bottom&#8220; parallax=&#8220;yes&#8220; overlay_alpha=&#8220;80&#8243; equal_height=&#8220;yes&#8220; gutter_size=&#8220;4&#8243; column_width_percent=&#8220;100&#8243; shift_y=&#8220;0&#8243; z_index=&#8220;0&#8243; row_name=&#8220;hero&#8220;][vc_column column_width_percent=&#8220;100&#8243; position_horizontal=&#8220;left&#8220; [&hellip;]<\/p>\n","protected":false},"author":2,"featured_media":0,"parent":0,"menu_order":0,"comment_status":"closed","ping_status":"closed","template":"","meta":[],"_links":{"self":[{"href":"https:\/\/kontraktacja.larix.com.pl\/cz-ss2027\/wp-json\/wp\/v2\/pages\/28"}],"collection":[{"href":"https:\/\/kontraktacja.larix.com.pl\/cz-ss2027\/wp-json\/wp\/v2\/pages"}],"about":[{"href":"https:\/\/kontraktacja.larix.com.pl\/cz-ss2027\/wp-json\/wp\/v2\/types\/page"}],"author":[{"embeddable":true,"href":"https:\/\/kontraktacja.larix.com.pl\/cz-ss2027\/wp-json\/wp\/v2\/users\/2"}],"replies":[{"embeddable":true,"href":"https:\/\/kontraktacja.larix.com.pl\/cz-ss2027\/wp-json\/wp\/v2\/comments?post=28"}],"version-history":[{"count":210,"href":"https:\/\/kontraktacja.larix.com.pl\/cz-ss2027\/wp-json\/wp\/v2\/pages\/28\/revisions"}],"predecessor-version":[{"id":7076,"href":"https:\/\/kontraktacja.larix.com.pl\/cz-ss2027\/wp-json\/wp\/v2\/pages\/28\/revisions\/7076"}],"wp:attachment":[{"href":"https:\/\/kontraktacja.larix.com.pl\/cz-ss2027\/wp-json\/wp\/v2\/media?parent=28"}],"curies":[{"name":"wp","href":"https:\/\/api.w.org\/{rel}","templated":true}]}}