{"id":6031,"date":"2024-01-03T17:56:27","date_gmt":"2024-01-03T16:56:27","guid":{"rendered":"https:\/\/kontraktacja.larix.com.pl\/cz-ss2027\/?page_id=6031"},"modified":"2025-06-11T10:24:29","modified_gmt":"2025-06-11T08:24:29","slug":"aquafeel","status":"publish","type":"page","link":"https:\/\/kontraktacja.larix.com.pl\/cz-ss2027\/aquafeel\/","title":{"rendered":"AQUAFEEL"},"content":{"rendered":"<section class=\"wpb-content-wrapper\"><p>[vc_row row_height_percent=&#8220;0&#8243; override_padding=&#8220;yes&#8220; h_padding=&#8220;2&#8243; top_padding=&#8220;1&#8243; bottom_padding=&#8220;1&#8243; overlay_alpha=&#8220;50&#8243; gutter_size=&#8220;4&#8243; column_width_percent=&#8220;100&#8243; shift_y=&#8220;0&#8243; z_index=&#8220;0&#8243; css=&#8220;.vc_custom_1593758519641{padding-bottom: 200px !important;}&#8220;][vc_column column_width_percent=&#8220;100&#8243; position_horizontal=&#8220;left&#8220; gutter_size=&#8220;2&#8243; overlay_alpha=&#8220;50&#8243; shift_x=&#8220;0&#8243; shift_y=&#8220;0&#8243; shift_y_down=&#8220;0&#8243; z_index=&#8220;0&#8243; medium_width=&#8220;0&#8243; mobile_width=&#8220;0&#8243; width=&#8220;1\/1&#8243; css=&#8220;.vc_custom_1593766338332{padding-top: 72px !important;}&#8220;][uncode_block id=&#8220;6034&#8243;][vc_row_inner limit_content=&#8220;&#8220;][vc_column_inner column_width_percent=&#8220;100&#8243; gutter_size=&#8220;2&#8243; overlay_alpha=&#8220;50&#8243; shift_x=&#8220;0&#8243; shift_y=&#8220;0&#8243; shift_y_down=&#8220;0&#8243; z_index=&#8220;0&#8243; medium_width=&#8220;0&#8243; mobile_width=&#8220;0&#8243; width=&#8220;4\/12&#8243;][vc_custom_heading heading_semantic=&#8220;h3&#8243; text_size=&#8220;fontsize-106533&#8243;]O marce[\/vc_custom_heading][vc_empty_space empty_h=&#8220;2&#8243; desktop_visibility=&#8220;yes&#8220;][\/vc_column_inner][\/vc_row_inner][vc_empty_space empty_h=&#8220;2&#8243;][vc_row_inner limit_content=&#8220;&#8220;][vc_column_inner column_width_percent=&#8220;100&#8243; gutter_size=&#8220;3&#8243; overlay_alpha=&#8220;50&#8243; shift_x=&#8220;0&#8243; shift_y=&#8220;0&#8243; shift_y_down=&#8220;0&#8243; z_index=&#8220;0&#8243; medium_width=&#8220;0&#8243; mobile_width=&#8220;0&#8243; css_animation=&#8220;alpha-anim&#8220; width=&#8220;1\/1&#8243;][vc_column_text text_lead=&#8220;yes&#8220;]<\/p>\n<h3>K2 Skate<\/h3>\n<p>Pi\u0119\u0107dziesi\u0105t jeden lat temu na ameryka\u0144skiej wyspie Vashon Island narodzi\u0142o si\u0119 K2, znane dzi\u015b jako potentat w segmencie producent\u00f3w sprz\u0119tu sportowego, mi\u0119dzy innymi nart i snowboard\u00f3w. W szerokim portfolio grupy znajduje si\u0119 r\u00f3wnie\u017c marka K2 Skate produkuj\u0105ca rolki, kt\u00f3ra w 1994 roku zrewolucjonizowa\u0142a rynek, wprowadzaj\u0105c w \u015bwiat rolkarstwa mi\u0119kkiego buta.[\/vc_column_text][\/vc_column_inner][\/vc_row_inner][\/vc_column][\/vc_row][vc_row row_height_percent=&#8220;0&#8243; override_padding=&#8220;yes&#8220; h_padding=&#8220;2&#8243; top_padding=&#8220;1&#8243; bottom_padding=&#8220;1&#8243; overlay_alpha=&#8220;50&#8243; gutter_size=&#8220;4&#8243; column_width_percent=&#8220;100&#8243; shift_y=&#8220;0&#8243; z_index=&#8220;0&#8243; css=&#8220;.vc_custom_1594025649769{padding-bottom: 36px !important;}&#8220; el_class=&#8220;materials-section&#8220;][vc_column column_width_percent=&#8220;100&#8243; gutter_size=&#8220;2&#8243; overlay_alpha=&#8220;50&#8243; shift_x=&#8220;0&#8243; shift_y=&#8220;0&#8243; shift_y_down=&#8220;0&#8243; z_index=&#8220;0&#8243; medium_width=&#8220;0&#8243; mobile_width=&#8220;0&#8243; width=&#8220;1\/1&#8243;][vc_row_inner limit_content=&#8220;&#8220;][vc_column_inner column_width_percent=&#8220;100&#8243; gutter_size=&#8220;3&#8243; overlay_alpha=&#8220;50&#8243; shift_x=&#8220;0&#8243; shift_y=&#8220;0&#8243; shift_y_down=&#8220;0&#8243; z_index=&#8220;0&#8243; medium_width=&#8220;0&#8243; mobile_width=&#8220;0&#8243; width=&#8220;1\/1&#8243; css=&#8220;.vc_custom_1595629329370{padding-top: 100px !important;padding-bottom: 50px !important;}&#8220;][vc_custom_heading heading_semantic=&#8220;h3&#8243; text_size=&#8220;fontsize-106533&#8243;]<\/p>\n<div style=\"white-space: normal;\">Podklady pro dodavatele<\/div>\n<p>[\/vc_custom_heading][vc_empty_space empty_h=&#8220;2&#8243;][\/vc_column_inner][\/vc_row_inner][vc_row_inner row_inner_height_percent=&#8220;0&#8243; overlay_alpha=&#8220;50&#8243; gutter_size=&#8220;1&#8243; shift_y=&#8220;0&#8243; z_index=&#8220;0&#8243; limit_content=&#8220;&#8220;][vc_column_inner column_width_percent=&#8220;100&#8243; gutter_size=&#8220;3&#8243; overlay_alpha=&#8220;50&#8243; shift_x=&#8220;0&#8243; shift_y=&#8220;0&#8243; shift_y_down=&#8220;0&#8243; z_index=&#8220;0&#8243; medium_width=&#8220;0&#8243; mobile_width=&#8220;0&#8243; width=&#8220;1\/4&#8243;][vc_single_image media=&#8220;7214&#8243; media_width_percent=&#8220;100&#8243; css_animation=&#8220;zoom-in&#8220; media_link=&#8220;url:https%3A%2F%2Fkontraktacja.larix.com.pl%2Fcz-ss2027%2Faquafeel%2Fkatalogy%2F|title:Katalogi&#8220;][vc_custom_heading heading_semantic=&#8220;h4&#8243; text_size=&#8220;h1&#8243; text_weight=&#8220;300&#8243;]katalogy[\/vc_custom_heading][vc_button button_color=&#8220;color-556255&#8243; size=&#8220;btn-link&#8220; wide=&#8220;yes&#8220; text_skin=&#8220;yes&#8220; border_width=&#8220;0&#8243; icon_position=&#8220;right&#8220; icon=&#8220;fa fa-arrow-right2&#8243; el_class=&#8220;primary-link&#8220; link=&#8220;url:https%3A%2F%2Fkontraktacja.larix.com.pl%2Fcz-ss2027%2Faquafeel%2Fkatalogy%2F|title:Katalogi&#8220;]Zobrazit[\/vc_button][\/vc_column_inner][vc_column_inner width=&#8220;1\/4&#8243;][vc_single_image media=&#8220;7215&#8243; media_width_percent=&#8220;100&#8243; css_animation=&#8220;zoom-in&#8220; media_link=&#8220;url:https%3A%2F%2Fkontraktacja.larix.com.pl%2Fcz-ss2027%2Faquafeel%2Ftechnologie%2F|title:Technologie&#8220;][vc_custom_heading heading_semantic=&#8220;h4&#8243; text_size=&#8220;h1&#8243; text_weight=&#8220;300&#8243;]technologie[\/vc_custom_heading][vc_button button_color=&#8220;color-556255&#8243; size=&#8220;btn-link&#8220; wide=&#8220;yes&#8220; text_skin=&#8220;yes&#8220; border_width=&#8220;0&#8243; icon_position=&#8220;right&#8220; icon=&#8220;fa fa-arrow-right2&#8243; el_class=&#8220;primary-link&#8220; link=&#8220;url:https%3A%2F%2Fkontraktacja.larix.com.pl%2Fcz-ss2027%2Faquafeel%2Ftechnologie%2F|title:Technologie&#8220;]zobrazit[\/vc_button][\/vc_column_inner][vc_column_inner width=&#8220;1\/4&#8243;][vc_single_image media=&#8220;282&#8243; media_width_percent=&#8220;100&#8243; css_animation=&#8220;zoom-in&#8220; media_link=&#8220;url:https%3A%2F%2Fkontraktacja.larix.com.pl%2Fcz-ss2027%2Faquafeel%2Fobjednavka%2F|title:Zam%C3%B3wienie&#8220;][vc_custom_heading heading_semantic=&#8220;h4&#8243; text_size=&#8220;h1&#8243; text_weight=&#8220;300&#8243;]objedn\u00e1vka[\/vc_custom_heading][vc_button button_color=&#8220;color-556255&#8243; size=&#8220;btn-link&#8220; wide=&#8220;yes&#8220; text_skin=&#8220;yes&#8220; border_width=&#8220;0&#8243; icon_position=&#8220;right&#8220; icon=&#8220;fa fa-arrow-right2&#8243; el_class=&#8220;primary-link&#8220; link=&#8220;url:https%3A%2F%2Fkontraktacja.larix.com.pl%2Fcz-ss2027%2Faquafeel%2Fobjednavka%2F|title:Zam%C3%B3wienie&#8220;]zobrazit[\/vc_button][\/vc_column_inner][vc_column_inner width=&#8220;1\/4&#8243;][vc_single_image media=&#8220;280&#8243; media_width_percent=&#8220;100&#8243; css_animation=&#8220;zoom-in&#8220; media_link=&#8220;url:https%3A%2F%2Fkontraktacja.larix.com.pl%2Fcz-ss2027%2Faquafeel%2Fobchodni-podminky%2F|title:Warunki%20handlowe&#8220;][vc_custom_heading heading_semantic=&#8220;h4&#8243; text_size=&#8220;h1&#8243; text_weight=&#8220;300&#8243;]Obchodn\u00ed podm\u00ednky[\/vc_custom_heading][vc_button button_color=&#8220;color-556255&#8243; size=&#8220;btn-link&#8220; wide=&#8220;yes&#8220; text_skin=&#8220;yes&#8220; border_width=&#8220;0&#8243; icon_position=&#8220;right&#8220; icon=&#8220;fa fa-arrow-right2&#8243; el_class=&#8220;primary-link&#8220; link=&#8220;url:https%3A%2F%2Fkontraktacja.larix.com.pl%2Fcz-ss2027%2Faquafeel%2Fobchodni-podminky%2F|title:Warunki%20handlowe&#8220;]zobrazit[\/vc_button][\/vc_column_inner][\/vc_row_inner][\/vc_column][\/vc_row][vc_row row_height_percent=&#8220;0&#8243; override_padding=&#8220;yes&#8220; h_padding=&#8220;2&#8243; top_padding=&#8220;2&#8243; bottom_padding=&#8220;2&#8243; overlay_alpha=&#8220;50&#8243; gutter_size=&#8220;4&#8243; column_width_percent=&#8220;100&#8243; shift_y=&#8220;0&#8243; z_index=&#8220;0&#8243;][vc_column column_width_percent=&#8220;100&#8243; gutter_size=&#8220;2&#8243; overlay_alpha=&#8220;50&#8243; shift_x=&#8220;0&#8243; shift_y=&#8220;0&#8243; shift_y_down=&#8220;0&#8243; z_index=&#8220;0&#8243; medium_width=&#8220;0&#8243; mobile_width=&#8220;0&#8243; width=&#8220;1\/1&#8243; css=&#8220;.vc_custom_1595629431608{padding-top: 50px !important;}&#8220;][vc_row_inner row_inner_height_percent=&#8220;0&#8243; overlay_alpha=&#8220;50&#8243; gutter_size=&#8220;3&#8243; shift_y=&#8220;0&#8243; z_index=&#8220;0&#8243; limit_content=&#8220;&#8220; css=&#8220;.vc_custom_1596101135324{padding-top: 101px !important;}&#8220;][vc_column_inner column_width_percent=&#8220;100&#8243; gutter_size=&#8220;3&#8243; expand_height=&#8220;yes&#8220; overlay_alpha=&#8220;50&#8243; shift_x=&#8220;0&#8243; shift_y=&#8220;0&#8243; shift_y_down=&#8220;0&#8243; z_index=&#8220;0&#8243; medium_width=&#8220;0&#8243; mobile_width=&#8220;0&#8243; width=&#8220;1\/1&#8243;][vc_custom_heading heading_semantic=&#8220;h3&#8243; text_size=&#8220;fontsize-106533&#8243;]<\/p>\n<div>Kontakt<\/div>\n<p>[\/vc_custom_heading][\/vc_column_inner][\/vc_row_inner][\/vc_column][\/vc_row][vc_row row_height_percent=&#8220;0&#8243; overlay_alpha=&#8220;50&#8243; gutter_size=&#8220;3&#8243; column_width_percent=&#8220;100&#8243; shift_y=&#8220;0&#8243; z_index=&#8220;0&#8243; css=&#8220;.vc_custom_1594801757437{margin-top: 72px !important;margin-bottom: 72px !important;}&#8220;][vc_column width=&#8220;1\/2&#8243;][vc_row_inner limit_content=&#8220;&#8220;][vc_column_inner width=&#8220;1\/4&#8243;][vc_single_image media=&#8220;7169&#8243; media_width_percent=&#8220;100&#8243; shape=&#8220;img-circle&#8220;][\/vc_column_inner][vc_column_inner width=&#8220;3\/4&#8243;][vc_column_text]<\/p>\n<h3>Ji\u0159\u00ed Polnick\u00fd<\/h3>\n<p>Obchodn\u00ed z\u00e1stupce<br \/>\ntel. <a href=\"tel:+420 605 173 223\">+420 605 173 223<\/a><br \/>\ne-mail: <a href=\"mailto:j.polnicky@larix.com.pl\">j.polnicky@larix.com.pl<\/a>[\/vc_column_text][\/vc_column_inner][\/vc_row_inner][\/vc_column][vc_column width=&#8220;1\/2&#8243;][vc_row_inner limit_content=&#8220;&#8220;][vc_column_inner width=&#8220;1\/4&#8243;][vc_single_image media=&#8220;7165&#8243; media_width_percent=&#8220;100&#8243; shape=&#8220;img-circle&#8220;][\/vc_column_inner][vc_column_inner width=&#8220;3\/4&#8243;][vc_column_text]<\/p>\n<h3>Micha\u0142 Bargiel<\/h3>\n<p>Junior Brand Manager<br \/>\ntel. <a href=\"tel:+48 603 305 766\">+48 603 305 766 <\/a><br \/>\ne-mail: <a href=\"mailto:m.bargiel@larix.com.pl\">m.bargiel@larix.com.pl<\/a>[\/vc_column_text][\/vc_column_inner][\/vc_row_inner][\/vc_column][\/vc_row][vc_row row_height_percent=&#8220;0&#8243; overlay_alpha=&#8220;50&#8243; gutter_size=&#8220;4&#8243; column_width_percent=&#8220;100&#8243; shift_y=&#8220;0&#8243; z_index=&#8220;0&#8243; css=&#8220;.vc_custom_1594802150188{margin-top: 72px !important;margin-bottom: 72px !important;}&#8220;][vc_column width=&#8220;1\/2&#8243;][vc_row_inner limit_content=&#8220;&#8220;][vc_column_inner width=&#8220;1\/4&#8243;][vc_single_image media=&#8220;7166&#8243; media_width_percent=&#8220;100&#8243; shape=&#8220;img-circle&#8220;][\/vc_column_inner][vc_column_inner width=&#8220;3\/4&#8243;][vc_column_text]<\/p>\n<h3>Jerzy Wichrowski<\/h3>\n<p>Brand Manager<br \/>\ntel. <a href=\"tel:+48 663 452 349\">+48 663 452 349 <\/a><br \/>\ne-mail: <a href=\"mailto: j.wichrowski@larix.com.pl\"> j.wichrowski@larix.com.pl<\/a>[\/vc_column_text][\/vc_column_inner][\/vc_row_inner][\/vc_column][vc_column width=&#8220;1\/2&#8243;][\/vc_column][\/vc_row]<\/p>\n<\/section>","protected":false},"excerpt":{"rendered":"<p>[vc_row row_height_percent=&#8220;0&#8243; override_padding=&#8220;yes&#8220; h_padding=&#8220;2&#8243; top_padding=&#8220;1&#8243; bottom_padding=&#8220;1&#8243; overlay_alpha=&#8220;50&#8243; gutter_size=&#8220;4&#8243; column_width_percent=&#8220;100&#8243; shift_y=&#8220;0&#8243; z_index=&#8220;0&#8243; css=&#8220;.vc_custom_1593758519641{padding-bottom: 200px !important;}&#8220;][vc_column column_width_percent=&#8220;100&#8243; position_horizontal=&#8220;left&#8220; gutter_size=&#8220;2&#8243; overlay_alpha=&#8220;50&#8243; shift_x=&#8220;0&#8243; shift_y=&#8220;0&#8243; [&hellip;]<\/p>\n","protected":false},"author":2,"featured_media":0,"parent":0,"menu_order":0,"comment_status":"closed","ping_status":"closed","template":"","meta":[],"_links":{"self":[{"href":"https:\/\/kontraktacja.larix.com.pl\/cz-ss2027\/wp-json\/wp\/v2\/pages\/6031"}],"collection":[{"href":"https:\/\/kontraktacja.larix.com.pl\/cz-ss2027\/wp-json\/wp\/v2\/pages"}],"about":[{"href":"https:\/\/kontraktacja.larix.com.pl\/cz-ss2027\/wp-json\/wp\/v2\/types\/page"}],"author":[{"embeddable":true,"href":"https:\/\/kontraktacja.larix.com.pl\/cz-ss2027\/wp-json\/wp\/v2\/users\/2"}],"replies":[{"embeddable":true,"href":"https:\/\/kontraktacja.larix.com.pl\/cz-ss2027\/wp-json\/wp\/v2\/comments?post=6031"}],"version-history":[{"count":12,"href":"https:\/\/kontraktacja.larix.com.pl\/cz-ss2027\/wp-json\/wp\/v2\/pages\/6031\/revisions"}],"predecessor-version":[{"id":7251,"href":"https:\/\/kontraktacja.larix.com.pl\/cz-ss2027\/wp-json\/wp\/v2\/pages\/6031\/revisions\/7251"}],"wp:attachment":[{"href":"https:\/\/kontraktacja.larix.com.pl\/cz-ss2027\/wp-json\/wp\/v2\/media?parent=6031"}],"curies":[{"name":"wp","href":"https:\/\/api.w.org\/{rel}","templated":true}]}}