{"id":6098,"date":"2024-01-03T19:53:55","date_gmt":"2024-01-03T18:53:55","guid":{"rendered":"https:\/\/kontraktacja.larix.com.pl\/cz-ss2027\/?page_id=6098"},"modified":"2025-06-11T10:21:05","modified_gmt":"2025-06-11T08:21:05","slug":"buff","status":"publish","type":"page","link":"https:\/\/kontraktacja.larix.com.pl\/cz-ss2027\/buff\/","title":{"rendered":"BUFF"},"content":{"rendered":"<section class=\"wpb-content-wrapper\"><p>[vc_row row_height_percent=&#8220;0&#8243; override_padding=&#8220;yes&#8220; h_padding=&#8220;2&#8243; top_padding=&#8220;1&#8243; bottom_padding=&#8220;1&#8243; overlay_alpha=&#8220;50&#8243; gutter_size=&#8220;4&#8243; column_width_percent=&#8220;100&#8243; shift_y=&#8220;0&#8243; z_index=&#8220;0&#8243; css=&#8220;.vc_custom_1593758519641{padding-bottom: 200px !important;}&#8220;][vc_column column_width_percent=&#8220;100&#8243; position_horizontal=&#8220;left&#8220; gutter_size=&#8220;2&#8243; overlay_alpha=&#8220;50&#8243; shift_x=&#8220;0&#8243; shift_y=&#8220;0&#8243; shift_y_down=&#8220;0&#8243; z_index=&#8220;0&#8243; medium_width=&#8220;0&#8243; mobile_width=&#8220;0&#8243; width=&#8220;1\/1&#8243; css=&#8220;.vc_custom_1593766338332{padding-top: 72px !important;}&#8220;][uncode_block id=&#8220;6103&#8243;][vc_row_inner limit_content=&#8220;&#8220;][vc_column_inner column_width_percent=&#8220;100&#8243; gutter_size=&#8220;2&#8243; overlay_alpha=&#8220;50&#8243; shift_x=&#8220;0&#8243; shift_y=&#8220;0&#8243; shift_y_down=&#8220;0&#8243; z_index=&#8220;0&#8243; medium_width=&#8220;0&#8243; mobile_width=&#8220;0&#8243; width=&#8220;4\/12&#8243;][vc_custom_heading heading_semantic=&#8220;h3&#8243; text_size=&#8220;fontsize-106533&#8243;]O marce[\/vc_custom_heading][vc_empty_space empty_h=&#8220;2&#8243; desktop_visibility=&#8220;yes&#8220;][\/vc_column_inner][\/vc_row_inner][vc_empty_space empty_h=&#8220;2&#8243;][vc_row_inner limit_content=&#8220;&#8220;][vc_column_inner column_width_percent=&#8220;100&#8243; gutter_size=&#8220;3&#8243; overlay_alpha=&#8220;50&#8243; shift_x=&#8220;0&#8243; shift_y=&#8220;0&#8243; shift_y_down=&#8220;0&#8243; z_index=&#8220;0&#8243; medium_width=&#8220;0&#8243; mobile_width=&#8220;0&#8243; css_animation=&#8220;alpha-anim&#8220; width=&#8220;1\/1&#8243;][vc_column_text text_lead=&#8220;yes&#8220;]We are the original inventors of functional sports underwear and have been innovating ever since, creating exceptional products for active lifestyles all year round. We strive to stay one step ahead, weaving our Norwegian heritage and Swiss engineering into modern, functional and comfortable sports apparel.[\/vc_column_text][\/vc_column_inner][\/vc_row_inner][\/vc_column][\/vc_row][vc_row row_height_percent=&#8220;0&#8243; override_padding=&#8220;yes&#8220; h_padding=&#8220;2&#8243; top_padding=&#8220;1&#8243; bottom_padding=&#8220;1&#8243; overlay_alpha=&#8220;50&#8243; gutter_size=&#8220;4&#8243; column_width_percent=&#8220;100&#8243; shift_y=&#8220;0&#8243; z_index=&#8220;0&#8243; css=&#8220;.vc_custom_1594025649769{padding-bottom: 36px !important;}&#8220; el_class=&#8220;materials-section&#8220;][vc_column column_width_percent=&#8220;100&#8243; gutter_size=&#8220;2&#8243; overlay_alpha=&#8220;50&#8243; shift_x=&#8220;0&#8243; shift_y=&#8220;0&#8243; shift_y_down=&#8220;0&#8243; z_index=&#8220;0&#8243; medium_width=&#8220;0&#8243; mobile_width=&#8220;0&#8243; width=&#8220;1\/1&#8243;][vc_row_inner limit_content=&#8220;&#8220;][vc_column_inner column_width_percent=&#8220;100&#8243; gutter_size=&#8220;3&#8243; overlay_alpha=&#8220;50&#8243; shift_x=&#8220;0&#8243; shift_y=&#8220;0&#8243; shift_y_down=&#8220;0&#8243; z_index=&#8220;0&#8243; medium_width=&#8220;0&#8243; mobile_width=&#8220;0&#8243; width=&#8220;1\/1&#8243; css=&#8220;.vc_custom_1595637246000{padding-top: 100px !important;padding-bottom: 50px !important;}&#8220;][vc_custom_heading heading_semantic=&#8220;h3&#8243; text_size=&#8220;fontsize-106533&#8243;]<\/p>\n<div style=\"white-space: normal;\">Podklady pro dodavatele<\/div>\n<p>[\/vc_custom_heading][vc_empty_space empty_h=&#8220;2&#8243;][\/vc_column_inner][\/vc_row_inner][vc_row_inner row_inner_height_percent=&#8220;0&#8243; overlay_alpha=&#8220;50&#8243; gutter_size=&#8220;1&#8243; shift_y=&#8220;0&#8243; z_index=&#8220;0&#8243; limit_content=&#8220;&#8220;][vc_column_inner column_width_percent=&#8220;100&#8243; gutter_size=&#8220;3&#8243; overlay_alpha=&#8220;50&#8243; shift_x=&#8220;0&#8243; shift_y=&#8220;0&#8243; shift_y_down=&#8220;0&#8243; z_index=&#8220;0&#8243; medium_width=&#8220;0&#8243; mobile_width=&#8220;0&#8243; width=&#8220;1\/4&#8243;][vc_single_image media=&#8220;7024&#8243; media_width_percent=&#8220;100&#8243; css_animation=&#8220;zoom-in&#8220; media_link=&#8220;url:https%3A%2F%2Fkontraktacja.larix.com.pl%2Fcz-ss2027%2Fbuff%2Fkatalogy%2F|title:Katalogi&#8220;][vc_custom_heading heading_semantic=&#8220;h4&#8243; text_size=&#8220;h1&#8243; text_weight=&#8220;300&#8243;]<span data-sheets-root=\"1\" data-sheets-value=\"{&quot;1&quot;:2,&quot;2&quot;:&quot;Katalogy&quot;}\" data-sheets-userformat=\"{&quot;2&quot;:897,&quot;3&quot;:{&quot;1&quot;:0},&quot;10&quot;:0,&quot;11&quot;:4,&quot;12&quot;:0}\">katalogy<\/span>[\/vc_custom_heading][vc_button button_color=&#8220;color-419637&#8243; size=&#8220;btn-link&#8220; wide=&#8220;yes&#8220; text_skin=&#8220;yes&#8220; border_width=&#8220;0&#8243; icon_position=&#8220;right&#8220; icon=&#8220;fa fa-arrow-right2&#8243; el_class=&#8220;primary-link&#8220; link=&#8220;url:https%3A%2F%2Fkontraktacja.larix.com.pl%2Fcz-ss2027%2Fbuff%2Fkatalogy%2F|title:Katalogi&#8220;]zobrazit[\/vc_button][\/vc_column_inner][vc_column_inner width=&#8220;1\/4&#8243;][vc_single_image media=&#8220;7026&#8243; media_width_percent=&#8220;100&#8243; css_animation=&#8220;zoom-in&#8220; media_link=&#8220;url:https%3A%2F%2Fkontraktacja.larix.com.pl%2Fcz-ss2027%2Fbuff%2Ftechnologie%2F|title:Technologie&#8220;][vc_custom_heading heading_semantic=&#8220;h4&#8243; text_size=&#8220;h1&#8243; text_weight=&#8220;300&#8243;]technologie[\/vc_custom_heading][vc_button button_color=&#8220;color-419637&#8243; size=&#8220;btn-link&#8220; wide=&#8220;yes&#8220; text_skin=&#8220;yes&#8220; border_width=&#8220;0&#8243; icon_position=&#8220;right&#8220; icon=&#8220;fa fa-arrow-right2&#8243; el_class=&#8220;primary-link&#8220; link=&#8220;url:https%3A%2F%2Fkontraktacja.larix.com.pl%2Fcz-ss2027%2Fbuff%2Ftechnologie%2F|title:Technologie&#8220;]Zobrazit[\/vc_button][\/vc_column_inner][vc_column_inner width=&#8220;1\/4&#8243;][vc_single_image media=&#8220;282&#8243; media_width_percent=&#8220;100&#8243; css_animation=&#8220;zoom-in&#8220; media_link=&#8220;url:https%3A%2F%2Fkontraktacja.larix.com.pl%2Fcz-ss2027%2Fbuff%2Fobjednavka%2F|title:Zam%C3%B3wienie&#8220;][vc_custom_heading heading_semantic=&#8220;h4&#8243; text_size=&#8220;h1&#8243; text_weight=&#8220;300&#8243;]<span data-sheets-root=\"1\" data-sheets-value=\"{&quot;1&quot;:2,&quot;2&quot;:&quot;Objedn\u00e1vka&quot;}\" data-sheets-userformat=\"{&quot;2&quot;:897,&quot;3&quot;:{&quot;1&quot;:0},&quot;10&quot;:0,&quot;11&quot;:4,&quot;12&quot;:0}\">objedn\u00e1vka<\/span>[\/vc_custom_heading][vc_button button_color=&#8220;color-419637&#8243; size=&#8220;btn-link&#8220; wide=&#8220;yes&#8220; text_skin=&#8220;yes&#8220; border_width=&#8220;0&#8243; icon_position=&#8220;right&#8220; icon=&#8220;fa fa-arrow-right2&#8243; el_class=&#8220;primary-link&#8220; link=&#8220;url:https%3A%2F%2Fkontraktacja.larix.com.pl%2Fcz-ss2027%2Fbuff%2Fobjednavka%2F|title:Zam%C3%B3wienie&#8220;]Zobrazit[\/vc_button][\/vc_column_inner][vc_column_inner width=&#8220;1\/4&#8243;][vc_single_image media=&#8220;280&#8243; media_width_percent=&#8220;100&#8243; css_animation=&#8220;zoom-in&#8220; media_link=&#8220;url:https%3A%2F%2Fkontraktacja.larix.com.pl%2Fcz-ss2027%2Fbuff%2Fobchodni-podminky%2F|title:Warunki%20handlowe&#8220;][vc_custom_heading heading_semantic=&#8220;h4&#8243; text_size=&#8220;h1&#8243; text_weight=&#8220;300&#8243;]<span data-sheets-root=\"1\" data-sheets-value=\"{&quot;1&quot;:2,&quot;2&quot;:&quot;Obchodn\u00ed podm\u00ednky&quot;}\" data-sheets-userformat=\"{&quot;2&quot;:905,&quot;3&quot;:{&quot;1&quot;:0},&quot;6&quot;:{&quot;1&quot;:[{&quot;1&quot;:2,&quot;2&quot;:0,&quot;5&quot;:{&quot;1&quot;:2,&quot;2&quot;:0}},{&quot;1&quot;:0,&quot;2&quot;:0,&quot;3&quot;:3},{&quot;1&quot;:1,&quot;2&quot;:0,&quot;4&quot;:1}]},&quot;10&quot;:0,&quot;11&quot;:4,&quot;12&quot;:0}\">obchodn\u00ed podm\u00ednky<\/span>[\/vc_custom_heading][vc_button button_color=&#8220;color-419637&#8243; size=&#8220;btn-link&#8220; wide=&#8220;yes&#8220; text_skin=&#8220;yes&#8220; border_width=&#8220;0&#8243; icon_position=&#8220;right&#8220; icon=&#8220;fa fa-arrow-right2&#8243; el_class=&#8220;primary-link&#8220; link=&#8220;url:https%3A%2F%2Fkontraktacja.larix.com.pl%2Fcz-ss2027%2Fbuff%2Fobchodni-podminky%2F|title:Warunki%20handlowe&#8220;]Zobrazit[\/vc_button][\/vc_column_inner][\/vc_row_inner][\/vc_column][\/vc_row][vc_row row_height_percent=&#8220;0&#8243; override_padding=&#8220;yes&#8220; h_padding=&#8220;2&#8243; top_padding=&#8220;2&#8243; bottom_padding=&#8220;2&#8243; overlay_alpha=&#8220;50&#8243; gutter_size=&#8220;4&#8243; column_width_percent=&#8220;100&#8243; shift_y=&#8220;0&#8243; z_index=&#8220;0&#8243;][vc_column column_width_percent=&#8220;100&#8243; gutter_size=&#8220;2&#8243; overlay_alpha=&#8220;50&#8243; shift_x=&#8220;0&#8243; shift_y=&#8220;0&#8243; shift_y_down=&#8220;0&#8243; z_index=&#8220;0&#8243; medium_width=&#8220;0&#8243; mobile_width=&#8220;0&#8243; width=&#8220;1\/1&#8243; css=&#8220;.vc_custom_1595637268669{padding-top: 50px !important;}&#8220;][vc_single_image media=&#8220;7028&#8243; media_width_percent=&#8220;100&#8243; lbox_skin=&#8220;white&#8220;][\/vc_column][\/vc_row][vc_row][vc_column column_width_percent=&#8220;100&#8243; gutter_size=&#8220;3&#8243; overlay_alpha=&#8220;50&#8243; shift_x=&#8220;0&#8243; shift_y=&#8220;0&#8243; shift_y_down=&#8220;0&#8243; z_index=&#8220;0&#8243; medium_width=&#8220;0&#8243; mobile_width=&#8220;0&#8243; width=&#8220;1\/1&#8243; css=&#8220;.vc_custom_1625244552867{padding-top: 50px !important;}&#8220;][vc_custom_heading heading_semantic=&#8220;h3&#8243; text_size=&#8220;fontsize-106533&#8243;]Kontakt[\/vc_custom_heading][\/vc_column][\/vc_row][vc_row row_height_percent=&#8220;0&#8243; overlay_alpha=&#8220;50&#8243; gutter_size=&#8220;3&#8243; column_width_percent=&#8220;100&#8243; shift_y=&#8220;0&#8243; z_index=&#8220;0&#8243; css=&#8220;.vc_custom_1594801757437{margin-top: 72px !important;margin-bottom: 72px !important;}&#8220;][vc_column width=&#8220;1\/2&#8243;][vc_row_inner limit_content=&#8220;&#8220;][vc_column_inner width=&#8220;1\/4&#8243;][vc_single_image media=&#8220;7059&#8243; media_width_percent=&#8220;100&#8243; shape=&#8220;img-circle&#8220;][\/vc_column_inner][vc_column_inner width=&#8220;3\/4&#8243;][vc_column_text]<\/p>\n<h3>Ji\u0159\u00ed Polnick\u00fd<\/h3>\n<p>Obchodn\u00ed z\u00e1stupce<br \/>\ntel. <a href=\"tel:+420 605 173 223\">+420 605 173 223<\/a><br \/>\ne-mail: <a href=\"mailto:j.polnicky@larix.com.pl\">j.polnicky@larix.com.pl<\/a>[\/vc_column_text][\/vc_column_inner][\/vc_row_inner][\/vc_column][vc_column width=&#8220;1\/2&#8243;][vc_row_inner limit_content=&#8220;&#8220;][vc_column_inner width=&#8220;1\/4&#8243;][vc_single_image media=&#8220;6725&#8243; media_width_percent=&#8220;100&#8243; shape=&#8220;img-circle&#8220;][\/vc_column_inner][vc_column_inner width=&#8220;3\/4&#8243;][vc_column_text]<\/p>\n<h3>Beata Jakubiec<\/h3>\n<p>Junior Brand Manager<br \/>\ntel. <a href=\"tel:+48 661 240 589\">+48 661 240 589<\/a><br \/>\ne-mail: <a href=\"mailto:b.jakubiec@larix.com.pl\">b.jakubiec@larix.com.pl<\/a>[\/vc_column_text][\/vc_column_inner][\/vc_row_inner][\/vc_column][\/vc_row][vc_row row_height_percent=&#8220;0&#8243; overlay_alpha=&#8220;50&#8243; gutter_size=&#8220;3&#8243; column_width_percent=&#8220;100&#8243; shift_y=&#8220;0&#8243; z_index=&#8220;0&#8243; css=&#8220;.vc_custom_1594801757437{margin-top: 72px !important;margin-bottom: 72px !important;}&#8220;][vc_column width=&#8220;1\/2&#8243;][vc_row_inner limit_content=&#8220;&#8220;][vc_column_inner width=&#8220;1\/4&#8243;][vc_single_image media=&#8220;6724&#8243; media_width_percent=&#8220;100&#8243; shape=&#8220;img-circle&#8220;][\/vc_column_inner][vc_column_inner width=&#8220;3\/4&#8243;][vc_column_text]<\/p>\n<h3>Jakub Laszczak<\/h3>\n<p>Brand Manager<br \/>\ntel. <a href=\"tel:+48 601 098 030\">+48 601 098 030<\/a><br \/>\ne-mail: <a href=\"mailto:j.laszczak@larix.com.pl\">j.laszczak@larix.com.pl<\/a>[\/vc_column_text][\/vc_column_inner][\/vc_row_inner][\/vc_column][vc_column width=&#8220;1\/2&#8243;][\/vc_column][\/vc_row]<\/p>\n<\/section>","protected":false},"excerpt":{"rendered":"<p>[vc_row row_height_percent=&#8220;0&#8243; override_padding=&#8220;yes&#8220; h_padding=&#8220;2&#8243; top_padding=&#8220;1&#8243; bottom_padding=&#8220;1&#8243; overlay_alpha=&#8220;50&#8243; gutter_size=&#8220;4&#8243; column_width_percent=&#8220;100&#8243; shift_y=&#8220;0&#8243; z_index=&#8220;0&#8243; css=&#8220;.vc_custom_1593758519641{padding-bottom: 200px !important;}&#8220;][vc_column column_width_percent=&#8220;100&#8243; position_horizontal=&#8220;left&#8220; gutter_size=&#8220;2&#8243; overlay_alpha=&#8220;50&#8243; shift_x=&#8220;0&#8243; shift_y=&#8220;0&#8243; [&hellip;]<\/p>\n","protected":false},"author":2,"featured_media":0,"parent":0,"menu_order":0,"comment_status":"closed","ping_status":"closed","template":"","meta":[],"_links":{"self":[{"href":"https:\/\/kontraktacja.larix.com.pl\/cz-ss2027\/wp-json\/wp\/v2\/pages\/6098"}],"collection":[{"href":"https:\/\/kontraktacja.larix.com.pl\/cz-ss2027\/wp-json\/wp\/v2\/pages"}],"about":[{"href":"https:\/\/kontraktacja.larix.com.pl\/cz-ss2027\/wp-json\/wp\/v2\/types\/page"}],"author":[{"embeddable":true,"href":"https:\/\/kontraktacja.larix.com.pl\/cz-ss2027\/wp-json\/wp\/v2\/users\/2"}],"replies":[{"embeddable":true,"href":"https:\/\/kontraktacja.larix.com.pl\/cz-ss2027\/wp-json\/wp\/v2\/comments?post=6098"}],"version-history":[{"count":29,"href":"https:\/\/kontraktacja.larix.com.pl\/cz-ss2027\/wp-json\/wp\/v2\/pages\/6098\/revisions"}],"predecessor-version":[{"id":7250,"href":"https:\/\/kontraktacja.larix.com.pl\/cz-ss2027\/wp-json\/wp\/v2\/pages\/6098\/revisions\/7250"}],"wp:attachment":[{"href":"https:\/\/kontraktacja.larix.com.pl\/cz-ss2027\/wp-json\/wp\/v2\/media?parent=6098"}],"curies":[{"name":"wp","href":"https:\/\/api.w.org\/{rel}","templated":true}]}}