{"id":7004,"date":"2025-05-24T18:07:42","date_gmt":"2025-05-24T16:07:42","guid":{"rendered":"https:\/\/kontraktacja.larix.com.pl\/cz-ss2027\/?page_id=7004"},"modified":"2025-05-24T18:30:51","modified_gmt":"2025-05-24T16:30:51","slug":"katalogy","status":"publish","type":"page","link":"https:\/\/kontraktacja.larix.com.pl\/cz-ss2027\/fashy\/katalogy\/","title":{"rendered":"FASHY katalogy"},"content":{"rendered":"<section class=\"wpb-content-wrapper\"><p>[vc_row row_height_percent=&#8220;0&#8243; override_padding=&#8220;yes&#8220; h_padding=&#8220;2&#8243; top_padding=&#8220;5&#8243; bottom_padding=&#8220;5&#8243; overlay_alpha=&#8220;50&#8243; gutter_size=&#8220;3&#8243; column_width_percent=&#8220;100&#8243; shift_y=&#8220;0&#8243; z_index=&#8220;0&#8243;][vc_column column_width_use_pixel=&#8220;yes&#8220; align_horizontal=&#8220;align_center&#8220; gutter_size=&#8220;3&#8243; overlay_alpha=&#8220;50&#8243; shift_x=&#8220;0&#8243; shift_y=&#8220;0&#8243; shift_y_down=&#8220;0&#8243; z_index=&#8220;0&#8243; medium_width=&#8220;0&#8243; mobile_width=&#8220;0&#8243; width=&#8220;1\/1&#8243; column_width_pixel=&#8220;900&#8243;][uncode_block id=&#8220;6997&#8243;][vc_custom_heading heading_semantic=&#8220;h3&#8243; text_size=&#8220;fontsize-106533&#8243;]Katalogi do pobrania[\/vc_custom_heading][\/vc_column][\/vc_row][vc_row row_height_percent=&#8220;30&#8243; override_padding=&#8220;yes&#8220; h_padding=&#8220;2&#8243; top_padding=&#8220;2&#8243; bottom_padding=&#8220;2&#8243; overlay_alpha=&#8220;50&#8243; gutter_size=&#8220;3&#8243; column_width_percent=&#8220;100&#8243; shift_y=&#8220;0&#8243; z_index=&#8220;0&#8243;][vc_column column_width_use_pixel=&#8220;yes&#8220; position_vertical=&#8220;middle&#8220; align_horizontal=&#8220;align_center&#8220; gutter_size=&#8220;3&#8243; overlay_alpha=&#8220;50&#8243; shift_x=&#8220;0&#8243; shift_y=&#8220;0&#8243; shift_y_down=&#8220;0&#8243; z_index=&#8220;0&#8243; medium_width=&#8220;0&#8243; mobile_width=&#8220;0&#8243; width=&#8220;1\/1&#8243; column_width_pixel=&#8220;900&#8243;][vc_custom_heading heading_semantic=&#8220;h3&#8243; text_size=&#8220;fontsize-106533&#8243;]Zna\u010dka FASHY | Katalogy ke sta\u017een\u00ed[\/vc_custom_heading][\/vc_column][\/vc_row][vc_row row_height_percent=&#8220;50&#8243; override_padding=&#8220;yes&#8220; h_padding=&#8220;2&#8243; top_padding=&#8220;2&#8243; bottom_padding=&#8220;5&#8243; overlay_alpha=&#8220;50&#8243; gutter_size=&#8220;4&#8243; column_width_percent=&#8220;100&#8243; shift_y=&#8220;0&#8243; z_index=&#8220;0&#8243;][vc_column width=&#8220;1\/2&#8243;][vc_single_image media=&#8220;6894&#8243; media_width_percent=&#8220;100&#8243; media_link=&#8220;url:https%3A%2F%2Fkontraktacja.larix.com.pl%2Fcz-ss2025%2Fwp-content%2Fuploads%2Fsites%2F18%2F2024%2F06%2FFAS-240101-Aquafeel_Katalog_2025_Doppelseiten_lowRES_SCREEN.pdf||target:%20_blank|&#8220;][\/vc_column][vc_column column_width_use_pixel=&#8220;yes&#8220; position_vertical=&#8220;middle&#8220; gutter_size=&#8220;3&#8243; overlay_alpha=&#8220;50&#8243; shift_x=&#8220;0&#8243; shift_y=&#8220;0&#8243; shift_y_down=&#8220;0&#8243; z_index=&#8220;0&#8243; medium_width=&#8220;0&#8243; mobile_width=&#8220;0&#8243; width=&#8220;1\/2&#8243; column_width_pixel=&#8220;900&#8243;][vc_custom_heading heading_semantic=&#8220;h3&#8243; text_size=&#8220;fontsize-106533&#8243; subheading=&#8220;Katalog zna\u010dky FASHY&#8220;]FASHY SS 2025[\/vc_custom_heading][vc_row_inner limit_content=&#8220;&#8220;][vc_column_inner column_width_percent=&#8220;100&#8243; gutter_size=&#8220;3&#8243; overlay_alpha=&#8220;50&#8243; shift_x=&#8220;0&#8243; shift_y=&#8220;0&#8243; shift_y_down=&#8220;0&#8243; z_index=&#8220;0&#8243; medium_width=&#8220;0&#8243; mobile_width=&#8220;0&#8243; width=&#8220;1\/2&#8243;][vc_button button_color=&#8220;color-556255&#8243; border_width=&#8220;0&#8243; link=&#8220;url:https%3A%2F%2Fkontraktacja.larix.com.pl%2Fcz-ss2025%2Fwp-content%2Fuploads%2Fsites%2F18%2F2024%2F06%2FFAS-240101-Aquafeel_Katalog_2025_Doppelseiten_lowRES_SCREEN.pdf|||&#8220;]Zobrazit katalog[\/vc_button][\/vc_column_inner][vc_column_inner column_width_percent=&#8220;100&#8243; gutter_size=&#8220;3&#8243; overlay_alpha=&#8220;50&#8243; shift_x=&#8220;0&#8243; shift_y=&#8220;0&#8243; shift_y_down=&#8220;0&#8243; z_index=&#8220;0&#8243; medium_width=&#8220;0&#8243; mobile_width=&#8220;0&#8243; width=&#8220;1\/2&#8243;][vc_button button_color=&#8220;color-556255&#8243; border_width=&#8220;0&#8243; link=&#8220;url:https%3A%2F%2Fkontraktacja.larix.com.pl%2Fcz-ss2025%2Fwp-content%2Fuploads%2Fsites%2F18%2F2024%2F06%2FFAS-240101-Aquafeel_Katalog_2025_Doppelseiten_lowRES_SCREEN.pdf||target:%20_blank|&#8220; el_class=&#8220;download&#8220;]St\u00e1hnout katalog[\/vc_button][\/vc_column_inner][\/vc_row_inner][\/vc_column][\/vc_row][vc_row row_height_percent=&#8220;50&#8243; override_padding=&#8220;yes&#8220; h_padding=&#8220;2&#8243; top_padding=&#8220;2&#8243; bottom_padding=&#8220;5&#8243; overlay_alpha=&#8220;50&#8243; gutter_size=&#8220;4&#8243; column_width_percent=&#8220;100&#8243; shift_y=&#8220;0&#8243; z_index=&#8220;0&#8243;][vc_column column_width_use_pixel=&#8220;yes&#8220; position_vertical=&#8220;middle&#8220; align_horizontal=&#8220;align_right&#8220; gutter_size=&#8220;3&#8243; overlay_alpha=&#8220;50&#8243; shift_x=&#8220;0&#8243; shift_y=&#8220;0&#8243; shift_y_down=&#8220;0&#8243; z_index=&#8220;0&#8243; medium_width=&#8220;0&#8243; mobile_width=&#8220;0&#8243; width=&#8220;1\/2&#8243; column_width_pixel=&#8220;900&#8243;][vc_custom_heading heading_semantic=&#8220;h3&#8243; text_size=&#8220;fontsize-106533&#8243; subheading=&#8220;Katalog plavek zna\u010dky AQUAFEEL&#8220;]FASHY[\/vc_custom_heading][vc_row_inner limit_content=&#8220;&#8220;][vc_column_inner column_width_percent=&#8220;100&#8243; align_horizontal=&#8220;align_right&#8220; gutter_size=&#8220;3&#8243; overlay_alpha=&#8220;50&#8243; shift_x=&#8220;0&#8243; shift_y=&#8220;0&#8243; shift_y_down=&#8220;0&#8243; z_index=&#8220;0&#8243; medium_width=&#8220;0&#8243; mobile_width=&#8220;0&#8243; width=&#8220;1\/2&#8243;][vc_button button_color=&#8220;color-556255&#8243; border_width=&#8220;0&#8243; link=&#8220;url:https%3A%2F%2Fkontraktacja.larix.com.pl%2Fcz-ss2025%2Fwp-content%2Fuploads%2Fsites%2F18%2F2024%2F06%2Ffashy-stroje.pdf|||&#8220;]Zobrazit katalog[\/vc_button][\/vc_column_inner][vc_column_inner column_width_percent=&#8220;100&#8243; align_horizontal=&#8220;align_right&#8220; gutter_size=&#8220;3&#8243; overlay_alpha=&#8220;50&#8243; shift_x=&#8220;0&#8243; shift_y=&#8220;0&#8243; shift_y_down=&#8220;0&#8243; z_index=&#8220;0&#8243; medium_width=&#8220;0&#8243; mobile_width=&#8220;0&#8243; width=&#8220;1\/2&#8243;][vc_button button_color=&#8220;color-556255&#8243; border_width=&#8220;0&#8243; link=&#8220;url:https%3A%2F%2Fkontraktacja.larix.com.pl%2Fcz-ss2025%2Fwp-content%2Fuploads%2Fsites%2F18%2F2024%2F06%2Ffashy-stroje.pdf||target:%20_blank|&#8220; el_class=&#8220;download&#8220;]St\u00e1hnout katalog[\/vc_button][\/vc_column_inner][\/vc_row_inner][\/vc_column][vc_column column_width_percent=&#8220;100&#8243; align_horizontal=&#8220;align_right&#8220; gutter_size=&#8220;3&#8243; overlay_alpha=&#8220;50&#8243; shift_x=&#8220;0&#8243; shift_y=&#8220;0&#8243; shift_y_down=&#8220;0&#8243; z_index=&#8220;0&#8243; medium_width=&#8220;0&#8243; mobile_width=&#8220;0&#8243; width=&#8220;1\/2&#8243;][vc_single_image media=&#8220;6892&#8243; media_width_percent=&#8220;100&#8243; alignment=&#8220;right&#8220; media_link=&#8220;url:https%3A%2F%2Fkontraktacja.larix.com.pl%2Fcz-ss2025%2Fwp-content%2Fuploads%2Fsites%2F18%2F2024%2F06%2Ffashy-stroje.pdf||target:%20_blank|&#8220;][\/vc_column][\/vc_row][vc_row row_height_percent=&#8220;50&#8243; override_padding=&#8220;yes&#8220; h_padding=&#8220;2&#8243; top_padding=&#8220;2&#8243; bottom_padding=&#8220;5&#8243; overlay_alpha=&#8220;50&#8243; gutter_size=&#8220;4&#8243; column_width_percent=&#8220;100&#8243; shift_y=&#8220;0&#8243; z_index=&#8220;0&#8243;][vc_column width=&#8220;1\/2&#8243;][vc_single_image media=&#8220;6891&#8243; media_width_percent=&#8220;100&#8243; media_link=&#8220;url:https%3A%2F%2Fkontraktacja.larix.com.pl%2Fcz-ss2025%2Fwp-content%2Fuploads%2Fsites%2F18%2F2024%2F06%2Ffashy-obuwie.pdf||target:%20_blank|&#8220;][\/vc_column][vc_column column_width_use_pixel=&#8220;yes&#8220; position_vertical=&#8220;middle&#8220; gutter_size=&#8220;3&#8243; overlay_alpha=&#8220;50&#8243; shift_x=&#8220;0&#8243; shift_y=&#8220;0&#8243; shift_y_down=&#8220;0&#8243; z_index=&#8220;0&#8243; medium_width=&#8220;0&#8243; mobile_width=&#8220;0&#8243; width=&#8220;1\/2&#8243; column_width_pixel=&#8220;900&#8243;][vc_custom_heading heading_semantic=&#8220;h3&#8243; text_size=&#8220;fontsize-106533&#8243; subheading=&#8220;Katalog zna\u010dkov\u00e9 obuvi FASHY&#8220;]FASHY[\/vc_custom_heading][vc_row_inner limit_content=&#8220;&#8220;][vc_column_inner column_width_percent=&#8220;100&#8243; gutter_size=&#8220;3&#8243; overlay_alpha=&#8220;50&#8243; shift_x=&#8220;0&#8243; shift_y=&#8220;0&#8243; shift_y_down=&#8220;0&#8243; z_index=&#8220;0&#8243; medium_width=&#8220;0&#8243; mobile_width=&#8220;0&#8243; width=&#8220;1\/2&#8243;][vc_button button_color=&#8220;color-556255&#8243; border_width=&#8220;0&#8243; link=&#8220;url:https%3A%2F%2Fkontraktacja.larix.com.pl%2Fcz-ss2025%2Fwp-content%2Fuploads%2Fsites%2F18%2F2024%2F06%2Ffashy-obuwie.pdf|||&#8220;]Zobrazit katalog[\/vc_button][\/vc_column_inner][vc_column_inner column_width_percent=&#8220;100&#8243; gutter_size=&#8220;3&#8243; overlay_alpha=&#8220;50&#8243; shift_x=&#8220;0&#8243; shift_y=&#8220;0&#8243; shift_y_down=&#8220;0&#8243; z_index=&#8220;0&#8243; medium_width=&#8220;0&#8243; mobile_width=&#8220;0&#8243; width=&#8220;1\/2&#8243;][vc_button button_color=&#8220;color-556255&#8243; border_width=&#8220;0&#8243; link=&#8220;url:https%3A%2F%2Fkontraktacja.larix.com.pl%2Fcz-ss2025%2Fwp-content%2Fuploads%2Fsites%2F18%2F2024%2F06%2Ffashy-obuwie.pdf||target:%20_blank|&#8220; el_class=&#8220;download&#8220;]St\u00e1hnout katalog[\/vc_button][\/vc_column_inner][\/vc_row_inner][\/vc_column][\/vc_row][vc_row row_height_percent=&#8220;50&#8243; override_padding=&#8220;yes&#8220; h_padding=&#8220;2&#8243; top_padding=&#8220;2&#8243; bottom_padding=&#8220;5&#8243; overlay_alpha=&#8220;50&#8243; gutter_size=&#8220;4&#8243; column_width_percent=&#8220;100&#8243; shift_y=&#8220;0&#8243; z_index=&#8220;0&#8243;][vc_column column_width_use_pixel=&#8220;yes&#8220; position_vertical=&#8220;middle&#8220; align_horizontal=&#8220;align_right&#8220; gutter_size=&#8220;3&#8243; overlay_alpha=&#8220;50&#8243; shift_x=&#8220;0&#8243; shift_y=&#8220;0&#8243; shift_y_down=&#8220;0&#8243; z_index=&#8220;0&#8243; medium_width=&#8220;0&#8243; mobile_width=&#8220;0&#8243; width=&#8220;1\/2&#8243; column_width_pixel=&#8220;900&#8243;][vc_custom_heading heading_semantic=&#8220;h3&#8243; text_size=&#8220;fontsize-106533&#8243; subheading=&#8220;Katalog p\u0159\u00edslu\u0161enstv\u00ed zna\u010dky FASHY&#8220;]FASHY[\/vc_custom_heading][vc_row_inner limit_content=&#8220;&#8220;][vc_column_inner column_width_percent=&#8220;100&#8243; align_horizontal=&#8220;align_right&#8220; gutter_size=&#8220;3&#8243; overlay_alpha=&#8220;50&#8243; shift_x=&#8220;0&#8243; shift_y=&#8220;0&#8243; shift_y_down=&#8220;0&#8243; z_index=&#8220;0&#8243; medium_width=&#8220;0&#8243; mobile_width=&#8220;0&#8243; width=&#8220;1\/2&#8243;][vc_button button_color=&#8220;color-556255&#8243; border_width=&#8220;0&#8243; link=&#8220;url:https%3A%2F%2Fkontraktacja.larix.com.pl%2Fcz-ss2025%2Fwp-content%2Fuploads%2Fsites%2F18%2F2024%2F06%2Ffashy-akcesoria.pdf|||&#8220;]Zobrazit katalog[\/vc_button][\/vc_column_inner][vc_column_inner column_width_percent=&#8220;100&#8243; align_horizontal=&#8220;align_right&#8220; gutter_size=&#8220;3&#8243; overlay_alpha=&#8220;50&#8243; shift_x=&#8220;0&#8243; shift_y=&#8220;0&#8243; shift_y_down=&#8220;0&#8243; z_index=&#8220;0&#8243; medium_width=&#8220;0&#8243; mobile_width=&#8220;0&#8243; width=&#8220;1\/2&#8243;][vc_button button_color=&#8220;color-556255&#8243; border_width=&#8220;0&#8243; link=&#8220;url:https%3A%2F%2Fkontraktacja.larix.com.pl%2Fcz-ss2025%2Fwp-content%2Fuploads%2Fsites%2F18%2F2024%2F06%2Ffashy-akcesoria.pdf||target:%20_blank|&#8220; el_class=&#8220;download&#8220;]St\u00e1hnout katalog[\/vc_button][\/vc_column_inner][\/vc_row_inner][\/vc_column][vc_column column_width_percent=&#8220;100&#8243; align_horizontal=&#8220;align_right&#8220; gutter_size=&#8220;3&#8243; overlay_alpha=&#8220;50&#8243; shift_x=&#8220;0&#8243; shift_y=&#8220;0&#8243; shift_y_down=&#8220;0&#8243; z_index=&#8220;0&#8243; medium_width=&#8220;0&#8243; mobile_width=&#8220;0&#8243; width=&#8220;1\/2&#8243;][vc_single_image media=&#8220;6890&#8243; media_width_percent=&#8220;100&#8243; alignment=&#8220;right&#8220; media_link=&#8220;url:https%3A%2F%2Fkontraktacja.larix.com.pl%2Fcz-ss2025%2Fwp-content%2Fuploads%2Fsites%2F18%2F2024%2F06%2Ffashy-akcesoria.pdf||target:%20_blank|&#8220;][\/vc_column][\/vc_row]<\/p>\n<\/section>","protected":false},"excerpt":{"rendered":"<p>[vc_row row_height_percent=&#8220;0&#8243; override_padding=&#8220;yes&#8220; h_padding=&#8220;2&#8243; top_padding=&#8220;5&#8243; bottom_padding=&#8220;5&#8243; overlay_alpha=&#8220;50&#8243; gutter_size=&#8220;3&#8243; column_width_percent=&#8220;100&#8243; shift_y=&#8220;0&#8243; z_index=&#8220;0&#8243;][vc_column column_width_use_pixel=&#8220;yes&#8220; align_horizontal=&#8220;align_center&#8220; gutter_size=&#8220;3&#8243; overlay_alpha=&#8220;50&#8243; shift_x=&#8220;0&#8243; shift_y=&#8220;0&#8243; shift_y_down=&#8220;0&#8243; z_index=&#8220;0&#8243; medium_width=&#8220;0&#8243; [&hellip;]<\/p>\n","protected":false},"author":2,"featured_media":0,"parent":7002,"menu_order":0,"comment_status":"closed","ping_status":"closed","template":"","meta":[],"_links":{"self":[{"href":"https:\/\/kontraktacja.larix.com.pl\/cz-ss2027\/wp-json\/wp\/v2\/pages\/7004"}],"collection":[{"href":"https:\/\/kontraktacja.larix.com.pl\/cz-ss2027\/wp-json\/wp\/v2\/pages"}],"about":[{"href":"https:\/\/kontraktacja.larix.com.pl\/cz-ss2027\/wp-json\/wp\/v2\/types\/page"}],"author":[{"embeddable":true,"href":"https:\/\/kontraktacja.larix.com.pl\/cz-ss2027\/wp-json\/wp\/v2\/users\/2"}],"replies":[{"embeddable":true,"href":"https:\/\/kontraktacja.larix.com.pl\/cz-ss2027\/wp-json\/wp\/v2\/comments?post=7004"}],"version-history":[{"count":2,"href":"https:\/\/kontraktacja.larix.com.pl\/cz-ss2027\/wp-json\/wp\/v2\/pages\/7004\/revisions"}],"predecessor-version":[{"id":7020,"href":"https:\/\/kontraktacja.larix.com.pl\/cz-ss2027\/wp-json\/wp\/v2\/pages\/7004\/revisions\/7020"}],"up":[{"embeddable":true,"href":"https:\/\/kontraktacja.larix.com.pl\/cz-ss2027\/wp-json\/wp\/v2\/pages\/7002"}],"wp:attachment":[{"href":"https:\/\/kontraktacja.larix.com.pl\/cz-ss2027\/wp-json\/wp\/v2\/media?parent=7004"}],"curies":[{"name":"wp","href":"https:\/\/api.w.org\/{rel}","templated":true}]}}