{"id":4873,"date":"2023-06-16T13:06:15","date_gmt":"2023-06-16T11:06:15","guid":{"rendered":"https:\/\/kontraktacja.larix.com.pl\/sk-fw2026\/?page_id=4873"},"modified":"2025-12-16T10:14:35","modified_gmt":"2025-12-16T09:14:35","slug":"supernatural","status":"publish","type":"page","link":"https:\/\/kontraktacja.larix.com.pl\/sk-fw2026\/supernatural\/","title":{"rendered":"Supernatural"},"content":{"rendered":"<section class=\"wpb-content-wrapper\"><p>[vc_row row_height_percent=&#8220;0&#8243; override_padding=&#8220;yes&#8220; h_padding=&#8220;2&#8243; top_padding=&#8220;1&#8243; bottom_padding=&#8220;1&#8243; overlay_alpha=&#8220;50&#8243; gutter_size=&#8220;4&#8243; column_width_percent=&#8220;100&#8243; shift_y=&#8220;0&#8243; z_index=&#8220;0&#8243; css=&#8220;.vc_custom_1593758519641{padding-bottom: 200px !important;}&#8220;][vc_column column_width_percent=&#8220;100&#8243; position_horizontal=&#8220;left&#8220; gutter_size=&#8220;2&#8243; overlay_alpha=&#8220;50&#8243; shift_x=&#8220;0&#8243; shift_y=&#8220;0&#8243; shift_y_down=&#8220;0&#8243; z_index=&#8220;0&#8243; medium_width=&#8220;0&#8243; mobile_width=&#8220;0&#8243; width=&#8220;1\/1&#8243; css=&#8220;.vc_custom_1593766338332{padding-top: 72px !important;}&#8220;][uncode_block id=&#8220;4874&#8243;][vc_row_inner limit_content=&#8220;&#8220;][vc_column_inner column_width_percent=&#8220;100&#8243; gutter_size=&#8220;2&#8243; overlay_alpha=&#8220;50&#8243; shift_x=&#8220;0&#8243; shift_y=&#8220;0&#8243; shift_y_down=&#8220;0&#8243; z_index=&#8220;0&#8243; medium_width=&#8220;0&#8243; mobile_width=&#8220;0&#8243; width=&#8220;4\/12&#8243;][vc_custom_heading heading_semantic=&#8220;h3&#8243; text_size=&#8220;fontsize-106533&#8243;]O marce[\/vc_custom_heading][vc_empty_space empty_h=&#8220;2&#8243; desktop_visibility=&#8220;yes&#8220;][\/vc_column_inner][\/vc_row_inner][vc_empty_space empty_h=&#8220;2&#8243;][vc_row_inner limit_content=&#8220;&#8220;][vc_column_inner column_width_percent=&#8220;100&#8243; gutter_size=&#8220;3&#8243; overlay_alpha=&#8220;50&#8243; shift_x=&#8220;0&#8243; shift_y=&#8220;0&#8243; shift_y_down=&#8220;0&#8243; z_index=&#8220;0&#8243; medium_width=&#8220;0&#8243; mobile_width=&#8220;0&#8243; css_animation=&#8220;alpha-anim&#8220; width=&#8220;1\/1&#8243;][vc_column_text text_lead=&#8220;yes&#8220;]Sme p\u00f4vodn\u00fdmi vyn\u00e1lezcami funk\u010dnej \u0161portovej bielizne a odvtedy inovujeme a vytv\u00e1rame v\u00fdnimo\u010dn\u00e9 produkty pre akt\u00edvny \u017eivotn\u00fd \u0161t\u00fdl po\u010das cel\u00e9ho roka. Sna\u017e\u00edme sa by\u0165 st\u00e1le o krok vpred a pretk\u00e1va\u0165 na\u0161e n\u00f3rske dedi\u010dstvo a \u0161vaj\u010diarske in\u017einierstvo do modern\u00e9ho, funk\u010dn\u00e9ho a pohodln\u00e9ho \u0161portov\u00e9ho oble\u010denia.[\/vc_column_text][\/vc_column_inner][\/vc_row_inner][\/vc_column][\/vc_row][vc_row row_height_percent=&#8220;0&#8243; override_padding=&#8220;yes&#8220; h_padding=&#8220;2&#8243; top_padding=&#8220;1&#8243; bottom_padding=&#8220;1&#8243; overlay_alpha=&#8220;50&#8243; gutter_size=&#8220;4&#8243; column_width_percent=&#8220;100&#8243; shift_y=&#8220;0&#8243; z_index=&#8220;0&#8243; css=&#8220;.vc_custom_1594025649769{padding-bottom: 36px !important;}&#8220; el_class=&#8220;materials-section&#8220;][vc_column column_width_percent=&#8220;100&#8243; gutter_size=&#8220;2&#8243; overlay_alpha=&#8220;50&#8243; shift_x=&#8220;0&#8243; shift_y=&#8220;0&#8243; shift_y_down=&#8220;0&#8243; z_index=&#8220;0&#8243; medium_width=&#8220;0&#8243; mobile_width=&#8220;0&#8243; width=&#8220;1\/1&#8243;][vc_row_inner limit_content=&#8220;&#8220;][vc_column_inner column_width_percent=&#8220;100&#8243; gutter_size=&#8220;3&#8243; overlay_alpha=&#8220;50&#8243; shift_x=&#8220;0&#8243; shift_y=&#8220;0&#8243; shift_y_down=&#8220;0&#8243; z_index=&#8220;0&#8243; medium_width=&#8220;0&#8243; mobile_width=&#8220;0&#8243; width=&#8220;1\/1&#8243; css=&#8220;.vc_custom_1595637246000{padding-top: 100px !important;padding-bottom: 50px !important;}&#8220;][vc_custom_heading heading_semantic=&#8220;h3&#8243; text_size=&#8220;fontsize-106533&#8243;]<\/p>\n<div style=\"white-space: normal;\">Materi\u00e1ly pre dod\u00e1vate\u013eov<\/div>\n<p>[\/vc_custom_heading][vc_empty_space empty_h=&#8220;2&#8243;][\/vc_column_inner][\/vc_row_inner][vc_row_inner limit_content=&#8220;&#8220;][vc_column_inner column_width_percent=&#8220;100&#8243; gutter_size=&#8220;3&#8243; overlay_alpha=&#8220;50&#8243; shift_x=&#8220;0&#8243; shift_y=&#8220;0&#8243; shift_y_down=&#8220;0&#8243; z_index=&#8220;0&#8243; medium_width=&#8220;0&#8243; mobile_width=&#8220;0&#8243; width=&#8220;1\/4&#8243;][vc_single_image media=&#8220;7083&#8243; media_width_percent=&#8220;100&#8243; css_animation=&#8220;zoom-in&#8220; media_link=&#8220;url:https%3A%2F%2Fkontraktacja.larix.com.pl%2Fsk-fw2026%2Fsupernatural%2Fkatalogy%2F|title:Katalogi||&#8220;][vc_custom_heading heading_semantic=&#8220;h4&#8243; text_size=&#8220;h1&#8243; text_weight=&#8220;300&#8243;]katal\u00f3gy[\/vc_custom_heading][vc_button button_color=&#8220;color-419637&#8243; size=&#8220;btn-link&#8220; wide=&#8220;yes&#8220; text_skin=&#8220;yes&#8220; border_width=&#8220;0&#8243; icon_position=&#8220;right&#8220; icon=&#8220;fa fa-arrow-right2&#8243; el_class=&#8220;primary-link&#8220; link=&#8220;url:https%3A%2F%2Fkontraktacja.larix.com.pl%2Fsk-fw2026%2Fsupernatural%2Fkatalogy%2F|title:Katalogi||&#8220;]POZORI[\/vc_button][\/vc_column_inner][vc_column_inner width=&#8220;1\/4&#8243;][vc_single_image media=&#8220;7084&#8243; media_width_percent=&#8220;100&#8243; css_animation=&#8220;zoom-in&#8220; media_link=&#8220;url:https%3A%2F%2Fkontraktacja.larix.com.pl%2Fsk-fw2026%2Fsupernatural%2Ftechnologie%2F|title:Technologie||&#8220;][vc_custom_heading heading_semantic=&#8220;h4&#8243; text_size=&#8220;h1&#8243; text_weight=&#8220;300&#8243;]technol\u00f3gie[\/vc_custom_heading][vc_button button_color=&#8220;color-419637&#8243; size=&#8220;btn-link&#8220; wide=&#8220;yes&#8220; text_skin=&#8220;yes&#8220; border_width=&#8220;0&#8243; icon_position=&#8220;right&#8220; icon=&#8220;fa fa-arrow-right2&#8243; el_class=&#8220;primary-link&#8220; link=&#8220;url:https%3A%2F%2Fkontraktacja.larix.com.pl%2Fsk-fw2026%2Fsupernatural%2Ftechnologie%2F|title:Technologie||&#8220;]POZORI[\/vc_button][\/vc_column_inner][vc_column_inner width=&#8220;1\/4&#8243;][vc_single_image media=&#8220;282&#8243; media_width_percent=&#8220;100&#8243; css_animation=&#8220;zoom-in&#8220; media_link=&#8220;url:https%3A%2F%2Fkontraktacja.larix.com.pl%2Fsk-fw2026%2Fsupernatural%2Fobjednavka%2F|title:Zam%C3%B3wienie||&#8220;][vc_custom_heading heading_semantic=&#8220;h4&#8243; text_size=&#8220;h1&#8243; text_weight=&#8220;300&#8243;]objednavka[\/vc_custom_heading][vc_button button_color=&#8220;color-419637&#8243; size=&#8220;btn-link&#8220; wide=&#8220;yes&#8220; text_skin=&#8220;yes&#8220; border_width=&#8220;0&#8243; icon_position=&#8220;right&#8220; icon=&#8220;fa fa-arrow-right2&#8243; el_class=&#8220;primary-link&#8220; link=&#8220;url:https%3A%2F%2Fkontraktacja.larix.com.pl%2Fsk-fw2026%2Fsupernatural%2Fobjednavka%2F|title:Zam%C3%B3wienie||&#8220;]POZORI[\/vc_button][\/vc_column_inner][vc_column_inner width=&#8220;1\/4&#8243;][vc_single_image media=&#8220;280&#8243; media_width_percent=&#8220;100&#8243; css_animation=&#8220;zoom-in&#8220; media_link=&#8220;url:https%3A%2F%2Fkontraktacja.larix.com.pl%2Fsk-fw2026%2Fsupernatural%2Fobchodne-podmienky%2F|title:Warunki%20handlowe||&#8220;][vc_custom_heading heading_semantic=&#8220;h4&#8243; text_size=&#8220;h1&#8243; text_weight=&#8220;300&#8243;]podmienky[\/vc_custom_heading][vc_button button_color=&#8220;color-419637&#8243; size=&#8220;btn-link&#8220; wide=&#8220;yes&#8220; text_skin=&#8220;yes&#8220; border_width=&#8220;0&#8243; icon_position=&#8220;right&#8220; icon=&#8220;fa fa-arrow-right2&#8243; el_class=&#8220;primary-link&#8220; link=&#8220;url:https%3A%2F%2Fkontraktacja.larix.com.pl%2Fsk-fw2026%2Fsupernatural%2Fobchodne-podmienky%2F|title:Warunki%20handlowe||&#8220;]POZORI[\/vc_button][\/vc_column_inner][\/vc_row_inner][\/vc_column][\/vc_row][vc_row row_height_percent=&#8220;0&#8243; override_padding=&#8220;yes&#8220; h_padding=&#8220;2&#8243; top_padding=&#8220;2&#8243; bottom_padding=&#8220;2&#8243; overlay_alpha=&#8220;50&#8243; gutter_size=&#8220;4&#8243; column_width_percent=&#8220;100&#8243; shift_y=&#8220;0&#8243; z_index=&#8220;0&#8243;][vc_column column_width_percent=&#8220;100&#8243; gutter_size=&#8220;2&#8243; overlay_alpha=&#8220;50&#8243; shift_x=&#8220;0&#8243; shift_y=&#8220;0&#8243; shift_y_down=&#8220;0&#8243; z_index=&#8220;0&#8243; medium_width=&#8220;0&#8243; mobile_width=&#8220;0&#8243; width=&#8220;1\/1&#8243; css=&#8220;.vc_custom_1595637268669{padding-top: 50px !important;}&#8220;][vc_single_image media=&#8220;6526&#8243; media_width_percent=&#8220;100&#8243;][\/vc_column][\/vc_row][vc_row][vc_column column_width_percent=&#8220;100&#8243; gutter_size=&#8220;3&#8243; overlay_alpha=&#8220;50&#8243; shift_x=&#8220;0&#8243; shift_y=&#8220;0&#8243; shift_y_down=&#8220;0&#8243; z_index=&#8220;0&#8243; medium_width=&#8220;0&#8243; mobile_width=&#8220;0&#8243; width=&#8220;1\/1&#8243; css=&#8220;.vc_custom_1625244552867{padding-top: 50px !important;}&#8220;][vc_custom_heading heading_semantic=&#8220;h3&#8243; text_size=&#8220;fontsize-106533&#8243;]Kontakt[\/vc_custom_heading][\/vc_column][\/vc_row][vc_row row_height_percent=&#8220;0&#8243; overlay_alpha=&#8220;50&#8243; gutter_size=&#8220;4&#8243; column_width_percent=&#8220;100&#8243; shift_y=&#8220;0&#8243; z_index=&#8220;0&#8243; css=&#8220;.vc_custom_1594802150188{margin-top: 72px !important;margin-bottom: 72px !important;}&#8220;][vc_column width=&#8220;1\/2&#8243;][vc_row_inner limit_content=&#8220;&#8220;][vc_column_inner width=&#8220;1\/4&#8243;][vc_single_image media=&#8220;7086&#8243; media_width_percent=&#8220;100&#8243; shape=&#8220;img-circle&#8220;][\/vc_column_inner][vc_column_inner width=&#8220;3\/4&#8243;][vc_column_text]<\/p>\n<h3>Karolina Baran<\/h3>\n<p>Obchodn\u00fd z\u00e1stupca<br \/>\ntel. <a href=\"tel:+421904845454\">+421 904 845 454<\/a><br \/>\ne-mail: <a href=\"mailto:k.baran@larix.com.pl\">k.baran@larix.com.pl<\/a>[\/vc_column_text][\/vc_column_inner][\/vc_row_inner][\/vc_column][vc_column width=&#8220;1\/2&#8243;][vc_row_inner limit_content=&#8220;&#8220;][vc_column_inner width=&#8220;1\/4&#8243;][vc_single_image media=&#8220;5836&#8243; media_width_percent=&#8220;100&#8243; shape=&#8220;img-circle&#8220;][\/vc_column_inner][vc_column_inner width=&#8220;3\/4&#8243;][vc_column_text]<\/p>\n<h3>Micha\u0142 Tworek<\/h3>\n<p>Brand Manager<br \/>\ntel. <a href=\"tel:+48 601 678 473\">+48 601 678 473<\/a><br \/>\ne-mail: <a href=\"mailto:m.tworek@larix.com.pl\">m.tworek@larix.com.pl<\/a>[\/vc_column_text][\/vc_column_inner][\/vc_row_inner][\/vc_column][\/vc_row]<\/p>\n<\/section>","protected":false},"excerpt":{"rendered":"<p>[vc_row row_height_percent=&#8220;0&#8243; override_padding=&#8220;yes&#8220; h_padding=&#8220;2&#8243; top_padding=&#8220;1&#8243; bottom_padding=&#8220;1&#8243; overlay_alpha=&#8220;50&#8243; gutter_size=&#8220;4&#8243; column_width_percent=&#8220;100&#8243; shift_y=&#8220;0&#8243; z_index=&#8220;0&#8243; css=&#8220;.vc_custom_1593758519641{padding-bottom: 200px !important;}&#8220;][vc_column column_width_percent=&#8220;100&#8243; position_horizontal=&#8220;left&#8220; gutter_size=&#8220;2&#8243; overlay_alpha=&#8220;50&#8243; shift_x=&#8220;0&#8243; shift_y=&#8220;0&#8243; [&hellip;]<\/p>\n","protected":false},"author":2,"featured_media":0,"parent":0,"menu_order":0,"comment_status":"closed","ping_status":"closed","template":"","meta":[],"_links":{"self":[{"href":"https:\/\/kontraktacja.larix.com.pl\/sk-fw2026\/wp-json\/wp\/v2\/pages\/4873"}],"collection":[{"href":"https:\/\/kontraktacja.larix.com.pl\/sk-fw2026\/wp-json\/wp\/v2\/pages"}],"about":[{"href":"https:\/\/kontraktacja.larix.com.pl\/sk-fw2026\/wp-json\/wp\/v2\/types\/page"}],"author":[{"embeddable":true,"href":"https:\/\/kontraktacja.larix.com.pl\/sk-fw2026\/wp-json\/wp\/v2\/users\/2"}],"replies":[{"embeddable":true,"href":"https:\/\/kontraktacja.larix.com.pl\/sk-fw2026\/wp-json\/wp\/v2\/comments?post=4873"}],"version-history":[{"count":28,"href":"https:\/\/kontraktacja.larix.com.pl\/sk-fw2026\/wp-json\/wp\/v2\/pages\/4873\/revisions"}],"predecessor-version":[{"id":7087,"href":"https:\/\/kontraktacja.larix.com.pl\/sk-fw2026\/wp-json\/wp\/v2\/pages\/4873\/revisions\/7087"}],"wp:attachment":[{"href":"https:\/\/kontraktacja.larix.com.pl\/sk-fw2026\/wp-json\/wp\/v2\/media?parent=4873"}],"curies":[{"name":"wp","href":"https:\/\/api.w.org\/{rel}","templated":true}]}}