{"id":28,"date":"2020-06-23T14:34:33","date_gmt":"2020-06-23T12:34:33","guid":{"rendered":"http:\/\/larix.ageno.work\/?page_id=28"},"modified":"2025-05-26T11:22:04","modified_gmt":"2025-05-26T09:22:04","slug":"strona-glowna","status":"publish","type":"page","link":"https:\/\/kontraktacja.larix.com.pl\/sk-ss2027\/","title":{"rendered":"Strona g\u0142\u00f3wna"},"content":{"rendered":"<section class=\"wpb-content-wrapper\"><p>[vc_row row_height_percent=&#8220;80&#8243; override_padding=&#8220;yes&#8220; h_padding=&#8220;1&#8243; top_padding=&#8220;0&#8243; bottom_padding=&#8220;5&#8243; back_color=&#8220;color-xsdn&#8220; back_image=&#8220;6966&#8243; back_position=&#8220;center bottom&#8220; parallax=&#8220;yes&#8220; overlay_alpha=&#8220;80&#8243; equal_height=&#8220;yes&#8220; gutter_size=&#8220;4&#8243; column_width_percent=&#8220;100&#8243; shift_y=&#8220;0&#8243; z_index=&#8220;0&#8243; row_name=&#8220;hero&#8220;][vc_column column_width_percent=&#8220;100&#8243; position_horizontal=&#8220;left&#8220; position_vertical=&#8220;middle&#8220; gutter_size=&#8220;1&#8243; style=&#8220;dark&#8220; overlay_alpha=&#8220;50&#8243; shift_x=&#8220;0&#8243; shift_y=&#8220;0&#8243; shift_y_down=&#8220;0&#8243; z_index=&#8220;0&#8243; medium_width=&#8220;0&#8243; mobile_width=&#8220;0&#8243; width=&#8220;1\/1&#8243;][vc_custom_heading heading_semantic=&#8220;h3&#8243; text_font=&#8220;font-555555&#8243; text_size=&#8220;fontsize-333098&#8243; text_weight=&#8220;600&#8243; text_height=&#8220;fontheight-654666&#8243; text_color=&#8220;color-xsdn&#8220; css_animation=&#8220;bottom-t-top&#8220;]Distrib\u00fator \u0161portov\u00e9ho a detsk\u00e9ho oble\u010denia a doplnkov[\/vc_custom_heading][\/vc_column][\/vc_row][vc_row][vc_column column_width_percent=&#8220;100&#8243; align_horizontal=&#8220;align_center&#8220; gutter_size=&#8220;3&#8243; overlay_alpha=&#8220;50&#8243; shift_x=&#8220;0&#8243; shift_y=&#8220;0&#8243; shift_y_down=&#8220;0&#8243; z_index=&#8220;0&#8243; medium_width=&#8220;0&#8243; mobile_width=&#8220;0&#8243; width=&#8220;1\/1&#8243;][vc_custom_heading heading_semantic=&#8220;h3&#8243; text_font=&#8220;font-555555&#8243; text_size=&#8220;fontsize-106533&#8243; text_weight=&#8220;700&#8243;]Zmluvn\u00e9 materi\u00e1ly[\/vc_custom_heading][vc_column_text]Prejdite na webov\u00fa str\u00e1nku vybranej zna\u010dky a stiahnite si potrebn\u00e9 materi\u00e1ly[\/vc_column_text][vc_column_text]<\/p>\n<p style=\"color: #d2092d;\">Objedn\u00e1vky pros\u00edm zad\u00e1vajte len cez objedn\u00e1vkov\u00fd formul\u00e1r. \u010eakujem<\/p>\n<p>[\/vc_column_text][\/vc_column][\/vc_row][vc_row row_height_percent=&#8220;0&#8243; override_padding=&#8220;yes&#8220; h_padding=&#8220;2&#8243; top_padding=&#8220;0&#8243; bottom_padding=&#8220;0&#8243; overlay_alpha=&#8220;50&#8243; gutter_size=&#8220;3&#8243; column_width_percent=&#8220;100&#8243; shift_y=&#8220;0&#8243; z_index=&#8220;0&#8243;][vc_column column_width_percent=&#8220;100&#8243; gutter_size=&#8220;3&#8243; override_padding=&#8220;yes&#8220; column_padding=&#8220;0&#8243; overlay_alpha=&#8220;50&#8243; shift_x=&#8220;0&#8243; shift_y=&#8220;0&#8243; shift_y_down=&#8220;0&#8243; z_index=&#8220;0&#8243; medium_width=&#8220;0&#8243; mobile_width=&#8220;0&#8243; width=&#8220;1\/1&#8243; css=&#8220;.vc_custom_1594193333458{padding-bottom: 36px !important;}&#8220;][uncode_block id=&#8220;435&#8243;][\/vc_column][\/vc_row][vc_row row_height_percent=&#8220;0&#8243; override_padding=&#8220;yes&#8220; h_padding=&#8220;2&#8243; top_padding=&#8220;5&#8243; bottom_padding=&#8220;5&#8243; overlay_alpha=&#8220;50&#8243; gutter_size=&#8220;3&#8243; column_width_percent=&#8220;100&#8243; shift_y=&#8220;0&#8243; z_index=&#8220;2&#8243; bottom_divider=&#8220;swoosh-opacity&#8220;][vc_column column_width_use_pixel=&#8220;yes&#8220; position_vertical=&#8220;middle&#8220; align_horizontal=&#8220;align_center&#8220; gutter_size=&#8220;3&#8243; overlay_alpha=&#8220;50&#8243; shift_x=&#8220;0&#8243; shift_y=&#8220;0&#8243; shift_y_down=&#8220;0&#8243; shift_y_down_fixed=&#8220;yes&#8220; z_index=&#8220;0&#8243; medium_width=&#8220;0&#8243; align_mobile=&#8220;align_center_mobile&#8220; mobile_width=&#8220;0&#8243; width=&#8220;1\/1&#8243; column_width_pixel=&#8220;900&#8243;][vc_row_inner limit_content=&#8220;&#8220;][vc_column_inner column_width_use_pixel=&#8220;yes&#8220; align_horizontal=&#8220;align_center&#8220; gutter_size=&#8220;2&#8243; override_padding=&#8220;yes&#8220; column_padding=&#8220;0&#8243; overlay_alpha=&#8220;50&#8243; shift_x=&#8220;0&#8243; shift_y=&#8220;0&#8243; shift_y_down=&#8220;0&#8243; z_index=&#8220;0&#8243; medium_width=&#8220;0&#8243; mobile_width=&#8220;0&#8243; width=&#8220;1\/1&#8243; column_width_pixel=&#8220;900&#8243;][vc_custom_heading heading_semantic=&#8220;h3&#8243; text_font=&#8220;font-555555&#8243; text_size=&#8220;fontsize-106533&#8243; text_weight=&#8220;700&#8243;]O firmie[\/vc_custom_heading][vc_column_text]Spolo\u010dnos\u0165 <strong>LARIX<\/strong> bola zalo\u017een\u00e1 v roku 1993 a v s\u00fa\u010dasnosti ma viac ako 1 100 z\u00e1kazn\u00edkov v celom Po\u013esku. Medzi na\u0161ich klientov patria ve\u013ekoobchody a \u0161portov\u00e9 predajne, detsk\u00e9 predajne a obchodn\u00e9 re\u0165azce.<\/p>\n<p><strong>VIKING<\/strong> je po\u013esk\u00e1 \u0161portov\u00e1 zna\u010dka, ktor\u00fa vlastn\u00ed a vyr\u00e1ba spolo\u010dnos\u0165 LARIX. VIKING sp\u00e1ja v\u00e1\u0161e\u0148, modern\u00e9 technologick\u00e9 rie\u0161enia a najnov\u0161ie trendy vo farb\u00e1ch a dizajne. Ako zna\u010dka silne spojen\u00e1 s pr\u00edrodou a vonkaj\u0161\u00edm prostred\u00edm sa neust\u00e1le sna\u017e\u00edme zlep\u0161ova\u0165 na\u0161e produkty pomocou ekologick\u00fdch rie\u0161en\u00ed, aby boli dobr\u00e9 nielen pre koncov\u00e9ho u\u017e\u00edvate\u013ea, ale aj pre na\u0161u plan\u00e9tu.[\/vc_column_text][\/vc_column_inner][\/vc_row_inner][\/vc_column][\/vc_row][vc_row row_height_percent=&#8220;100&#8243; back_image=&#8220;6969&#8243; overlay_alpha=&#8220;50&#8243; gutter_size=&#8220;3&#8243; column_width_percent=&#8220;100&#8243; shift_y=&#8220;0&#8243; z_index=&#8220;0&#8243;][vc_column column_width_percent=&#8220;100&#8243; align_horizontal=&#8220;align_center&#8220; gutter_size=&#8220;3&#8243; overlay_alpha=&#8220;50&#8243; shift_x=&#8220;0&#8243; shift_y=&#8220;0&#8243; shift_y_down=&#8220;0&#8243; z_index=&#8220;0&#8243; medium_width=&#8220;0&#8243; mobile_width=&#8220;0&#8243; width=&#8220;1\/1&#8243;][vc_custom_heading heading_semantic=&#8220;h3&#8243; text_font=&#8220;font-555555&#8243; text_size=&#8220;fontsize-106533&#8243; text_weight=&#8220;700&#8243;]Vitajte v Showroome[\/vc_custom_heading][vc_column_text]<\/p>\n<div>ul. Bielska 1124<br \/>\nBuczkowice (k. Bielska-Bia\u0142ej)<\/div>\n<p>[\/vc_column_text][vc_single_image media=&#8220;6971&#8243; media_width_percent=&#8220;75&#8243; media_ratio=&#8220;sixteen-nine&#8220; alignment=&#8220;center&#8220; media_link=&#8220;||target:%20_blank|&#8220;][\/vc_column][\/vc_row][vc_row row_height_percent=&#8220;0&#8243; back_color=&#8220;color-xsdn&#8220; overlay_alpha=&#8220;50&#8243; gutter_size=&#8220;3&#8243; column_width_percent=&#8220;100&#8243; shift_y=&#8220;0&#8243; z_index=&#8220;0&#8243;][vc_column column_width_percent=&#8220;100&#8243; align_horizontal=&#8220;align_center&#8220; gutter_size=&#8220;3&#8243; overlay_alpha=&#8220;50&#8243; shift_x=&#8220;0&#8243; shift_y=&#8220;0&#8243; shift_y_down=&#8220;0&#8243; z_index=&#8220;0&#8243; medium_width=&#8220;0&#8243; mobile_width=&#8220;0&#8243; width=&#8220;1\/1&#8243;][vc_custom_heading heading_semantic=&#8220;h3&#8243; text_font=&#8220;font-555555&#8243; text_size=&#8220;fontsize-106533&#8243; text_weight=&#8220;700&#8243;]Kontakt[\/vc_custom_heading][vc_column_text text_lead=&#8220;yes&#8220;]<strong>Na\u0161i obchodn\u00ed z\u00e1stupcovia<\/strong>[\/vc_column_text][\/vc_column][\/vc_row][vc_row row_height_percent=&#8220;0&#8243; override_padding=&#8220;yes&#8220; h_padding=&#8220;1&#8243; top_padding=&#8220;1&#8243; bottom_padding=&#8220;1&#8243; back_color=&#8220;color-lxmt&#8220; overlay_alpha=&#8220;50&#8243; gutter_size=&#8220;4&#8243; column_width_percent=&#8220;100&#8243; shift_y=&#8220;0&#8243; z_index=&#8220;0&#8243;][vc_column column_width_percent=&#8220;100&#8243; align_horizontal=&#8220;align_center&#8220; gutter_size=&#8220;2&#8243; overlay_alpha=&#8220;50&#8243; shift_x=&#8220;0&#8243; shift_y=&#8220;0&#8243; shift_y_down=&#8220;0&#8243; z_index=&#8220;0&#8243; medium_width=&#8220;0&#8243; mobile_width=&#8220;0&#8243; width=&#8220;1\/1&#8243;][vc_gallery el_id=&#8220;gallery-144284-575-936&#8243; isotope_mode=&#8220;cellsByRow&#8220; medias=&#8220;6025,6697,6029&#8243; gutter_size=&#8220;3&#8243; screen_lg=&#8220;1000&#8243; screen_md=&#8220;600&#8243; screen_sm=&#8220;480&#8243; single_width=&#8220;2&#8243; single_overlay_opacity=&#8220;1&#8243; single_image_anim=&#8220;no&#8220; single_h_align=&#8220;center&#8220; single_padding=&#8220;2&#8243; single_border=&#8220;yes&#8220;][\/vc_column][\/vc_row][vc_row row_height_percent=&#8220;0&#8243; overlay_alpha=&#8220;50&#8243; gutter_size=&#8220;3&#8243; column_width_percent=&#8220;100&#8243; shift_y=&#8220;0&#8243; z_index=&#8220;0&#8243; css=&#8220;.vc_custom_1594801757437{margin-top: 72px !important;margin-bottom: 72px !important;}&#8220;][vc_column width=&#8220;1\/3&#8243;][vc_row_inner limit_content=&#8220;&#8220;][vc_column_inner width=&#8220;1\/4&#8243;][vc_single_image media=&#8220;6641&#8243; media_width_percent=&#8220;100&#8243; shape=&#8220;img-circle&#8220;][\/vc_column_inner][vc_column_inner width=&#8220;3\/4&#8243;][vc_column_text]<\/p>\n<h3>Karolina Baran<\/h3>\n<p>Obchodn\u00fd z\u00e1stupca<br \/>\ntel. <a href=\"tel:+421 904 845 454\">+421 904 845 454<\/a><br \/>\ne-mail: <a href=\"mailto:k.baran@larix.com.pl\">k.baran@larix.com.pl<\/a>[\/vc_column_text][\/vc_column_inner][\/vc_row_inner][\/vc_column][vc_column width=&#8220;1\/3&#8243;][\/vc_column][vc_column width=&#8220;1\/3&#8243;][\/vc_column][\/vc_row][vc_row row_height_percent=&#8220;0&#8243; overlay_alpha=&#8220;50&#8243; gutter_size=&#8220;3&#8243; column_width_percent=&#8220;100&#8243; shift_y=&#8220;0&#8243; z_index=&#8220;0&#8243; css=&#8220;.vc_custom_1705661898474{padding-top: 50px !important;}&#8220;][vc_column width=&#8220;1\/1&#8243;][vc_custom_heading heading_semantic=&#8220;h3&#8243; text_font=&#8220;font-555555&#8243; text_size=&#8220;fontsize-106533&#8243; text_weight=&#8220;700&#8243;]Kontaktuj n\u00e1s![\/vc_custom_heading][\/vc_column][\/vc_row][vc_row row_height_percent=&#8220;0&#8243; overlay_alpha=&#8220;50&#8243; gutter_size=&#8220;4&#8243; column_width_percent=&#8220;100&#8243; shift_y=&#8220;0&#8243; z_index=&#8220;0&#8243; css=&#8220;.vc_custom_1594196594644{padding-top: 32px !important;padding-bottom: 72px !important;}&#8220;][vc_column width=&#8220;1\/3&#8243;]<div role=\"form\" class=\"wpcf7\" id=\"wpcf7-f14-o1\" lang=\"pl-PL\" dir=\"ltr\">\n<div class=\"screen-reader-response\"><p role=\"status\" aria-live=\"polite\" aria-atomic=\"true\"><\/p> <ul><\/ul><\/div>\n<form action=\"\/sk-ss2027\/wp-json\/wp\/v2\/pages\/28#wpcf7-f14-o1\" method=\"post\" class=\"wpcf7-form init\" novalidate=\"novalidate\" data-status=\"init\">\n<div style=\"display: none;\">\n<input type=\"hidden\" name=\"_wpcf7\" value=\"14\" \/>\n<input type=\"hidden\" name=\"_wpcf7_version\" value=\"5.3.2\" \/>\n<input type=\"hidden\" name=\"_wpcf7_locale\" value=\"pl_PL\" \/>\n<input type=\"hidden\" name=\"_wpcf7_unit_tag\" value=\"wpcf7-f14-o1\" \/>\n<input type=\"hidden\" name=\"_wpcf7_container_post\" value=\"0\" \/>\n<input type=\"hidden\" name=\"_wpcf7_posted_data_hash\" value=\"\" \/>\n<\/div>\n<p><label> Meno a priezvisko<br \/>\n    <span class=\"wpcf7-form-control-wrap your-name\"><input type=\"text\" name=\"your-name\" value=\"\" size=\"40\" class=\"wpcf7-form-control wpcf7-text wpcf7-validates-as-required\" aria-required=\"true\" aria-invalid=\"false\" \/><\/span> <\/label><\/p>\n<p><label> Emailov\u00e1 adresa<br \/>\n    <span class=\"wpcf7-form-control-wrap your-email\"><input type=\"email\" name=\"your-email\" value=\"\" size=\"40\" class=\"wpcf7-form-control wpcf7-text wpcf7-email wpcf7-validates-as-required wpcf7-validates-as-email\" aria-required=\"true\" aria-invalid=\"false\" \/><\/span> <\/label><\/p>\n<p><label> Spr\u00e1va:<br \/>\n    <span class=\"wpcf7-form-control-wrap your-message\"><textarea name=\"your-message\" cols=\"40\" rows=\"10\" class=\"wpcf7-form-control wpcf7-textarea\" aria-invalid=\"false\"><\/textarea><\/span> <\/label><\/p>\n<p><span class=\"wpcf7-form-control-wrap acceptance-356\"><span class=\"wpcf7-form-control wpcf7-acceptance optional\"><span class=\"wpcf7-list-item\"><label><input type=\"checkbox\" name=\"acceptance-356\" value=\"1\" aria-invalid=\"false\" \/><span class=\"wpcf7-list-item-label\">S\u00fahlas\u00edm so z\u00e1sadami ochrany osobn\u00fdch \u00fadajov webovej str\u00e1nky.<\/span><\/label><\/span><\/span><\/span><\/p>\n<p><input type=\"submit\" value=\"Odosla\u0165\" class=\"wpcf7-form-control wpcf7-submit\" \/><\/p>\n<div class=\"wpcf7-response-output\" aria-hidden=\"true\"><\/div><\/form><\/div>[\/vc_column][vc_column width=&#8220;2\/3&#8243;][vc_column_text]<strong style=\"color: #003383;\">LARIX S. K. A.<\/strong><\/p>\n<p>ul. Bielska 1124<br \/>\n43-374 Buczkowice, k\/Bielska-Bia\u0142ej<\/p>\n<p>tel. (+48) 33 497 50 40<br \/>\nfax (+48) 33 497 50 41[\/vc_column_text][vc_single_image media=&#8220;465&#8243; media_width_percent=&#8220;100&#8243; media_link=&#8220;url:https%3A%2F%2Fwww.google.com%2Fmaps%2Fplace%2F%2522LARIX%2522%2BSp%25C3%25B3%25C5%2582ka%2BJawna%2F%4049.7360488%2C19.0618836%2C17z%2Fdata%3D!4m8!1m2!2m1!1sul.%2BBielska%2B1124%2B43-374%2BBuczkowice%2C%2Bk%252FBielska-Bia%25C5%2582ej!3m4!1s0x471420f219d69483%3A0x7e5c768c8233d8e0!8m2!3d49.7361535!4d19.0650523||target:%20_blank|rel:nofollow&#8220;][\/vc_column][\/vc_row]<\/p>\n<\/section>","protected":false},"excerpt":{"rendered":"<p>[vc_row row_height_percent=&#8220;80&#8243; override_padding=&#8220;yes&#8220; h_padding=&#8220;1&#8243; top_padding=&#8220;0&#8243; bottom_padding=&#8220;5&#8243; back_color=&#8220;color-xsdn&#8220; back_image=&#8220;6966&#8243; back_position=&#8220;center bottom&#8220; parallax=&#8220;yes&#8220; overlay_alpha=&#8220;80&#8243; equal_height=&#8220;yes&#8220; gutter_size=&#8220;4&#8243; column_width_percent=&#8220;100&#8243; shift_y=&#8220;0&#8243; z_index=&#8220;0&#8243; row_name=&#8220;hero&#8220;][vc_column column_width_percent=&#8220;100&#8243; position_horizontal=&#8220;left&#8220; [&hellip;]<\/p>\n","protected":false},"author":2,"featured_media":0,"parent":0,"menu_order":0,"comment_status":"closed","ping_status":"closed","template":"","meta":[],"_links":{"self":[{"href":"https:\/\/kontraktacja.larix.com.pl\/sk-ss2027\/wp-json\/wp\/v2\/pages\/28"}],"collection":[{"href":"https:\/\/kontraktacja.larix.com.pl\/sk-ss2027\/wp-json\/wp\/v2\/pages"}],"about":[{"href":"https:\/\/kontraktacja.larix.com.pl\/sk-ss2027\/wp-json\/wp\/v2\/types\/page"}],"author":[{"embeddable":true,"href":"https:\/\/kontraktacja.larix.com.pl\/sk-ss2027\/wp-json\/wp\/v2\/users\/2"}],"replies":[{"embeddable":true,"href":"https:\/\/kontraktacja.larix.com.pl\/sk-ss2027\/wp-json\/wp\/v2\/comments?post=28"}],"version-history":[{"count":206,"href":"https:\/\/kontraktacja.larix.com.pl\/sk-ss2027\/wp-json\/wp\/v2\/pages\/28\/revisions"}],"predecessor-version":[{"id":6973,"href":"https:\/\/kontraktacja.larix.com.pl\/sk-ss2027\/wp-json\/wp\/v2\/pages\/28\/revisions\/6973"}],"wp:attachment":[{"href":"https:\/\/kontraktacja.larix.com.pl\/sk-ss2027\/wp-json\/wp\/v2\/media?parent=28"}],"curies":[{"name":"wp","href":"https:\/\/api.w.org\/{rel}","templated":true}]}}