{"id":4833,"date":"2023-06-16T11:21:54","date_gmt":"2023-06-16T09:21:54","guid":{"rendered":"https:\/\/kontraktacja.larix.com.pl\/ss2027\/?page_id=4833"},"modified":"2025-06-25T08:26:49","modified_gmt":"2025-06-25T06:26:49","slug":"bbb","status":"publish","type":"page","link":"https:\/\/kontraktacja.larix.com.pl\/ss2027\/bbb\/","title":{"rendered":"BBB"},"content":{"rendered":"<section class=\"wpb-content-wrapper\"><p>[vc_row row_height_percent=&#8221;0&#8243; override_padding=&#8221;yes&#8221; h_padding=&#8221;2&#8243; top_padding=&#8221;1&#8243; bottom_padding=&#8221;1&#8243; overlay_alpha=&#8221;50&#8243; gutter_size=&#8221;4&#8243; column_width_percent=&#8221;100&#8243; shift_y=&#8221;0&#8243; z_index=&#8221;0&#8243; css=&#8221;.vc_custom_1593758519641{padding-bottom: 200px !important;}&#8221;][vc_column column_width_percent=&#8221;100&#8243; position_horizontal=&#8221;left&#8221; gutter_size=&#8221;2&#8243; overlay_alpha=&#8221;50&#8243; shift_x=&#8221;0&#8243; shift_y=&#8221;0&#8243; shift_y_down=&#8221;0&#8243; z_index=&#8221;0&#8243; medium_width=&#8221;0&#8243; mobile_width=&#8221;0&#8243; width=&#8221;1\/1&#8243; css=&#8221;.vc_custom_1593766338332{padding-top: 72px !important;}&#8221;][uncode_block id=&#8221;4826&#8243;][vc_row_inner limit_content=&#8221;&#8221;][vc_column_inner column_width_percent=&#8221;100&#8243; gutter_size=&#8221;2&#8243; overlay_alpha=&#8221;50&#8243; shift_x=&#8221;0&#8243; shift_y=&#8221;0&#8243; shift_y_down=&#8221;0&#8243; z_index=&#8221;0&#8243; medium_width=&#8221;0&#8243; mobile_width=&#8221;0&#8243; width=&#8221;4\/12&#8243;][vc_custom_heading heading_semantic=&#8221;h3&#8243; text_size=&#8221;fontsize-106533&#8243;]O marce[\/vc_custom_heading][vc_empty_space empty_h=&#8221;2&#8243; desktop_visibility=&#8221;yes&#8221;][\/vc_column_inner][\/vc_row_inner][vc_empty_space empty_h=&#8221;2&#8243;][vc_row_inner limit_content=&#8221;&#8221;][vc_column_inner column_width_percent=&#8221;100&#8243; gutter_size=&#8221;3&#8243; overlay_alpha=&#8221;50&#8243; shift_x=&#8221;0&#8243; shift_y=&#8221;0&#8243; shift_y_down=&#8221;0&#8243; z_index=&#8221;0&#8243; medium_width=&#8221;0&#8243; mobile_width=&#8221;0&#8243; css_animation=&#8221;alpha-anim&#8221; width=&#8221;1\/1&#8243;][vc_column_text text_lead=&#8221;yes&#8221;]<\/p>\n<h3>K2 Skate<\/h3>\n<p>Pi\u0119\u0107dziesi\u0105t jeden lat temu na ameryka\u0144skiej wyspie Vashon Island narodzi\u0142o si\u0119 K2, znane dzi\u015b jako potentat w segmencie producent\u00f3w sprz\u0119tu sportowego, mi\u0119dzy innymi nart i snowboard\u00f3w. W szerokim portfolio grupy znajduje si\u0119 r\u00f3wnie\u017c marka K2 Skate produkuj\u0105ca rolki, kt\u00f3ra w 1994 roku zrewolucjonizowa\u0142a rynek, wprowadzaj\u0105c w \u015bwiat rolkarstwa mi\u0119kkiego buta.[\/vc_column_text][\/vc_column_inner][\/vc_row_inner][\/vc_column][\/vc_row][vc_row row_height_percent=&#8221;0&#8243; override_padding=&#8221;yes&#8221; h_padding=&#8221;2&#8243; top_padding=&#8221;1&#8243; bottom_padding=&#8221;1&#8243; overlay_alpha=&#8221;50&#8243; gutter_size=&#8221;4&#8243; column_width_percent=&#8221;100&#8243; shift_y=&#8221;0&#8243; z_index=&#8221;0&#8243; css=&#8221;.vc_custom_1594025649769{padding-bottom: 36px !important;}&#8221; el_class=&#8221;materials-section&#8221;][vc_column column_width_percent=&#8221;100&#8243; gutter_size=&#8221;2&#8243; overlay_alpha=&#8221;50&#8243; shift_x=&#8221;0&#8243; shift_y=&#8221;0&#8243; shift_y_down=&#8221;0&#8243; z_index=&#8221;0&#8243; medium_width=&#8221;0&#8243; mobile_width=&#8221;0&#8243; width=&#8221;1\/1&#8243;][vc_row_inner limit_content=&#8221;&#8221;][vc_column_inner column_width_percent=&#8221;100&#8243; gutter_size=&#8221;3&#8243; overlay_alpha=&#8221;50&#8243; shift_x=&#8221;0&#8243; shift_y=&#8221;0&#8243; shift_y_down=&#8221;0&#8243; z_index=&#8221;0&#8243; medium_width=&#8221;0&#8243; mobile_width=&#8221;0&#8243; width=&#8221;1\/1&#8243; css=&#8221;.vc_custom_1595629329370{padding-top: 100px !important;padding-bottom: 50px !important;}&#8221;][vc_custom_heading heading_semantic=&#8221;h3&#8243; text_size=&#8221;fontsize-106533&#8243;]<\/p>\n<div style=\"white-space: normal;\">Materia\u0142y dla kontrahent\u00f3w<\/div>\n<p>[\/vc_custom_heading][vc_empty_space empty_h=&#8221;2&#8243;][\/vc_column_inner][\/vc_row_inner][vc_row_inner limit_content=&#8221;&#8221;][vc_column_inner column_width_percent=&#8221;100&#8243; gutter_size=&#8221;3&#8243; overlay_alpha=&#8221;50&#8243; shift_x=&#8221;0&#8243; shift_y=&#8221;0&#8243; shift_y_down=&#8221;0&#8243; z_index=&#8221;0&#8243; medium_width=&#8221;0&#8243; mobile_width=&#8221;0&#8243; width=&#8221;1\/4&#8243;][vc_single_image media=&#8221;8659&#8243; media_width_percent=&#8221;100&#8243; css_animation=&#8221;zoom-in&#8221; media_link=&#8221;url:https%3A%2F%2Fkontraktacja.larix.com.pl%2Fss2027%2Fbbb%2Fkatalogi%2F|title:Katalogi||&#8221;][vc_custom_heading heading_semantic=&#8221;h4&#8243; text_size=&#8221;h1&#8243; text_weight=&#8221;300&#8243;]katalogi[\/vc_custom_heading][vc_button button_color=&#8221;color-556255&#8243; size=&#8221;btn-link&#8221; wide=&#8221;yes&#8221; text_skin=&#8221;yes&#8221; border_width=&#8221;0&#8243; icon_position=&#8221;right&#8221; icon=&#8221;fa fa-arrow-right2&#8243; el_class=&#8221;primary-link&#8221; link=&#8221;url:https%3A%2F%2Fkontraktacja.larix.com.pl%2Fss2027%2Fbbb%2Fkatalogi%2F|title:Katalogi||&#8221;]zobacz[\/vc_button][\/vc_column_inner][vc_column_inner width=&#8221;1\/4&#8243;][vc_single_image media=&#8221;8113&#8243; media_width_percent=&#8221;100&#8243; css_animation=&#8221;zoom-in&#8221; media_link=&#8221;url:https%3A%2F%2Fkontraktacja.larix.com.pl%2Fss2027%2Fbbb%2Ftechnologie%2F|title:Technologie||&#8221;][vc_custom_heading heading_semantic=&#8221;h4&#8243; text_size=&#8221;h1&#8243; text_weight=&#8221;300&#8243;]technologie[\/vc_custom_heading][vc_button button_color=&#8221;color-556255&#8243; size=&#8221;btn-link&#8221; wide=&#8221;yes&#8221; text_skin=&#8221;yes&#8221; border_width=&#8221;0&#8243; icon_position=&#8221;right&#8221; icon=&#8221;fa fa-arrow-right2&#8243; el_class=&#8221;primary-link&#8221; link=&#8221;url:https%3A%2F%2Fkontraktacja.larix.com.pl%2Fss2027%2Fbbb%2Ftechnologie%2F|title:Technologie||&#8221;]zobacz[\/vc_button][\/vc_column_inner][vc_column_inner width=&#8221;1\/4&#8243;][vc_single_image media=&#8221;282&#8243; media_width_percent=&#8221;100&#8243; css_animation=&#8221;zoom-in&#8221; media_link=&#8221;url:https%3A%2F%2Fkontraktacja.larix.com.pl%2Fss2027%2Fbbb%2Fzamowienie%2F|title:Zam%C3%B3wienie||&#8221;][vc_custom_heading heading_semantic=&#8221;h4&#8243; text_size=&#8221;h1&#8243; text_weight=&#8221;300&#8243;]zam\u00f3wienie[\/vc_custom_heading][vc_button button_color=&#8221;color-556255&#8243; size=&#8221;btn-link&#8221; wide=&#8221;yes&#8221; text_skin=&#8221;yes&#8221; border_width=&#8221;0&#8243; icon_position=&#8221;right&#8221; icon=&#8221;fa fa-arrow-right2&#8243; el_class=&#8221;primary-link&#8221; link=&#8221;url:https%3A%2F%2Fkontraktacja.larix.com.pl%2Fss2027%2Fbbb%2Fzamowienie%2F|title:Zam%C3%B3wienie||&#8221;]zobacz[\/vc_button][\/vc_column_inner][vc_column_inner width=&#8221;1\/4&#8243;][vc_single_image media=&#8221;280&#8243; media_width_percent=&#8221;100&#8243; css_animation=&#8221;zoom-in&#8221; media_link=&#8221;url:https%3A%2F%2Fkontraktacja.larix.com.pl%2Fss2027%2Fbbb%2Fwarunki-handlowe%2F|title:Warunki%20handlowe||&#8221;][vc_custom_heading heading_semantic=&#8221;h4&#8243; text_size=&#8221;h1&#8243; text_weight=&#8221;300&#8243;]warunki handlowe[\/vc_custom_heading][vc_button button_color=&#8221;color-556255&#8243; size=&#8221;btn-link&#8221; wide=&#8221;yes&#8221; text_skin=&#8221;yes&#8221; border_width=&#8221;0&#8243; icon_position=&#8221;right&#8221; icon=&#8221;fa fa-arrow-right2&#8243; el_class=&#8221;primary-link&#8221; link=&#8221;url:https%3A%2F%2Fkontraktacja.larix.com.pl%2Fss2027%2Fbbb%2Fwarunki-handlowe%2F|title:Warunki%20handlowe||&#8221;]zobacz[\/vc_button][\/vc_column_inner][\/vc_row_inner][\/vc_column][\/vc_row][vc_row row_height_percent=&#8221;0&#8243; override_padding=&#8221;yes&#8221; h_padding=&#8221;2&#8243; top_padding=&#8221;2&#8243; bottom_padding=&#8221;2&#8243; overlay_alpha=&#8221;50&#8243; gutter_size=&#8221;4&#8243; column_width_percent=&#8221;100&#8243; shift_y=&#8221;0&#8243; z_index=&#8221;0&#8243;][vc_column column_width_percent=&#8221;100&#8243; gutter_size=&#8221;2&#8243; overlay_alpha=&#8221;50&#8243; shift_x=&#8221;0&#8243; shift_y=&#8221;0&#8243; shift_y_down=&#8221;0&#8243; z_index=&#8221;0&#8243; medium_width=&#8221;0&#8243; mobile_width=&#8221;0&#8243; width=&#8221;1\/1&#8243; css=&#8221;.vc_custom_1595629431608{padding-top: 50px !important;}&#8221;][vc_row_inner row_inner_height_percent=&#8221;0&#8243; overlay_alpha=&#8221;50&#8243; gutter_size=&#8221;3&#8243; shift_y=&#8221;0&#8243; z_index=&#8221;0&#8243; limit_content=&#8221;&#8221; css=&#8221;.vc_custom_1596101135324{padding-top: 101px !important;}&#8221;][vc_column_inner column_width_percent=&#8221;100&#8243; gutter_size=&#8221;3&#8243; expand_height=&#8221;yes&#8221; overlay_alpha=&#8221;50&#8243; shift_x=&#8221;0&#8243; shift_y=&#8221;0&#8243; shift_y_down=&#8221;0&#8243; z_index=&#8221;0&#8243; medium_width=&#8221;0&#8243; mobile_width=&#8221;0&#8243; width=&#8221;1\/1&#8243;][vc_custom_heading heading_semantic=&#8221;h3&#8243; text_size=&#8221;fontsize-106533&#8243;]<\/p>\n<div>Kontakt<\/div>\n<p>[\/vc_custom_heading][\/vc_column_inner][\/vc_row_inner][\/vc_column][\/vc_row][vc_row row_height_percent=&#8221;0&#8243; overlay_alpha=&#8221;50&#8243; gutter_size=&#8221;4&#8243; column_width_percent=&#8221;100&#8243; shift_y=&#8221;0&#8243; z_index=&#8221;0&#8243; css=&#8221;.vc_custom_1594802150188{margin-top: 72px !important;margin-bottom: 72px !important;}&#8221;][vc_column width=&#8221;1\/3&#8243;][vc_row_inner limit_content=&#8221;&#8221;][vc_column_inner width=&#8221;1\/4&#8243;][vc_single_image media=&#8221;1280&#8243; media_width_percent=&#8221;100&#8243; shape=&#8221;img-circle&#8221;][\/vc_column_inner][vc_column_inner width=&#8221;3\/4&#8243;][vc_column_text]<\/p>\n<h3>\u0141ukasz Hola<\/h3>\n<p>Brand Manager Poland<br \/>\ntel. <a href=\"te:+48 665 307 020\">+48 665 307 020<\/a><br \/>\ne-mail: <a href=\"mailto:l.hola@larix.com.pl\">l.hola@larix.com.pl<\/a>[\/vc_column_text][\/vc_column_inner][\/vc_row_inner][\/vc_column][vc_column width=&#8221;1\/3&#8243;][vc_row_inner limit_content=&#8221;&#8221;][vc_column_inner width=&#8221;1\/4&#8243;][vc_single_image media=&#8221;4967&#8243; media_width_percent=&#8221;100&#8243; shape=&#8221;img-circle&#8221;][\/vc_column_inner][vc_column_inner width=&#8221;3\/4&#8243;][vc_column_text]<\/p>\n<h3>Bartosz Ty\u017alik<\/h3>\n<p>Junior Brand Manager<br \/>\ntel. <a href=\"tel:+48 33 444 14 82\">+48 33 444 14 82<\/a><br \/>\ne-mail: <a href=\"mailto:b.tyzlik@larix.com.pl\">b.tyzlik@larix.com.pl<\/a>[\/vc_column_text][\/vc_column_inner][\/vc_row_inner][\/vc_column][vc_column width=&#8221;1\/3&#8243;][\/vc_column][\/vc_row][vc_row row_height_percent=&#8221;0&#8243; overlay_alpha=&#8221;50&#8243; gutter_size=&#8221;3&#8243; column_width_percent=&#8221;100&#8243; shift_y=&#8221;0&#8243; z_index=&#8221;0&#8243; css=&#8221;.vc_custom_1594802161090{margin-top: 72px !important;margin-bottom: 72px !important;}&#8221;][vc_column width=&#8221;1\/3&#8243;][vc_row_inner limit_content=&#8221;&#8221;][vc_column_inner width=&#8221;1\/4&#8243;][vc_single_image media=&#8221;1456&#8243; media_width_percent=&#8221;100&#8243; shape=&#8221;img-circle&#8221;][\/vc_column_inner][vc_column_inner width=&#8221;3\/4&#8243;][vc_column_text]<\/p>\n<h3>Rafa\u0142 Rotkegel<\/h3>\n<p>Przedstawiciel Handlowy<br \/>\ntel. <a href=\"tel:+48 661 939 206\"> +48 661 939 206<\/a><br \/>\ne-mail: <a href=\"mailto:r.rotkegel@larix.com.pl\"> r.rotkegel@larix.com.pl<\/a>[\/vc_column_text][vc_column_text]<strong style=\"color: #d67443;\">Wojew\u00f3dztwa:<\/strong><\/p>\n<p style=\"color: #d67443;\">dolno\u015bl\u0105skie, lubuskie, opolskie, \u015bl\u0105skie, wielkopolskie, zachodniopomorskie<\/p>\n<p>[\/vc_column_text][\/vc_column_inner][\/vc_row_inner][\/vc_column][vc_column width=&#8221;1\/3&#8243;][vc_row_inner limit_content=&#8221;&#8221;][vc_column_inner width=&#8221;1\/4&#8243;][vc_single_image media=&#8221;7753&#8243; media_width_percent=&#8221;100&#8243; shape=&#8221;img-circle&#8221;][\/vc_column_inner][vc_column_inner width=&#8221;3\/4&#8243;][vc_column_text]<\/p>\n<h3>Emil Kami\u0144ski<\/h3>\n<p>Przedstawiciel Handlowy<br \/>\ntel. <a href=\"tel:+48 601 973 154\"> +48 601 973 154<\/a><br \/>\ne-mail: <a href=\"mailto:e.kaminski@larix.com.pl\"> e.kaminski@larix.com.pl<\/a>[\/vc_column_text][vc_column_text]<strong style=\"color: #d67443;\">Wojew\u00f3dztwa:<\/strong><\/p>\n<p style=\"color: #d67443;\">kujawsko-pomorskie, lubelskie, mazowieckie, podlaskie, pomorskie, warmi\u0144sko-mazurskie<\/p>\n<p>[\/vc_column_text][\/vc_column_inner][\/vc_row_inner][\/vc_column][vc_column width=&#8221;1\/3&#8243;][vc_row_inner limit_content=&#8221;&#8221;][vc_column_inner width=&#8221;1\/4&#8243;][vc_single_image media=&#8221;8093&#8243; media_width_percent=&#8221;100&#8243; shape=&#8221;img-circle&#8221;][\/vc_column_inner][vc_column_inner width=&#8221;3\/4&#8243;][vc_column_text]<\/p>\n<h3>Jakub Bodzi\u0144ski<\/h3>\n<p>Przedstawiciel Handlowy<br \/>\ntel. <a href=\"tel:+48 663 800 140\">+48 663 800 140<\/a><br \/>\ne-mail: <a href=\"mailto:j.bodzinski@larix.com.pl\">j.bodzinski@larix.com.pl<\/a>[\/vc_column_text][vc_column_text]<strong style=\"color: #d67443;\">Wojew\u00f3dztwa:<\/strong><\/p>\n<p style=\"color: #d67443;\">\u0142\u00f3dzkie, ma\u0142opolskie, podkarpackie, \u015bwi\u0119tokrzyskie<\/p>\n<p>[\/vc_column_text][\/vc_column_inner][\/vc_row_inner][\/vc_column][\/vc_row][vc_row][vc_column width=&#8221;1\/1&#8243;][vc_custom_heading heading_semantic=&#8221;h3&#8243; text_size=&#8221;fontsize-106533&#8243;]Kontakt do dzia\u0142u B2B[\/vc_custom_heading][\/vc_column][\/vc_row][vc_row row_height_percent=&#8221;0&#8243; overlay_alpha=&#8221;50&#8243; gutter_size=&#8221;4&#8243; column_width_percent=&#8221;100&#8243; shift_y=&#8221;0&#8243; z_index=&#8221;0&#8243; css=&#8221;.vc_custom_1594802150188{margin-top: 72px !important;margin-bottom: 72px !important;}&#8221;][vc_column width=&#8221;1\/3&#8243;][vc_row_inner limit_content=&#8221;&#8221;][vc_column_inner width=&#8221;1\/4&#8243;][vc_single_image media=&#8221;3014&#8243; media_width_percent=&#8221;100&#8243; shape=&#8221;img-circle&#8221;][\/vc_column_inner][vc_column_inner width=&#8221;3\/4&#8243;][vc_column_text]<\/p>\n<h3>Leszek Kozieniec<\/h3>\n<p>Manager B2B<br \/>\nSektor mundurowy<br \/>\ntel. <a href=\"tel:+48 697 208 020\">+48 697 208 020<\/a><br \/>\ne-mail: <a href=\"mailto:b2b2@larix.com.pl\">b2b2@larix.com.pl<\/a>[\/vc_column_text][\/vc_column_inner][\/vc_row_inner][\/vc_column][vc_column width=&#8221;1\/3&#8243;][vc_row_inner limit_content=&#8221;&#8221;][vc_column_inner width=&#8221;1\/4&#8243;][vc_single_image media=&#8221;7926&#8243; media_width_percent=&#8221;100&#8243; shape=&#8221;img-circle&#8221;][\/vc_column_inner][vc_column_inner width=&#8221;3\/4&#8243;][vc_column_text]<\/p>\n<h3>Magdalena Moras<\/h3>\n<p>Specjalista ds. sprzeda\u017cy<br \/>\ntel. <a href=\"tel:+48 693 906 772\">+48 693 906 772<\/a><br \/>\ne-mail: <a href=\"mailto:m.moras@larix.com.pl\">m.moras@larix.com.pl<\/a>[\/vc_column_text][\/vc_column_inner][\/vc_row_inner][\/vc_column][vc_column width=&#8221;1\/3&#8243;][vc_row_inner limit_content=&#8221;&#8221;][vc_column_inner width=&#8221;1\/4&#8243;][vc_single_image media=&#8221;7830&#8243; media_width_percent=&#8221;100&#8243; shape=&#8221;img-circle&#8221;][\/vc_column_inner][vc_column_inner width=&#8221;3\/4&#8243;][vc_column_text]<\/p>\n<h3>Wawrzyniec Talik<\/h3>\n<p>Specjalista ds. sprzeda\u017cy<br \/>\ntel. <a href=\"tel:+48 601 834 407\">+48 601 834 407<\/a><br \/>\ne-mail: <a href=\"mailto:w.talik@larix.com.pl\">w.talik@larix.com.pl<\/a>[\/vc_column_text][\/vc_column_inner][\/vc_row_inner][\/vc_column][\/vc_row]<\/p>\n<\/section>","protected":false},"excerpt":{"rendered":"<p>[vc_row row_height_percent=&#8221;0&#8243; override_padding=&#8221;yes&#8221; h_padding=&#8221;2&#8243; top_padding=&#8221;1&#8243; bottom_padding=&#8221;1&#8243; overlay_alpha=&#8221;50&#8243; gutter_size=&#8221;4&#8243; column_width_percent=&#8221;100&#8243; shift_y=&#8221;0&#8243; z_index=&#8221;0&#8243; css=&#8221;.vc_custom_1593758519641{padding-bottom: 200px !important;}&#8221;][vc_column column_width_percent=&#8221;100&#8243; position_horizontal=&#8221;left&#8221; gutter_size=&#8221;2&#8243; overlay_alpha=&#8221;50&#8243; shift_x=&#8221;0&#8243; shift_y=&#8221;0&#8243; [&hellip;]<\/p>\n","protected":false},"author":2,"featured_media":0,"parent":0,"menu_order":0,"comment_status":"closed","ping_status":"closed","template":"","meta":[],"_links":{"self":[{"href":"https:\/\/kontraktacja.larix.com.pl\/ss2027\/wp-json\/wp\/v2\/pages\/4833"}],"collection":[{"href":"https:\/\/kontraktacja.larix.com.pl\/ss2027\/wp-json\/wp\/v2\/pages"}],"about":[{"href":"https:\/\/kontraktacja.larix.com.pl\/ss2027\/wp-json\/wp\/v2\/types\/page"}],"author":[{"embeddable":true,"href":"https:\/\/kontraktacja.larix.com.pl\/ss2027\/wp-json\/wp\/v2\/users\/2"}],"replies":[{"embeddable":true,"href":"https:\/\/kontraktacja.larix.com.pl\/ss2027\/wp-json\/wp\/v2\/comments?post=4833"}],"version-history":[{"count":26,"href":"https:\/\/kontraktacja.larix.com.pl\/ss2027\/wp-json\/wp\/v2\/pages\/4833\/revisions"}],"predecessor-version":[{"id":8660,"href":"https:\/\/kontraktacja.larix.com.pl\/ss2027\/wp-json\/wp\/v2\/pages\/4833\/revisions\/8660"}],"wp:attachment":[{"href":"https:\/\/kontraktacja.larix.com.pl\/ss2027\/wp-json\/wp\/v2\/media?parent=4833"}],"curies":[{"name":"wp","href":"https:\/\/api.w.org\/{rel}","templated":true}]}}