{"id":926,"date":"2020-07-15T15:42:58","date_gmt":"2020-07-15T13:42:58","guid":{"rendered":"http:\/\/larix.ageno.work\/meindl\/technologie\/"},"modified":"2024-06-11T10:31:09","modified_gmt":"2024-06-11T08:31:09","slug":"technologie","status":"publish","type":"page","link":"https:\/\/kontraktacja.larix.com.pl\/ss2027\/meindl\/technologie\/","title":{"rendered":"Meindl technologie"},"content":{"rendered":"<section class=\"wpb-content-wrapper\"><p>[vc_row][vc_column width=&#8221;1\/1&#8243;][uncode_block id=&#8221;922&#8243;][\/vc_column][\/vc_row][vc_row][vc_column width=&#8221;1\/1&#8243;][vc_custom_heading text_size=&#8221;fontsize-106533&#8243;]Technologie[\/vc_custom_heading][vc_single_image media=&#8221;7260&#8243; media_width_percent=&#8221;100&#8243;][\/vc_column][\/vc_row][vc_row row_height_percent=&#8221;50&#8243; override_padding=&#8221;yes&#8221; h_padding=&#8221;2&#8243; top_padding=&#8221;2&#8243; bottom_padding=&#8221;2&#8243; overlay_alpha=&#8221;50&#8243; gutter_size=&#8221;4&#8243; column_width_percent=&#8221;100&#8243; shift_y=&#8221;0&#8243; z_index=&#8221;0&#8243; el_class=&#8221;inverted-device-order&#8221;][vc_column column_width_use_pixel=&#8221;yes&#8221; position_vertical=&#8221;middle&#8221; gutter_size=&#8221;3&#8243; overlay_alpha=&#8221;50&#8243; shift_x=&#8221;0&#8243; shift_y=&#8221;0&#8243; shift_y_down=&#8221;0&#8243; z_index=&#8221;0&#8243; medium_width=&#8221;0&#8243; mobile_width=&#8221;0&#8243; width=&#8221;1\/2&#8243; column_width_pixel=&#8221;900&#8243;][vc_custom_heading heading_semantic=&#8221;h3&#8243; text_size=&#8221;fontsize-106533&#8243; subheading=&#8221;W por\u00f3wnaniu do prawid\u0142a trekkingowego, nasze prawid\u0142o Comfort Fit\u00ae posiada wi\u0119cej miejsca w przedniej cz\u0119\u015bci stopy, a tak\u017ce odpowiednie miejsce na pi\u0119t\u0119. Stoisz na szerszej podstawie, a bardziej doprecyzowany kontur podeszwy u\u0142atwia \u0142atwiejsze przemieszczanie si\u0119.&#8221;]<\/p>\n<h2 class=\"p1\" style=\"text-align: left;\">Comfort Fit\u00ae<\/h2>\n<p class=\"p1\">[\/vc_custom_heading][\/vc_column][vc_column column_width_percent=&#8221;100&#8243; position_vertical=&#8221;middle&#8221; gutter_size=&#8221;3&#8243; overlay_alpha=&#8221;50&#8243; shift_x=&#8221;0&#8243; shift_y=&#8221;0&#8243; shift_y_down=&#8221;0&#8243; z_index=&#8221;0&#8243; medium_width=&#8221;0&#8243; mobile_width=&#8221;0&#8243; width=&#8221;1\/2&#8243;][vc_single_image media=&#8221;3571&#8243; media_width_percent=&#8221;100&#8243; media_ratio=&#8221;three-two&#8221; shadow=&#8221;yes&#8221; shadow_weight=&#8221;xs&#8221;][\/vc_column][\/vc_row][vc_row][vc_column width=&#8221;1\/1&#8243;][vc_empty_space empty_h=&#8221;1&#8243;][\/vc_column][\/vc_row][vc_row row_height_percent=&#8221;50&#8243; override_padding=&#8221;yes&#8221; h_padding=&#8221;2&#8243; top_padding=&#8221;2&#8243; bottom_padding=&#8221;2&#8243; overlay_alpha=&#8221;50&#8243; gutter_size=&#8221;4&#8243; column_width_percent=&#8221;100&#8243; shift_y=&#8221;0&#8243; z_index=&#8221;0&#8243;][vc_column column_width_percent=&#8221;100&#8243; position_vertical=&#8221;middle&#8221; gutter_size=&#8221;3&#8243; overlay_alpha=&#8221;50&#8243; shift_x=&#8221;0&#8243; shift_y=&#8221;0&#8243; shift_y_down=&#8221;0&#8243; z_index=&#8221;0&#8243; medium_width=&#8221;0&#8243; mobile_width=&#8221;0&#8243; width=&#8221;1\/2&#8243;][vc_single_image media=&#8221;3572&#8243; media_lightbox=&#8221;yes&#8221; media_width_percent=&#8221;100&#8243; shadow=&#8221;yes&#8221; shadow_weight=&#8221;sm&#8221;][\/vc_column][vc_column column_width_use_pixel=&#8221;yes&#8221; position_vertical=&#8221;middle&#8221; gutter_size=&#8221;3&#8243; overlay_alpha=&#8221;50&#8243; shift_x=&#8221;0&#8243; shift_y=&#8221;0&#8243; shift_y_down=&#8221;0&#8243; z_index=&#8221;0&#8243; medium_width=&#8221;0&#8243; mobile_width=&#8221;0&#8243; width=&#8221;1\/2&#8243; column_width_pixel=&#8221;900&#8243;][vc_custom_heading heading_semantic=&#8221;h3&#8243; text_size=&#8221;fontsize-106533&#8243; subheading=&#8221;DiGAfix\u00ae &#8211; elastyczne, niepowoduj\u0105ce ucisku, uko\u015bne mocowanie &#8211; umo\u017cliwia sznurowanie \u201eobejmuj\u0105ce\u201d stop\u0119. W celu zapewnienia optymalnego sznurowania i dopasowania, punkt mocowania przy DiGAfix\u00ae (1) le\u017cy o wiele ni\u017cej ni\u017c hak odci\u0105gaj\u0105cy (2).To rozwi\u0105zanie zmniejsza niebezpiecze\u0144stwo zaczepienia o drugi but lub przeszkod\u0119. Haki do dwustrefowego sznurowania (3) s\u0105 umieszczone poni\u017cej i gwarantuj\u0105 dobre trzymanie stopy.&#8221;]<\/p>\n<h2 class=\"p1\">DiGAfix\u00ae<\/h2>\n<p>[\/vc_custom_heading][\/vc_column][\/vc_row][vc_row][vc_column width=&#8221;1\/1&#8243;][vc_empty_space empty_h=&#8221;1&#8243;][\/vc_column][\/vc_row][vc_row row_height_percent=&#8221;50&#8243; override_padding=&#8221;yes&#8221; h_padding=&#8221;2&#8243; top_padding=&#8221;2&#8243; bottom_padding=&#8221;2&#8243; overlay_alpha=&#8221;50&#8243; gutter_size=&#8221;4&#8243; column_width_percent=&#8221;100&#8243; shift_y=&#8221;0&#8243; z_index=&#8221;0&#8243; el_class=&#8221;inverted-device-order&#8221;][vc_column column_width_use_pixel=&#8221;yes&#8221; position_vertical=&#8221;middle&#8221; gutter_size=&#8221;3&#8243; overlay_alpha=&#8221;50&#8243; shift_x=&#8221;0&#8243; shift_y=&#8221;0&#8243; shift_y_down=&#8221;0&#8243; z_index=&#8221;0&#8243; medium_width=&#8221;0&#8243; mobile_width=&#8221;0&#8243; width=&#8221;1\/2&#8243; column_width_pixel=&#8221;900&#8243;][vc_custom_heading heading_semantic=&#8221;h3&#8243; text_size=&#8221;fontsize-106533&#8243; subheading=&#8221;Obuwie GORE-TEX\u00ae Extended Comfort idealnie sprawdza si\u0119 w umiarkowanych i ciep\u0142ych warunkach pogodowych. Doskonale sprawdza si\u0119 zar\u00f3wno podczas intensywnego wysi\u0142ku, jak i codziennego u\u017cytkowania. Technologia dopasowuje si\u0119 do Twoich potrzeb, kiedy znajdujesz si\u0119 w pomieszczeniu lub na zewn\u0105trz, stoisz czy idziesz, pracujesz b\u0105d\u017a odpoczywasz.&#8221;]<\/p>\n<h2 class=\"p1\">GORE-TEX\u00ae Extended Comfort Footwear<\/h2>\n<p>[\/vc_custom_heading][\/vc_column][vc_column column_width_percent=&#8221;100&#8243; position_vertical=&#8221;middle&#8221; gutter_size=&#8221;3&#8243; overlay_alpha=&#8221;50&#8243; shift_x=&#8221;0&#8243; shift_y=&#8221;0&#8243; shift_y_down=&#8221;0&#8243; z_index=&#8221;0&#8243; medium_width=&#8221;0&#8243; mobile_width=&#8221;0&#8243; width=&#8221;1\/2&#8243;][vc_single_image media=&#8221;3570&#8243; media_lightbox=&#8221;yes&#8221; media_width_percent=&#8221;100&#8243; shadow=&#8221;yes&#8221; shadow_weight=&#8221;sm&#8221;][\/vc_column][\/vc_row][vc_row][vc_column width=&#8221;1\/1&#8243;][vc_empty_space empty_h=&#8221;1&#8243;][\/vc_column][\/vc_row][vc_row row_height_percent=&#8221;50&#8243; override_padding=&#8221;yes&#8221; h_padding=&#8221;2&#8243; top_padding=&#8221;2&#8243; bottom_padding=&#8221;2&#8243; overlay_alpha=&#8221;50&#8243; gutter_size=&#8221;4&#8243; column_width_percent=&#8221;100&#8243; shift_y=&#8221;0&#8243; z_index=&#8221;0&#8243;][vc_column column_width_percent=&#8221;100&#8243; position_vertical=&#8221;middle&#8221; gutter_size=&#8221;3&#8243; overlay_alpha=&#8221;50&#8243; shift_x=&#8221;0&#8243; shift_y=&#8221;0&#8243; shift_y_down=&#8221;0&#8243; z_index=&#8221;0&#8243; medium_width=&#8221;0&#8243; mobile_width=&#8221;0&#8243; width=&#8221;1\/2&#8243;][vc_single_image media=&#8221;3569&#8243; media_lightbox=&#8221;yes&#8221; media_width_percent=&#8221;100&#8243; media_ratio=&#8221;three-two&#8221; shadow=&#8221;yes&#8221; shadow_weight=&#8221;sm&#8221;][\/vc_column][vc_column column_width_use_pixel=&#8221;yes&#8221; position_vertical=&#8221;middle&#8221; gutter_size=&#8221;3&#8243; overlay_alpha=&#8221;50&#8243; shift_x=&#8221;0&#8243; shift_y=&#8221;0&#8243; shift_y_down=&#8221;0&#8243; z_index=&#8221;0&#8243; medium_width=&#8221;0&#8243; mobile_width=&#8221;0&#8243; width=&#8221;1\/2&#8243; column_width_pixel=&#8221;900&#8243;][vc_custom_heading heading_semantic=&#8221;h3&#8243; text_size=&#8221;fontsize-106533&#8243; subheading=&#8221;Obuwie GORE-TEX\u00ae Insulated Comfort zapewnia szereg opcji izolacji, dzi\u0119ki kt\u00f3rym stopy pozostaj\u0105 suche i komfortowo ciep\u0142e w niskich temperaturach oraz podczas uprawiania sport\u00f3w zimowych.&#8221;]<\/p>\n<h2 class=\"p1\">GORE-TEX\u00ae Insulated Comfort<\/h2>\n<p>[\/vc_custom_heading][\/vc_column][\/vc_row][vc_row][vc_column width=&#8221;1\/1&#8243;][vc_empty_space empty_h=&#8221;1&#8243;][\/vc_column][\/vc_row][vc_row row_height_percent=&#8221;50&#8243; override_padding=&#8221;yes&#8221; h_padding=&#8221;2&#8243; top_padding=&#8221;2&#8243; bottom_padding=&#8221;2&#8243; overlay_alpha=&#8221;50&#8243; gutter_size=&#8221;4&#8243; column_width_percent=&#8221;100&#8243; shift_y=&#8221;0&#8243; z_index=&#8221;0&#8243;][vc_column column_width_use_pixel=&#8221;yes&#8221; position_vertical=&#8221;middle&#8221; gutter_size=&#8221;3&#8243; overlay_alpha=&#8221;50&#8243; shift_x=&#8221;0&#8243; shift_y=&#8221;0&#8243; shift_y_down=&#8221;0&#8243; z_index=&#8221;0&#8243; medium_width=&#8221;0&#8243; mobile_width=&#8221;0&#8243; width=&#8221;1\/2&#8243; column_width_pixel=&#8221;900&#8243;][vc_custom_heading heading_semantic=&#8221;h3&#8243; text_size=&#8221;fontsize-106533&#8243; subheading=&#8221;Obuwie GORE-TEX\u00ae Performance Comfort utrzymuje optymalny klimat dla Twoich st\u00f3p podczas wielu rodzaj\u00f3w aktywno\u015bci outdoorowych i ro\u017cnych warunk\u00f3w pogodowych.&#8221;]<\/p>\n<h2 class=\"p1\">GORE-TEX\u00ae Performance Comfort Footwear<\/h2>\n<p>[\/vc_custom_heading][\/vc_column][vc_column column_width_percent=&#8221;100&#8243; position_vertical=&#8221;middle&#8221; gutter_size=&#8221;3&#8243; overlay_alpha=&#8221;50&#8243; shift_x=&#8221;0&#8243; shift_y=&#8221;0&#8243; shift_y_down=&#8221;0&#8243; z_index=&#8221;0&#8243; medium_width=&#8221;0&#8243; mobile_width=&#8221;0&#8243; width=&#8221;1\/2&#8243;][vc_single_image media=&#8221;3568&#8243; media_lightbox=&#8221;yes&#8221; media_width_percent=&#8221;100&#8243; shadow=&#8221;yes&#8221; shadow_weight=&#8221;sm&#8221;][\/vc_column][\/vc_row][vc_row][vc_column width=&#8221;1\/1&#8243;][vc_empty_space empty_h=&#8221;1&#8243;][\/vc_column][\/vc_row][vc_row row_height_percent=&#8221;50&#8243; override_padding=&#8221;yes&#8221; h_padding=&#8221;2&#8243; top_padding=&#8221;2&#8243; bottom_padding=&#8221;2&#8243; overlay_alpha=&#8221;50&#8243; gutter_size=&#8221;4&#8243; column_width_percent=&#8221;100&#8243; shift_y=&#8221;0&#8243; z_index=&#8221;0&#8243;][vc_column column_width_percent=&#8221;100&#8243; position_vertical=&#8221;middle&#8221; gutter_size=&#8221;3&#8243; overlay_alpha=&#8221;50&#8243; shift_x=&#8221;0&#8243; shift_y=&#8221;0&#8243; shift_y_down=&#8221;0&#8243; z_index=&#8221;0&#8243; medium_width=&#8221;0&#8243; mobile_width=&#8221;0&#8243; width=&#8221;1\/2&#8243;][vc_single_image media=&#8221;3567&#8243; media_lightbox=&#8221;yes&#8221; media_width_percent=&#8221;100&#8243; shadow=&#8221;yes&#8221; shadow_weight=&#8221;sm&#8221;][\/vc_column][vc_column column_width_use_pixel=&#8221;yes&#8221; position_vertical=&#8221;middle&#8221; gutter_size=&#8221;3&#8243; overlay_alpha=&#8221;50&#8243; shift_x=&#8221;0&#8243; shift_y=&#8221;0&#8243; shift_y_down=&#8221;0&#8243; z_index=&#8221;0&#8243; medium_width=&#8221;0&#8243; mobile_width=&#8221;0&#8243; width=&#8221;1\/2&#8243; column_width_pixel=&#8221;900&#8243;][vc_custom_heading heading_semantic=&#8221;h3&#8243; text_size=&#8221;fontsize-106533&#8243; subheading=&#8221;Obuwie GORE-TEX\u00ae SURROUND\u2122 to nowe rozwi\u0105zanie wykorzystane w butach Meindl. Ta nowa technologia zapewnia wszechstronne i trwa\u0142e oddychaj\u0105ce obuwie. To unikalna konstrukcja, kt\u00f3ra gwarantuje suche stopy i tym samym jeszcze wi\u0119kszy komfort. Sercem nowej technologii jest jej odpowiednia konstrukcja, ulokowana pod stop\u0105. Dzi\u0119ki niej wilgo\u0107 ulatnia si\u0119 przez laminat GORE-TEX\u00ae, znajduj\u0105cy si\u0119 w przek\u0142adce otwartych kom\u00f3rek, a nast\u0119pnie wychodzi na zewn\u0105trz buta, przez otwory umieszczone z jego boku.&#8221;]<\/p>\n<h2 class=\"p1\">GORE-TEX\u00ae SURROUND\u2122<\/h2>\n<p class=\"p1\">[\/vc_custom_heading][\/vc_column][\/vc_row][vc_row][vc_column width=&#8221;1\/1&#8243;][vc_empty_space empty_h=&#8221;1&#8243;][\/vc_column][\/vc_row][vc_row row_height_percent=&#8221;50&#8243; override_padding=&#8221;yes&#8221; h_padding=&#8221;2&#8243; top_padding=&#8221;2&#8243; bottom_padding=&#8221;2&#8243; overlay_alpha=&#8221;50&#8243; gutter_size=&#8221;4&#8243; column_width_percent=&#8221;100&#8243; shift_y=&#8221;0&#8243; z_index=&#8221;0&#8243;][vc_column column_width_use_pixel=&#8221;yes&#8221; position_vertical=&#8221;middle&#8221; gutter_size=&#8221;3&#8243; overlay_alpha=&#8221;50&#8243; shift_x=&#8221;0&#8243; shift_y=&#8221;0&#8243; shift_y_down=&#8221;0&#8243; z_index=&#8221;0&#8243; medium_width=&#8221;0&#8243; mobile_width=&#8221;0&#8243; width=&#8221;1\/2&#8243; column_width_pixel=&#8221;900&#8243;][vc_custom_heading heading_semantic=&#8221;h3&#8243; text_size=&#8221;fontsize-106533&#8243; subheading=&#8221;Wygi\u0119ty klin z TPU zapewnia idealne pozycjonowanie stopy przy zastosowaniu rak\u00f3w wszystkich wiod\u0105cych producent\u00f3w.<\/p>\n<p>Dwucz\u0119\u015bciowa technologia poch\u0142aniania wstrz\u0105s\u00f3w: lekki klin PU (2a) ze zintegrowanym absorberem wstrz\u0105s\u00f3w (2b).<\/p>\n<p>Elementy absorpcyjne wbudowane w rejonie pi\u0119ty znacznie obni\u017caj\u0105 nacisk podczas stromych zej\u015b\u0107.&#8221;]<\/p>\n<h2 class=\"p1\"><b>Konstrukcja podeszwy Alpine<\/b><\/h2>\n<p>[\/vc_custom_heading][\/vc_column][vc_column column_width_percent=&#8221;100&#8243; position_vertical=&#8221;middle&#8221; gutter_size=&#8221;3&#8243; overlay_alpha=&#8221;50&#8243; shift_x=&#8221;0&#8243; shift_y=&#8221;0&#8243; shift_y_down=&#8221;0&#8243; z_index=&#8221;0&#8243; medium_width=&#8221;0&#8243; mobile_width=&#8221;0&#8243; width=&#8221;1\/2&#8243;][vc_single_image media=&#8221;3566&#8243; media_lightbox=&#8221;yes&#8221; media_width_percent=&#8221;60&#8243; media_ratio=&#8221;one-one&#8221; alignment=&#8221;center&#8221; shadow=&#8221;yes&#8221; shadow_weight=&#8221;sm&#8221;][\/vc_column][\/vc_row][vc_row][vc_column width=&#8221;1\/1&#8243;][vc_empty_space empty_h=&#8221;1&#8243;][\/vc_column][\/vc_row][vc_row][vc_column width=&#8221;1\/1&#8243;][vc_empty_space empty_h=&#8221;1&#8243;][\/vc_column][\/vc_row][vc_row row_height_percent=&#8221;50&#8243; override_padding=&#8221;yes&#8221; h_padding=&#8221;2&#8243; top_padding=&#8221;2&#8243; bottom_padding=&#8221;2&#8243; overlay_alpha=&#8221;50&#8243; gutter_size=&#8221;4&#8243; column_width_percent=&#8221;100&#8243; shift_y=&#8221;0&#8243; z_index=&#8221;0&#8243;][vc_column column_width_percent=&#8221;100&#8243; position_vertical=&#8221;middle&#8221; gutter_size=&#8221;3&#8243; overlay_alpha=&#8221;50&#8243; shift_x=&#8221;0&#8243; shift_y=&#8221;0&#8243; shift_y_down=&#8221;0&#8243; z_index=&#8221;0&#8243; medium_width=&#8221;0&#8243; mobile_width=&#8221;0&#8243; width=&#8221;1\/2&#8243;][vc_single_image media=&#8221;3565&#8243; media_lightbox=&#8221;yes&#8221; media_width_percent=&#8221;60&#8243; alignment=&#8221;center&#8221; shadow=&#8221;yes&#8221; shadow_weight=&#8221;sm&#8221;][\/vc_column][vc_column column_width_use_pixel=&#8221;yes&#8221; position_vertical=&#8221;middle&#8221; gutter_size=&#8221;3&#8243; overlay_alpha=&#8221;50&#8243; shift_x=&#8221;0&#8243; shift_y=&#8221;0&#8243; shift_y_down=&#8221;0&#8243; z_index=&#8221;0&#8243; medium_width=&#8221;0&#8243; mobile_width=&#8221;0&#8243; width=&#8221;1\/2&#8243; column_width_pixel=&#8221;900&#8243;][vc_custom_heading heading_semantic=&#8221;h3&#8243; text_size=&#8221;fontsize-106533&#8243; subheading=&#8221;Bie\u017cnik Multicontrol wype\u0142niony jest dodatkowo specjalnymi w\u0142\u00f3knami, odpowiednio wyprofilowanymi w procesie wulkanizacji podeszwy. Takie po\u0142\u0105czenie materia\u0142\u00f3w poprawia przyczepno\u015b\u0107 na g\u0142adkich, mokrych i oblodzonych powierzchniach.&#8221;]<\/p>\n<h2 class=\"p1\">Podeszwa Vibram Multicontrol<\/h2>\n<p>[\/vc_custom_heading][\/vc_column][\/vc_row][vc_row][vc_column width=&#8221;1\/1&#8243;][vc_empty_space empty_h=&#8221;1&#8243;][\/vc_column][\/vc_row][vc_row][vc_column width=&#8221;1\/1&#8243;][vc_custom_heading text_size=&#8221;fontsize-106533&#8243; subheading=&#8221;W 1976 roku Alfons Meindl stworzy\u0142 Przewodnik Outdorowy Meindl i podzieli\u0142 obuwie na r\u00f3\u017cne kategorie zastosowania.<br \/>\nDzi\u015b dzi\u0119ki niemu znajdziesz buty perfekcyjnie dobrane do Twoich potrzeb.&#8221;]Twardo\u015b\u0107 podeszwy[\/vc_custom_heading][\/vc_column][\/vc_row][vc_row][vc_column width=&#8221;1\/1&#8243;][vc_row_inner limit_content=&#8221;&#8221;][vc_column_inner width=&#8221;1\/2&#8243;][vc_single_image media=&#8221;3595&#8243; media_lightbox=&#8221;yes&#8221; media_width_percent=&#8221;35&#8243; alignment=&#8221;right&#8221; shadow=&#8221;yes&#8221; shadow_weight=&#8221;sm&#8221;][\/vc_column_inner][vc_column_inner column_width_percent=&#8221;100&#8243; position_vertical=&#8221;middle&#8221; gutter_size=&#8221;3&#8243; overlay_alpha=&#8221;50&#8243; shift_x=&#8221;0&#8243; shift_y=&#8221;0&#8243; shift_y_down=&#8221;0&#8243; z_index=&#8221;0&#8243; medium_width=&#8221;0&#8243; mobile_width=&#8221;0&#8243; width=&#8221;1\/2&#8243;][vc_custom_heading heading_semantic=&#8221;p&#8221; text_size=&#8221;fontsize-106533&#8243; subheading=&#8221;Aktywno\u015b\u0107: wypoczynek, u\u017cytek codzienny, wycieczki\/podr\u00f3\u017ce, spacery<\/p>\n<p>Teren: dobrze utrzymane szlaki, parki, obuwie odpowiednie na ka\u017cdy dzie\u0144&#8221;][\/vc_custom_heading][\/vc_column_inner][\/vc_row_inner][vc_row_inner limit_content=&#8221;&#8221;][vc_column_inner width=&#8221;1\/2&#8243;][vc_single_image media=&#8221;3596&#8243; media_lightbox=&#8221;yes&#8221; media_width_percent=&#8221;35&#8243; alignment=&#8221;right&#8221; shadow=&#8221;yes&#8221; shadow_weight=&#8221;sm&#8221;][\/vc_column_inner][vc_column_inner column_width_percent=&#8221;100&#8243; position_vertical=&#8221;middle&#8221; gutter_size=&#8221;3&#8243; overlay_alpha=&#8221;50&#8243; shift_x=&#8221;0&#8243; shift_y=&#8221;0&#8243; shift_y_down=&#8221;0&#8243; z_index=&#8221;0&#8243; medium_width=&#8221;0&#8243; mobile_width=&#8221;0&#8243; width=&#8221;1\/2&#8243;][vc_custom_heading heading_semantic=&#8221;h3&#8243; text_size=&#8221;fontsize-106533&#8243; subheading=&#8221;Aktywno\u015b\u0107: wycieczki terenowe, niskie g\u00f3ry, pog\u00f3rze<\/p>\n<p>Teren: dobrze i s\u0142abo utrzymane szlaki, \u015bcie\u017cki g\u00f3rskie&#8221;][\/vc_custom_heading][\/vc_column_inner][\/vc_row_inner][vc_row_inner limit_content=&#8221;&#8221;][vc_column_inner width=&#8221;1\/2&#8243;][vc_single_image media=&#8221;3597&#8243; media_lightbox=&#8221;yes&#8221; media_width_percent=&#8221;35&#8243; alignment=&#8221;right&#8221; shadow=&#8221;yes&#8221; shadow_weight=&#8221;sm&#8221;][\/vc_column_inner][vc_column_inner column_width_percent=&#8221;100&#8243; position_vertical=&#8221;middle&#8221; gutter_size=&#8221;3&#8243; overlay_alpha=&#8221;50&#8243; shift_x=&#8221;0&#8243; shift_y=&#8221;0&#8243; shift_y_down=&#8221;0&#8243; z_index=&#8221;0&#8243; medium_width=&#8221;0&#8243; mobile_width=&#8221;0&#8243; width=&#8221;1\/2&#8243;][vc_custom_heading heading_semantic=&#8221;h3&#8243; text_size=&#8221;fontsize-106533&#8243; subheading=&#8221;Aktywno\u015b\u0107: wymagaj\u0105ce trekkingi w niskich g\u00f3rach, lekkie trekkingi g\u00f3rskie<\/p>\n<p>Teren: nier\u00f3wne szlaki, strome szlaki g\u00f3rskie&#8221;][\/vc_custom_heading][\/vc_column_inner][\/vc_row_inner][vc_row_inner limit_content=&#8221;&#8221;][vc_column_inner width=&#8221;1\/2&#8243;][vc_single_image media=&#8221;3600&#8243; media_lightbox=&#8221;yes&#8221; media_width_percent=&#8221;35&#8243; alignment=&#8221;right&#8221; shadow=&#8221;yes&#8221; shadow_weight=&#8221;sm&#8221;][\/vc_column_inner][vc_column_inner column_width_percent=&#8221;100&#8243; position_vertical=&#8221;middle&#8221; gutter_size=&#8221;3&#8243; overlay_alpha=&#8221;50&#8243; shift_x=&#8221;0&#8243; shift_y=&#8221;0&#8243; shift_y_down=&#8221;0&#8243; z_index=&#8221;0&#8243; medium_width=&#8221;0&#8243; mobile_width=&#8221;0&#8243; width=&#8221;1\/2&#8243;][vc_custom_heading heading_semantic=&#8221;h3&#8243; text_size=&#8221;fontsize-106533&#8243; subheading=&#8221;Aktywno\u015b\u0107: wymagaj\u0105ce trekkingi, ostre wspinaczki, wyj\u015bcia wysokog\u00f3rskie<\/p>\n<p>Teren: nier\u00f3wne szlaki, rumowiska skalne, via ferraty&#8221;][\/vc_custom_heading][\/vc_column_inner][\/vc_row_inner][vc_row_inner limit_content=&#8221;&#8221;][vc_column_inner width=&#8221;1\/2&#8243;][vc_single_image media=&#8221;3599&#8243; media_lightbox=&#8221;yes&#8221; media_width_percent=&#8221;35&#8243; alignment=&#8221;right&#8221; shadow=&#8221;yes&#8221; shadow_weight=&#8221;sm&#8221;][\/vc_column_inner][vc_column_inner column_width_percent=&#8221;100&#8243; position_vertical=&#8221;middle&#8221; gutter_size=&#8221;3&#8243; overlay_alpha=&#8221;50&#8243; shift_x=&#8221;0&#8243; shift_y=&#8221;0&#8243; shift_y_down=&#8221;0&#8243; z_index=&#8221;0&#8243; medium_width=&#8221;0&#8243; mobile_width=&#8221;0&#8243; width=&#8221;1\/2&#8243;][vc_custom_heading heading_semantic=&#8221;h3&#8243; text_size=&#8221;fontsize-106533&#8243; subheading=&#8221;Aktywno\u015b\u0107: wyj\u015bcia w wysokie g\u00f3ry, wspinaczka lodowa, najtrudniejsze trekkingi<\/p>\n<p>Teren: lodowce, bardzo nier\u00f3wne trasy, teren bez wytyczonych tras, rumowiska skalne, via ferraty&#8221;][\/vc_custom_heading][\/vc_column_inner][\/vc_row_inner][vc_row_inner limit_content=&#8221;&#8221;][vc_column_inner width=&#8221;1\/2&#8243;][vc_single_image media=&#8221;3598&#8243; media_lightbox=&#8221;yes&#8221; media_width_percent=&#8221;35&#8243; alignment=&#8221;right&#8221; shadow=&#8221;yes&#8221; shadow_weight=&#8221;sm&#8221;][\/vc_column_inner][vc_column_inner column_width_percent=&#8221;100&#8243; position_vertical=&#8221;middle&#8221; gutter_size=&#8221;3&#8243; overlay_alpha=&#8221;50&#8243; shift_x=&#8221;0&#8243; shift_y=&#8221;0&#8243; shift_y_down=&#8221;0&#8243; z_index=&#8221;0&#8243; medium_width=&#8221;0&#8243; mobile_width=&#8221;0&#8243; width=&#8221;1\/2&#8243;][vc_custom_heading heading_semantic=&#8221;h3&#8243; text_size=&#8221;fontsize-106533&#8243; subheading=&#8221;Aktywno\u015b\u0107: wspinaczka lodowa w rakach automatycznych<\/p>\n<p>Teren: teren bez wytyczonych szlak\u00f3w, lodowce, ekstremalne trasy lodowe, wspinaczka lodowa&#8221;][\/vc_custom_heading][\/vc_column_inner][\/vc_row_inner][\/vc_column][\/vc_row]<\/p>\n<\/section>","protected":false},"excerpt":{"rendered":"<p>[vc_row][vc_column width=&#8221;1\/1&#8243;][uncode_block id=&#8221;922&#8243;][\/vc_column][\/vc_row][vc_row][vc_column width=&#8221;1\/1&#8243;][vc_custom_heading text_size=&#8221;fontsize-106533&#8243;]Technologie[\/vc_custom_heading][vc_single_image media=&#8221;7260&#8243; media_width_percent=&#8221;100&#8243;][\/vc_column][\/vc_row][vc_row row_height_percent=&#8221;50&#8243; override_padding=&#8221;yes&#8221; h_padding=&#8221;2&#8243; top_padding=&#8221;2&#8243; bottom_padding=&#8221;2&#8243; overlay_alpha=&#8221;50&#8243; gutter_size=&#8221;4&#8243; column_width_percent=&#8221;100&#8243; shift_y=&#8221;0&#8243; z_index=&#8221;0&#8243; el_class=&#8221;inverted-device-order&#8221;][vc_column column_width_use_pixel=&#8221;yes&#8221; position_vertical=&#8221;middle&#8221; [&hellip;]<\/p>\n","protected":false},"author":18,"featured_media":0,"parent":924,"menu_order":0,"comment_status":"closed","ping_status":"closed","template":"","meta":[],"_links":{"self":[{"href":"https:\/\/kontraktacja.larix.com.pl\/ss2027\/wp-json\/wp\/v2\/pages\/926"}],"collection":[{"href":"https:\/\/kontraktacja.larix.com.pl\/ss2027\/wp-json\/wp\/v2\/pages"}],"about":[{"href":"https:\/\/kontraktacja.larix.com.pl\/ss2027\/wp-json\/wp\/v2\/types\/page"}],"author":[{"embeddable":true,"href":"https:\/\/kontraktacja.larix.com.pl\/ss2027\/wp-json\/wp\/v2\/users\/18"}],"replies":[{"embeddable":true,"href":"https:\/\/kontraktacja.larix.com.pl\/ss2027\/wp-json\/wp\/v2\/comments?post=926"}],"version-history":[{"count":29,"href":"https:\/\/kontraktacja.larix.com.pl\/ss2027\/wp-json\/wp\/v2\/pages\/926\/revisions"}],"predecessor-version":[{"id":7271,"href":"https:\/\/kontraktacja.larix.com.pl\/ss2027\/wp-json\/wp\/v2\/pages\/926\/revisions\/7271"}],"up":[{"embeddable":true,"href":"https:\/\/kontraktacja.larix.com.pl\/ss2027\/wp-json\/wp\/v2\/pages\/924"}],"wp:attachment":[{"href":"https:\/\/kontraktacja.larix.com.pl\/ss2027\/wp-json\/wp\/v2\/media?parent=926"}],"curies":[{"name":"wp","href":"https:\/\/api.w.org\/{rel}","templated":true}]}}