{"id":973,"date":"2020-07-15T15:47:33","date_gmt":"2020-07-15T13:47:33","guid":{"rendered":"http:\/\/larix.ageno.work\/viking\/"},"modified":"2025-06-16T08:53:48","modified_gmt":"2025-06-16T06:53:48","slug":"viking","status":"publish","type":"page","link":"https:\/\/kontraktacja.larix.com.pl\/ss2027\/viking\/","title":{"rendered":"Viking"},"content":{"rendered":"<section class=\"wpb-content-wrapper\"><p>[vc_row row_height_percent=&#8221;0&#8243; override_padding=&#8221;yes&#8221; h_padding=&#8221;2&#8243; top_padding=&#8221;1&#8243; bottom_padding=&#8221;1&#8243; overlay_alpha=&#8221;50&#8243; gutter_size=&#8221;4&#8243; column_width_percent=&#8221;100&#8243; shift_y=&#8221;0&#8243; z_index=&#8221;0&#8243; css=&#8221;.vc_custom_1593758519641{padding-bottom: 200px !important;}&#8221;][vc_column column_width_percent=&#8221;100&#8243; position_horizontal=&#8221;left&#8221; gutter_size=&#8221;2&#8243; overlay_alpha=&#8221;50&#8243; shift_x=&#8221;0&#8243; shift_y=&#8221;0&#8243; shift_y_down=&#8221;0&#8243; z_index=&#8221;0&#8243; medium_width=&#8221;0&#8243; mobile_width=&#8221;0&#8243; width=&#8221;1\/1&#8243; css=&#8221;.vc_custom_1593766338332{padding-top: 72px !important;}&#8221;][uncode_block id=&#8221;971&#8243;][vc_row_inner limit_content=&#8221;&#8221;][vc_column_inner column_width_percent=&#8221;100&#8243; gutter_size=&#8221;2&#8243; overlay_alpha=&#8221;50&#8243; shift_x=&#8221;0&#8243; shift_y=&#8221;0&#8243; shift_y_down=&#8221;0&#8243; z_index=&#8221;0&#8243; medium_width=&#8221;0&#8243; mobile_width=&#8221;0&#8243; width=&#8221;4\/12&#8243;][vc_custom_heading heading_semantic=&#8221;h3&#8243; text_size=&#8221;fontsize-106533&#8243;]O marce[\/vc_custom_heading][vc_empty_space empty_h=&#8221;2&#8243; desktop_visibility=&#8221;yes&#8221;][\/vc_column_inner][\/vc_row_inner][vc_empty_space empty_h=&#8221;2&#8243;][vc_row_inner limit_content=&#8221;&#8221;][vc_column_inner column_width_percent=&#8221;100&#8243; gutter_size=&#8221;3&#8243; overlay_alpha=&#8221;50&#8243; shift_x=&#8221;0&#8243; shift_y=&#8221;0&#8243; shift_y_down=&#8221;0&#8243; z_index=&#8221;0&#8243; medium_width=&#8221;0&#8243; mobile_width=&#8221;0&#8243; css_animation=&#8221;alpha-anim&#8221; width=&#8221;1\/1&#8243;][vc_column_text text_lead=&#8221;yes&#8221;]Od samego pocz\u0105tku ustalili\u015bmy\u00a0zasady, kt\u00f3rymi kierujemy si\u0119 do dnia dzisiejszego: dob\u00f3r odpowiednich materia\u0142\u00f3w, wysoka jako\u015b\u0107 wykonania, funkcjonalno\u015b\u0107, a tak\u017ce zgodno\u015b\u0107 wzornictwa\u00a0z najnowszymi trendami w modzie sportowej. Na efekty nie musieli\u015bmy d\u0142ugo czeka\u0107.[\/vc_column_text][\/vc_column_inner][\/vc_row_inner][\/vc_column][\/vc_row][vc_row row_height_percent=&#8221;0&#8243; override_padding=&#8221;yes&#8221; h_padding=&#8221;2&#8243; top_padding=&#8221;1&#8243; bottom_padding=&#8221;1&#8243; overlay_alpha=&#8221;50&#8243; gutter_size=&#8221;4&#8243; column_width_percent=&#8221;100&#8243; shift_y=&#8221;0&#8243; z_index=&#8221;0&#8243; css=&#8221;.vc_custom_1594025649769{padding-bottom: 36px !important;}&#8221; el_class=&#8221;materials-section&#8221;][vc_column column_width_percent=&#8221;100&#8243; gutter_size=&#8221;2&#8243; overlay_alpha=&#8221;50&#8243; shift_x=&#8221;0&#8243; shift_y=&#8221;0&#8243; shift_y_down=&#8221;0&#8243; z_index=&#8221;0&#8243; medium_width=&#8221;0&#8243; mobile_width=&#8221;0&#8243; width=&#8221;1\/1&#8243;][vc_row_inner limit_content=&#8221;&#8221;][vc_column_inner column_width_percent=&#8221;100&#8243; gutter_size=&#8221;3&#8243; overlay_alpha=&#8221;50&#8243; shift_x=&#8221;0&#8243; shift_y=&#8221;0&#8243; shift_y_down=&#8221;0&#8243; z_index=&#8221;0&#8243; medium_width=&#8221;0&#8243; mobile_width=&#8221;0&#8243; width=&#8221;1\/1&#8243; css=&#8221;.vc_custom_1595638109507{padding-top: 100px !important;padding-bottom: 50px !important;}&#8221;][vc_custom_heading heading_semantic=&#8221;h3&#8243; text_size=&#8221;fontsize-106533&#8243;]<\/p>\n<div style=\"white-space: normal;\">Materia\u0142y dla kontrahent\u00f3w<\/div>\n<p>[\/vc_custom_heading][vc_empty_space empty_h=&#8221;2&#8243;][\/vc_column_inner][\/vc_row_inner][vc_row_inner limit_content=&#8221;&#8221;][vc_column_inner column_width_percent=&#8221;100&#8243; gutter_size=&#8221;3&#8243; overlay_alpha=&#8221;50&#8243; shift_x=&#8221;0&#8243; shift_y=&#8221;0&#8243; shift_y_down=&#8221;0&#8243; z_index=&#8221;0&#8243; medium_width=&#8221;0&#8243; mobile_width=&#8221;0&#8243; width=&#8221;1\/4&#8243;][vc_single_image media=&#8221;8078&#8243; media_width_percent=&#8221;100&#8243; shadow=&#8221;yes&#8221; shadow_weight=&#8221;xs&#8221; css_animation=&#8221;zoom-in&#8221; media_link=&#8221;url:https%3A%2F%2Fkontraktacja.larix.com.pl%2Fss2027%2Fviking%2Fkatalogi%2F|title:Katalogi||&#8221;][vc_custom_heading heading_semantic=&#8221;h4&#8243; text_size=&#8221;h1&#8243; text_weight=&#8221;300&#8243;]katalogi[\/vc_custom_heading][vc_button button_color=&#8221;color-594686&#8243; size=&#8221;btn-link&#8221; wide=&#8221;yes&#8221; text_skin=&#8221;yes&#8221; border_width=&#8221;0&#8243; icon_position=&#8221;right&#8221; icon=&#8221;fa fa-arrow-right2&#8243; el_class=&#8221;primary-link&#8221; link=&#8221;url:https%3A%2F%2Fkontraktacja.larix.com.pl%2Fss2027%2Fviking%2Fkatalogi%2F|title:Katalogi||&#8221;]zobacz[\/vc_button][\/vc_column_inner][vc_column_inner width=&#8221;1\/4&#8243;][vc_single_image media=&#8221;8079&#8243; media_width_percent=&#8221;100&#8243; shadow=&#8221;yes&#8221; shadow_weight=&#8221;xs&#8221; css_animation=&#8221;zoom-in&#8221; media_link=&#8221;url:https%3A%2F%2Fviking-europe.pixieset.com%2F|title:Technologie|target:_blank&#8221;][vc_custom_heading heading_semantic=&#8221;h4&#8243; text_size=&#8221;h1&#8243; text_weight=&#8221;300&#8243;]showroom[\/vc_custom_heading][vc_button button_color=&#8221;color-594686&#8243; size=&#8221;btn-link&#8221; wide=&#8221;yes&#8221; text_skin=&#8221;yes&#8221; border_width=&#8221;0&#8243; icon_position=&#8221;right&#8221; icon=&#8221;fa fa-arrow-right2&#8243; el_class=&#8221;primary-link&#8221; link=&#8221;url:https%3A%2F%2Fviking-europe.pixieset.com%2F|title:Technologie|target:_blank&#8221;]zobacz[\/vc_button][\/vc_column_inner][vc_column_inner width=&#8221;1\/4&#8243;][vc_single_image media=&#8221;282&#8243; media_width_percent=&#8221;100&#8243; css_animation=&#8221;zoom-in&#8221; media_link=&#8221;url:https%3A%2F%2Fkontraktacja.larix.com.pl\/ss2027%2Fviking%2Fzamowienie%2F|title:Zam%C3%B3wienie||&#8221;][vc_custom_heading heading_semantic=&#8221;h4&#8243; text_size=&#8221;h1&#8243; text_weight=&#8221;300&#8243;]zam\u00f3wienie[\/vc_custom_heading][vc_button button_color=&#8221;color-594686&#8243; size=&#8221;btn-link&#8221; wide=&#8221;yes&#8221; text_skin=&#8221;yes&#8221; border_width=&#8221;0&#8243; icon_position=&#8221;right&#8221; icon=&#8221;fa fa-arrow-right2&#8243; el_class=&#8221;primary-link&#8221; link=&#8221;url:https%3A%2F%2Fkontraktacja.larix.com.pl%2Fss2027%2Fviking%2Fzamowienie%2F|title:Zam%C3%B3wienie||&#8221;]zobacz[\/vc_button][\/vc_column_inner][vc_column_inner width=&#8221;1\/4&#8243;][vc_single_image media=&#8221;280&#8243; media_width_percent=&#8221;100&#8243; css_animation=&#8221;zoom-in&#8221; media_link=&#8221;url:https%3A%2F%2Fkontraktacja.larix.com.pl%2Fss2027%2Fviking%2Fwarunki-handlowe%2F|title:Warunki%20handlowe||&#8221;][vc_custom_heading heading_semantic=&#8221;h4&#8243; text_size=&#8221;h1&#8243; text_weight=&#8221;300&#8243;]warunki handlowe[\/vc_custom_heading][vc_button button_color=&#8221;color-594686&#8243; size=&#8221;btn-link&#8221; wide=&#8221;yes&#8221; text_skin=&#8221;yes&#8221; border_width=&#8221;0&#8243; icon_position=&#8221;right&#8221; icon=&#8221;fa fa-arrow-right2&#8243; el_class=&#8221;primary-link&#8221; link=&#8221;url:https%3A%2F%2Fkontraktacja.larix.com.pl%2Fss2027%2Fviking%2Fwarunki-handlowe%2F|title:Warunki%20handlowe||&#8221;]zobacz[\/vc_button][\/vc_column_inner][\/vc_row_inner][\/vc_column][\/vc_row][vc_row row_height_percent=&#8221;50&#8243; override_padding=&#8221;yes&#8221; h_padding=&#8221;2&#8243; top_padding=&#8221;5&#8243; bottom_padding=&#8221;5&#8243; overlay_alpha=&#8221;50&#8243; gutter_size=&#8221;3&#8243; column_width_percent=&#8221;100&#8243; shift_y=&#8221;0&#8243; z_index=&#8221;0&#8243;][vc_column column_width_use_pixel=&#8221;yes&#8221; position_vertical=&#8221;middle&#8221; align_horizontal=&#8221;align_center&#8221; gutter_size=&#8221;3&#8243; overlay_alpha=&#8221;50&#8243; shift_x=&#8221;0&#8243; shift_y=&#8221;0&#8243; shift_y_down=&#8221;0&#8243; z_index=&#8221;0&#8243; medium_width=&#8221;0&#8243; mobile_width=&#8221;0&#8243; width=&#8221;1\/1&#8243; column_width_pixel=&#8221;900&#8243;][vc_custom_heading heading_semantic=&#8221;h3&#8243; text_size=&#8221;fontsize-106533&#8243; subheading=&#8221;Zrodzeni z pasji do podr\u00f3\u017cowania, natury i sportu. Od samego pocz\u0105tku stawiamy na dob\u00f3r materia\u0142\u00f3w najwy\u017cszej jako\u015bci, technologie oraz design zgodny z najnowszymi trendami. Nasi projektanci po\u015bwi\u0119caj\u0105 sporo uwagi, aby nasze produkty oparte by\u0142y o zr\u00f3wnowa\u017cone rozwi\u0105zania. Praktyczna ekologia to kierunek, kt\u00f3ry obrali\u015bmy, aby nasze kolekcje rozwija\u0142y si\u0119 w spos\u00f3b zgodny z poszanowanie praw cz\u0142owieka oraz ogromnym szacunkiem do natury.<\/p>\n<p>Viking tworzony jest z my\u015bl\u0105 o entuzjastach sportu, mi\u0142o\u015bnikach podr\u00f3\u017cy, jak i zwyk\u0142ych amatorach outdoorowych aktywno\u015bci. W naszych produktach mo\u017cecie spotka\u0107 materia\u0142y oraz technologie \u015bwiatowych lider\u00f3w m.in.: GORE TEX\u00ae, PRIMALOFT\u00ae, POLARTEC\u00ae, THINSULATE\u2122, G-LOFT\u00ae czy BIONIC FINISH\u00aeECO. Wsp\u00f3\u0142praca z wiod\u0105cymi dostawcami pozwala nam tworzy\u0107 produkty, kt\u00f3re \u0142\u0105cz\u0105 w sobie: jako\u015b\u0107, komfort, ochron\u0119 oraz nowoczesny design. Wszystko to sprawia, \u017ce marka Viking z roku na rok rozwija si\u0119 i odnotowuje dynamiczny wzrost w bran\u017cy outdoorowej na ca\u0142ym \u015bwiecie.<\/p>\n<p>Obecnie odbiorcami produkt\u00f3w marki Viking s\u0105: Austria, Azerbejd\u017can, Belgia, Bia\u0142oru\u015b, Bu\u0142garia, Czechy, Estonia, Finlandia, Francja, Gruzja, Hiszpania, Holandia, Izrael, Kazachstan, Liban, Litwa, Mongolia, Niemcy, Rumunia, Serbia, S\u0142owacja, Stany Zjednoczone Ameryki, Szwajcaria, Ukraina, W\u0119gry, W\u0142ochy, Luksemburg, \u0141otwa, Mo\u0142dawia i Wielka Brytania.&#8221;]Viking \u2013 marka stworzona przez LARIX w 1996 roku[\/vc_custom_heading][\/vc_column][\/vc_row][vc_row][vc_column width=&#8221;1\/1&#8243;][vc_single_image media=&#8221;8080&#8243; media_width_percent=&#8221;100&#8243;][\/vc_column][\/vc_row][vc_row row_height_percent=&#8221;0&#8243; override_padding=&#8221;yes&#8221; h_padding=&#8221;2&#8243; top_padding=&#8221;2&#8243; bottom_padding=&#8221;2&#8243; overlay_alpha=&#8221;50&#8243; gutter_size=&#8221;4&#8243; column_width_percent=&#8221;100&#8243; shift_y=&#8221;0&#8243; z_index=&#8221;0&#8243;][vc_column column_width_percent=&#8221;100&#8243; gutter_size=&#8221;2&#8243; overlay_alpha=&#8221;50&#8243; shift_x=&#8221;0&#8243; shift_y=&#8221;0&#8243; shift_y_down=&#8221;0&#8243; z_index=&#8221;0&#8243; medium_width=&#8221;0&#8243; mobile_width=&#8221;0&#8243; width=&#8221;1\/1&#8243;][vc_row_inner row_inner_height_percent=&#8221;0&#8243; overlay_alpha=&#8221;50&#8243; gutter_size=&#8221;3&#8243; shift_y=&#8221;0&#8243; z_index=&#8221;0&#8243; limit_content=&#8221;&#8221; css=&#8221;.vc_custom_1596100844058{padding-top: 71px !important;}&#8221;][vc_column_inner column_width_percent=&#8221;100&#8243; gutter_size=&#8221;3&#8243; expand_height=&#8221;yes&#8221; overlay_alpha=&#8221;50&#8243; shift_x=&#8221;0&#8243; shift_y=&#8221;0&#8243; shift_y_down=&#8221;0&#8243; z_index=&#8221;0&#8243; medium_width=&#8221;0&#8243; mobile_width=&#8221;0&#8243; width=&#8221;1\/1&#8243; css=&#8221;.vc_custom_1595638311677{padding-top: 30px !important;}&#8221;][vc_custom_heading heading_semantic=&#8221;h3&#8243; text_size=&#8221;fontsize-106533&#8243;]<\/p>\n<div>Kontakt<\/div>\n<p>[\/vc_custom_heading][\/vc_column_inner][\/vc_row_inner][\/vc_column][\/vc_row][vc_row row_height_percent=&#8221;0&#8243; overlay_alpha=&#8221;50&#8243; gutter_size=&#8221;4&#8243; column_width_percent=&#8221;100&#8243; shift_y=&#8221;0&#8243; z_index=&#8221;0&#8243; css=&#8221;.vc_custom_1594802150188{margin-top: 72px !important;margin-bottom: 72px !important;}&#8221;][vc_column width=&#8221;1\/3&#8243;][vc_row_inner limit_content=&#8221;&#8221;][vc_column_inner width=&#8221;1\/4&#8243;][vc_single_image media=&#8221;1277&#8243; media_width_percent=&#8221;100&#8243; shape=&#8221;img-circle&#8221;][\/vc_column_inner][vc_column_inner width=&#8221;3\/4&#8243;][vc_column_text]<\/p>\n<h3>Janusz Kos<\/h3>\n<p>Przedstawiciel Handlowy<br \/>\ntel. <a href=\"tel:+48 695 584 010\">+48 695 584 010<\/a><br \/>\ne-mail: <a href=\"mailto:j.kos@larix.com.pl\">j.kos@larix.com.pl<\/a>[\/vc_column_text][vc_column_text]<strong style=\"color: #07316b;\">Wojew\u00f3dztwa:<\/strong><\/p>\n<p style=\"color: #07316b;\">opolskie, dolno\u015bl\u0105skie, lubuskie p\u0142d., wielkopolskie p\u0142d., \u015bl\u0105skie (na p\u0142n. od autostrady A4)<\/p>\n<p>[\/vc_column_text][\/vc_column_inner][\/vc_row_inner][\/vc_column][vc_column width=&#8221;1\/3&#8243;][vc_row_inner limit_content=&#8221;&#8221;][vc_column_inner width=&#8221;1\/4&#8243;][vc_single_image media=&#8221;7854&#8243; media_width_percent=&#8221;100&#8243; shape=&#8221;img-circle&#8221;][\/vc_column_inner][vc_column_inner width=&#8221;3\/4&#8243;][vc_column_text]<\/p>\n<h3>Wojciech Kotarski<\/h3>\n<p>Przedstawiciel Handlowy<br \/>\ntel. <a href=\"tel:+48 601 396 618\">+48 601 396 618<\/a><br \/>\ne-mail: <a href=\"mailto:w.kotarski@larix.com.pl\">w.kotarski@larix.com.pl<\/a>[\/vc_column_text][vc_column_text]<strong style=\"color: #07316b;\">Wojew\u00f3dztwa:<\/strong><\/p>\n<p style=\"color: #07316b;\">ma\u0142opolskie, podkarpackie, \u015bl\u0105skie (na p\u0142d. od autostrady A4)<\/p>\n<p>[\/vc_column_text][\/vc_column_inner][\/vc_row_inner][\/vc_column][vc_column width=&#8221;1\/3&#8243;][vc_row_inner limit_content=&#8221;&#8221;][vc_column_inner width=&#8221;1\/4&#8243;][vc_single_image media=&#8221;1278&#8243; media_width_percent=&#8221;100&#8243; shape=&#8221;img-circle&#8221;][\/vc_column_inner][vc_column_inner width=&#8221;3\/4&#8243;][vc_column_text]<\/p>\n<h3>Rafa\u0142 Chojnacki<\/h3>\n<p>Przedstawiciel Handlowy<br \/>\ntel. <a href=\"tel:+48 695 584 020\">+48 695 584 020<\/a><br \/>\ne-mail: <a href=\"mailto:r.chojancki@larix.com.pl\">r.chojnacki@larix.com.pl<\/a>[\/vc_column_text][vc_column_text]<strong style=\"color: #07316b;\">Wojew\u00f3dztwa:<\/strong><\/p>\n<p style=\"color: #07316b;\">pomorskie, kujawsko-pomorskie, zachodniopomorskie, lubuskie p\u0142n., wielkopolskie p\u0142n., warmi\u0144sko-mazurskie, mazowieckie p\u0142n., podlaskie<\/p>\n<p>[\/vc_column_text][\/vc_column_inner][\/vc_row_inner][\/vc_column][\/vc_row][vc_row row_height_percent=&#8221;0&#8243; overlay_alpha=&#8221;50&#8243; gutter_size=&#8221;3&#8243; column_width_percent=&#8221;100&#8243; shift_y=&#8221;0&#8243; z_index=&#8221;0&#8243; css=&#8221;.vc_custom_1594802161090{margin-top: 72px !important;margin-bottom: 72px !important;}&#8221;][vc_column width=&#8221;1\/3&#8243;][vc_row_inner limit_content=&#8221;&#8221;][vc_column_inner width=&#8221;1\/4&#8243;][vc_single_image media=&#8221;4981&#8243; media_width_percent=&#8221;100&#8243; shape=&#8221;img-circle&#8221;][\/vc_column_inner][vc_column_inner width=&#8221;3\/4&#8243;][vc_column_text]<\/p>\n<h3>Mateusz G\u00f3ra<\/h3>\n<p>Brand &amp; Export Manager<br \/>\ntel. <a href=\"tel:+48 663 986 745\">+48 663 986 745<\/a><br \/>\ne-mail: <a href=\"mailto:m.gora@viking-europe.com\">m.gora@viking-europe.com<\/a>[\/vc_column_text][\/vc_column_inner][\/vc_row_inner][\/vc_column][vc_column width=&#8221;1\/3&#8243;][vc_row_inner limit_content=&#8221;&#8221;][vc_column_inner width=&#8221;1\/4&#8243;][vc_single_image media=&#8221;6802&#8243; media_width_percent=&#8221;100&#8243; shape=&#8221;img-circle&#8221;][\/vc_column_inner][vc_column_inner width=&#8221;3\/4&#8243;][vc_column_text]<\/p>\n<h3>Pawe\u0142 Borek<\/h3>\n<p>Export Manager<br \/>\ntel. <a href=\"tel:+48 661 500 645\">+48 661 500 645<\/a><br \/>\ne-mail: <a href=\"mailto:p.borek@viking-europe.com\">p.borek@viking-europe.com<\/a>[\/vc_column_text][\/vc_column_inner][\/vc_row_inner][\/vc_column][vc_column width=&#8221;1\/3&#8243;][vc_row_inner limit_content=&#8221;&#8221;][vc_column_inner width=&#8221;1\/4&#8243;][vc_single_image media=&#8221;8082&#8243; media_width_percent=&#8221;100&#8243; shape=&#8221;img-circle&#8221;][\/vc_column_inner][vc_column_inner width=&#8221;3\/4&#8243;][vc_column_text]<\/p>\n<h3>Barbara Ko\u0142aszewska<\/h3>\n<p>Junior Brand &amp; Export Manager<br \/>\ntel. <a href=\"tel:+48 697 787 309\">+48 697 787 309<\/a><br \/>\ne-mail: <a href=\"mailto:b.kolaszewska@viking-europe.com\">b.kolaszewska@viking-europe.com<\/a>[\/vc_column_text][\/vc_column_inner][\/vc_row_inner][\/vc_column][\/vc_row][vc_row][vc_column width=&#8221;1\/1&#8243;][vc_custom_heading heading_semantic=&#8221;h3&#8243; text_size=&#8221;fontsize-106533&#8243;]Kontakt do dzia\u0142u B2B[\/vc_custom_heading][\/vc_column][\/vc_row][vc_row row_height_percent=&#8221;0&#8243; overlay_alpha=&#8221;50&#8243; gutter_size=&#8221;4&#8243; column_width_percent=&#8221;100&#8243; shift_y=&#8221;0&#8243; z_index=&#8221;0&#8243; css=&#8221;.vc_custom_1594802150188{margin-top: 72px !important;margin-bottom: 72px !important;}&#8221;][vc_column width=&#8221;1\/3&#8243;][vc_row_inner limit_content=&#8221;&#8221;][vc_column_inner width=&#8221;1\/4&#8243;][vc_single_image media=&#8221;3014&#8243; media_width_percent=&#8221;100&#8243; shape=&#8221;img-circle&#8221;][\/vc_column_inner][vc_column_inner width=&#8221;3\/4&#8243;][vc_column_text]<\/p>\n<h3>Leszek Kozieniec<\/h3>\n<p>Manager B2B<br \/>\nSektor mundurowy<br \/>\ntel. <a href=\"tel:+48 697 208 020\">+48 697 208 020<\/a><br \/>\ne-mail: <a href=\"mailto:b2b2@larix.com.pl\">b2b2@larix.com.pl<\/a>[\/vc_column_text][\/vc_column_inner][\/vc_row_inner][\/vc_column][vc_column width=&#8221;1\/3&#8243;][vc_row_inner limit_content=&#8221;&#8221;][vc_column_inner width=&#8221;1\/4&#8243;][vc_single_image media=&#8221;7926&#8243; media_width_percent=&#8221;100&#8243; shape=&#8221;img-circle&#8221;][\/vc_column_inner][vc_column_inner width=&#8221;3\/4&#8243;][vc_column_text]<\/p>\n<h3>Magdalena Moras<\/h3>\n<p>Specjalista ds. sprzeda\u017cy<br \/>\ntel. <a href=\"tel:+48 693 906 772\">+48 693 906 772<\/a><br \/>\ne-mail: <a href=\"mailto:m.moras@larix.com.pl\">m.moras@larix.com.pl<\/a>[\/vc_column_text][\/vc_column_inner][\/vc_row_inner][\/vc_column][vc_column width=&#8221;1\/3&#8243;][vc_row_inner limit_content=&#8221;&#8221;][vc_column_inner width=&#8221;1\/4&#8243;][vc_single_image media=&#8221;7830&#8243; media_width_percent=&#8221;100&#8243; shape=&#8221;img-circle&#8221;][\/vc_column_inner][vc_column_inner width=&#8221;3\/4&#8243;][vc_column_text]<\/p>\n<h3>Wawrzyniec Talik<\/h3>\n<p>Specjalista ds. sprzeda\u017cy<br \/>\ntel. <a href=\"tel:+48 601 834 407\">+48 601 834 407<\/a><br \/>\ne-mail: <a href=\"mailto:w.talik@larix.com.pl\">w.talik@larix.com.pl<\/a>[\/vc_column_text][\/vc_column_inner][\/vc_row_inner][\/vc_column][\/vc_row]<\/p>\n<\/section>","protected":false},"excerpt":{"rendered":"<p>[vc_row row_height_percent=&#8221;0&#8243; override_padding=&#8221;yes&#8221; h_padding=&#8221;2&#8243; top_padding=&#8221;1&#8243; bottom_padding=&#8221;1&#8243; overlay_alpha=&#8221;50&#8243; gutter_size=&#8221;4&#8243; column_width_percent=&#8221;100&#8243; shift_y=&#8221;0&#8243; z_index=&#8221;0&#8243; css=&#8221;.vc_custom_1593758519641{padding-bottom: 200px !important;}&#8221;][vc_column column_width_percent=&#8221;100&#8243; position_horizontal=&#8221;left&#8221; gutter_size=&#8221;2&#8243; overlay_alpha=&#8221;50&#8243; shift_x=&#8221;0&#8243; shift_y=&#8221;0&#8243; [&hellip;]<\/p>\n","protected":false},"author":17,"featured_media":0,"parent":0,"menu_order":0,"comment_status":"closed","ping_status":"closed","template":"","meta":[],"_links":{"self":[{"href":"https:\/\/kontraktacja.larix.com.pl\/ss2027\/wp-json\/wp\/v2\/pages\/973"}],"collection":[{"href":"https:\/\/kontraktacja.larix.com.pl\/ss2027\/wp-json\/wp\/v2\/pages"}],"about":[{"href":"https:\/\/kontraktacja.larix.com.pl\/ss2027\/wp-json\/wp\/v2\/types\/page"}],"author":[{"embeddable":true,"href":"https:\/\/kontraktacja.larix.com.pl\/ss2027\/wp-json\/wp\/v2\/users\/17"}],"replies":[{"embeddable":true,"href":"https:\/\/kontraktacja.larix.com.pl\/ss2027\/wp-json\/wp\/v2\/comments?post=973"}],"version-history":[{"count":92,"href":"https:\/\/kontraktacja.larix.com.pl\/ss2027\/wp-json\/wp\/v2\/pages\/973\/revisions"}],"predecessor-version":[{"id":8085,"href":"https:\/\/kontraktacja.larix.com.pl\/ss2027\/wp-json\/wp\/v2\/pages\/973\/revisions\/8085"}],"wp:attachment":[{"href":"https:\/\/kontraktacja.larix.com.pl\/ss2027\/wp-json\/wp\/v2\/media?parent=973"}],"curies":[{"name":"wp","href":"https:\/\/api.w.org\/{rel}","templated":true}]}}